{"id":10613,"date":"2025-10-09T00:00:00","date_gmt":"2025-10-08T22:00:00","guid":{"rendered":"https:\/\/yotavis.ch\/product\/it6010c-80-300\/"},"modified":"2026-04-24T13:43:52","modified_gmt":"2026-04-24T11:43:52","slug":"it6010c-80-300","status":"publish","type":"product","link":"https:\/\/yotavis.ch\/de\/produkt\/it6010c-80-300\/","title":{"rendered":"IT6010C-80-300"},"content":{"rendered":"<p>Das IT6010C-80-300 ist ein bidirektionales DC-Netzteil mit einer Ausgangsleistung von 10.000 Watt. Es arbeitet mit einer maximalen Spannung von 80 Volt und kann einen Strom von bis zu 300 Ampere liefern. Dieses Modell verf\u00fcgt \u00fcber einen einzigen Ausgangskanal und ist in einem 3U-Formfaktor ausgef\u00fchrt. Das Ger\u00e4t unterst\u00fctzt Fernsteuerungsfunktionen, die eine komfortable Bedienung und Integration in automatisierte Systeme erm\u00f6glichen. Der von ITECH hergestellte IT6010C-80-300 eignet sich f\u00fcr Anwendungen, die ein pr\u00e4zises und zuverl\u00e4ssiges DC-Power-Management erfordern. Durch seine bidirektionale F\u00e4higkeit, sowohl Strom zu liefern als auch zu sinken, ist er vielseitig f\u00fcr verschiedene Test- und Entwicklungsszenarien einsetzbar. Die Kombination aus hohen Leistungs-, Spannungs- und Stromwerten stellt sicher, dass es anspruchsvolle elektrische Lasten bew\u00e4ltigen kann.<\/p>","protected":false},"excerpt":{"rendered":"<p>80V\/300A\/10kW Bidirektionales DC-Netzteil, 3U<\/p>","protected":false},"featured_media":11257,"comment_status":"closed","ping_status":"closed","template":"","meta":{"_acf_changed":false,"slim_seo":{"title":"IT6010C-80-300 - YOTAVIS AG","description":"80V\/300A\/10kW Bidirektionales DC-Netzteil, 3U"}},"product_brand":[822],"product_cat":[546,515],"product_tag":[],"class_list":{"0":"post-10613","1":"product","2":"type-product","3":"status-publish","4":"has-post-thumbnail","6":"product_brand-itech","7":"product_cat-dc-2-quadrants-en","8":"product_cat-power-en","9":"pa_current-a-636","10":"pa_output-number-146","11":"pa_power-w-940","12":"pa_remote-control-yes","13":"pa_voltage-v-155","15":"first","16":"instock","17":"taxable","18":"shipping-taxable","19":"product-type-simple"},"acf":[],"_links":{"self":[{"href":"https:\/\/yotavis.ch\/de\/wp-json\/wp\/v2\/product\/10613","targetHints":{"allow":["GET"]}}],"collection":[{"href":"https:\/\/yotavis.ch\/de\/wp-json\/wp\/v2\/product"}],"about":[{"href":"https:\/\/yotavis.ch\/de\/wp-json\/wp\/v2\/types\/product"}],"replies":[{"embeddable":true,"href":"https:\/\/yotavis.ch\/de\/wp-json\/wp\/v2\/comments?post=10613"}],"wp:featuredmedia":[{"embeddable":true,"href":"https:\/\/yotavis.ch\/de\/wp-json\/wp\/v2\/media\/11257"}],"wp:attachment":[{"href":"https:\/\/yotavis.ch\/de\/wp-json\/wp\/v2\/media?parent=10613"}],"wp:term":[{"taxonomy":"product_brand","embeddable":true,"href":"https:\/\/yotavis.ch\/de\/wp-json\/wp\/v2\/product_brand?post=10613"},{"taxonomy":"product_cat","embeddable":true,"href":"https:\/\/yotavis.ch\/de\/wp-json\/wp\/v2\/product_cat?post=10613"},{"taxonomy":"product_tag","embeddable":true,"href":"https:\/\/yotavis.ch\/de\/wp-json\/wp\/v2\/product_tag?post=10613"}],"curies":[{"name":"wp","href":"https:\/\/api.w.org\/{rel}","templated":true}]}}