{"id":10615,"date":"2025-10-09T00:00:00","date_gmt":"2025-10-08T22:00:00","guid":{"rendered":"https:\/\/yotavis.ch\/product\/it6015c-80-450slave\/"},"modified":"2026-04-24T13:43:52","modified_gmt":"2026-04-24T11:43:52","slug":"it6015c-80-450slave","status":"publish","type":"product","link":"https:\/\/yotavis.ch\/de\/produkt\/it6015c-80-450slave\/","title":{"rendered":"IT6015C-80-450Slave"},"content":{"rendered":"<p>Das ITECH IT6015C-80-450Slave ist ein bidirektionales Gleichstromnetzteil, das eine Spannung von 80 V und einen Strom von 2040 A bei einer Ausgangsleistung von 120.000 W liefert. Dieses Modell arbeitet als Slave-Einheit und verf\u00fcgt \u00fcber einen einzigen Ausgangskanal. Es ist in einem 3U-Formfaktor untergebracht und eignet sich daher f\u00fcr die Rackmontage in verschiedenen Industrie- und Laborumgebungen. Das Netzteil unterst\u00fctzt die Fernsteuerungsfunktionalit\u00e4t und erm\u00f6glicht so eine komfortable Bedienung und Integration in automatisierte Systeme. Dank der hohen Stromkapazit\u00e4t und der gro\u00dfen Nennleistung ist dieses Ger\u00e4t f\u00fcr anspruchsvolle Anwendungen geeignet, die eine pr\u00e4zise und zuverl\u00e4ssige DC-Stromversorgung erfordern. Das Design legt Wert auf robuste Leistung und Flexibilit\u00e4t bei der Energieverwaltung.<\/p>","protected":false},"excerpt":{"rendered":"<p>80V\/450A\/15kW Bidirektionales DC-Netzteil, 3U, SLAVE<\/p>","protected":false},"featured_media":12289,"comment_status":"closed","ping_status":"closed","template":"","meta":{"_acf_changed":false,"slim_seo":{"title":"IT6015C-80-450Slave - YOTAVIS AG","description":"80V\/450A\/15kW Bidirektionales DC-Netzteil, 3U, SLAVE"}},"product_brand":[822],"product_cat":[546,515],"product_tag":[],"class_list":{"0":"post-10615","1":"product","2":"type-product","3":"status-publish","4":"has-post-thumbnail","6":"product_brand-itech","7":"product_cat-dc-2-quadrants-en","8":"product_cat-power-en","9":"pa_current-a-950","10":"pa_output-number-146","11":"pa_power-w-949","12":"pa_remote-control-yes","13":"pa_voltage-v-155","15":"first","16":"instock","17":"taxable","18":"shipping-taxable","19":"product-type-simple"},"acf":[],"_links":{"self":[{"href":"https:\/\/yotavis.ch\/de\/wp-json\/wp\/v2\/product\/10615","targetHints":{"allow":["GET"]}}],"collection":[{"href":"https:\/\/yotavis.ch\/de\/wp-json\/wp\/v2\/product"}],"about":[{"href":"https:\/\/yotavis.ch\/de\/wp-json\/wp\/v2\/types\/product"}],"replies":[{"embeddable":true,"href":"https:\/\/yotavis.ch\/de\/wp-json\/wp\/v2\/comments?post=10615"}],"wp:featuredmedia":[{"embeddable":true,"href":"https:\/\/yotavis.ch\/de\/wp-json\/wp\/v2\/media\/12289"}],"wp:attachment":[{"href":"https:\/\/yotavis.ch\/de\/wp-json\/wp\/v2\/media?parent=10615"}],"wp:term":[{"taxonomy":"product_brand","embeddable":true,"href":"https:\/\/yotavis.ch\/de\/wp-json\/wp\/v2\/product_brand?post=10615"},{"taxonomy":"product_cat","embeddable":true,"href":"https:\/\/yotavis.ch\/de\/wp-json\/wp\/v2\/product_cat?post=10615"},{"taxonomy":"product_tag","embeddable":true,"href":"https:\/\/yotavis.ch\/de\/wp-json\/wp\/v2\/product_tag?post=10615"}],"curies":[{"name":"wp","href":"https:\/\/api.w.org\/{rel}","templated":true}]}}