{"id":10617,"date":"2025-10-09T00:00:00","date_gmt":"2025-10-08T22:00:00","guid":{"rendered":"https:\/\/yotavis.ch\/product\/it6012c-300-150\/"},"modified":"2026-04-24T13:43:53","modified_gmt":"2026-04-24T11:43:53","slug":"it6012c-300-150","status":"publish","type":"product","link":"https:\/\/yotavis.ch\/de\/produkt\/it6012c-300-150\/","title":{"rendered":"IT6012C-300-150"},"content":{"rendered":"<p>Das ITECH IT6012C-300-150 ist ein bidirektionales DC-Netzteil mit einer Ausgangsleistung von 12.000 Watt. Es arbeitet mit einer Spannung von 300 Volt und kann einen Strom von bis zu 150 Ampere liefern. Dieses Modell verf\u00fcgt \u00fcber einen einzigen Ausgangskanal und ist in einem 3U-Formfaktor untergebracht. Es verf\u00fcgt \u00fcber eine Fernsteuerungsfunktion, die einen bequemen Betrieb und die Integration in automatisierte Systeme erm\u00f6glicht. Das Netzteil ist f\u00fcr einen bidirektionalen Stromfluss ausgelegt und eignet sich daher f\u00fcr Anwendungen, die sowohl eine Leistungsaufnahme als auch eine Leistungsabgabe erfordern. Seine robusten Spezifikationen unterst\u00fctzen hohe Leistungsanforderungen bei gleichzeitiger pr\u00e4ziser Kontrolle von Spannung und Strom. Das Ger\u00e4t wurde entwickelt, um die Anforderungen verschiedener Industrie- und Laborumgebungen zu erf\u00fcllen, in denen eine zuverl\u00e4ssige Gleichstromversorgung unerl\u00e4sslich ist.<\/p>","protected":false},"excerpt":{"rendered":"<p>300V\/150A\/12kW Bidirektionales DC-Netzteil, 3U<\/p>","protected":false},"featured_media":11257,"comment_status":"closed","ping_status":"closed","template":"","meta":{"_acf_changed":false,"slim_seo":{"title":"IT6012C-300-150 - YOTAVIS AG","description":"300V\/150A\/12kW Bidirektionales DC-Netzteil, 3U"}},"product_brand":[822],"product_cat":[546,515],"product_tag":[],"class_list":{"0":"post-10617","1":"product","2":"type-product","3":"status-publish","4":"has-post-thumbnail","6":"product_brand-itech","7":"product_cat-dc-2-quadrants-en","8":"product_cat-power-en","9":"pa_current-a-569","10":"pa_output-number-146","11":"pa_power-w-628","12":"pa_remote-control-yes","13":"pa_voltage-v-624","15":"first","16":"instock","17":"taxable","18":"shipping-taxable","19":"product-type-simple"},"acf":[],"_links":{"self":[{"href":"https:\/\/yotavis.ch\/de\/wp-json\/wp\/v2\/product\/10617","targetHints":{"allow":["GET"]}}],"collection":[{"href":"https:\/\/yotavis.ch\/de\/wp-json\/wp\/v2\/product"}],"about":[{"href":"https:\/\/yotavis.ch\/de\/wp-json\/wp\/v2\/types\/product"}],"replies":[{"embeddable":true,"href":"https:\/\/yotavis.ch\/de\/wp-json\/wp\/v2\/comments?post=10617"}],"wp:featuredmedia":[{"embeddable":true,"href":"https:\/\/yotavis.ch\/de\/wp-json\/wp\/v2\/media\/11257"}],"wp:attachment":[{"href":"https:\/\/yotavis.ch\/de\/wp-json\/wp\/v2\/media?parent=10617"}],"wp:term":[{"taxonomy":"product_brand","embeddable":true,"href":"https:\/\/yotavis.ch\/de\/wp-json\/wp\/v2\/product_brand?post=10617"},{"taxonomy":"product_cat","embeddable":true,"href":"https:\/\/yotavis.ch\/de\/wp-json\/wp\/v2\/product_cat?post=10617"},{"taxonomy":"product_tag","embeddable":true,"href":"https:\/\/yotavis.ch\/de\/wp-json\/wp\/v2\/product_tag?post=10617"}],"curies":[{"name":"wp","href":"https:\/\/api.w.org\/{rel}","templated":true}]}}