{"id":10626,"date":"2025-10-09T00:00:00","date_gmt":"2025-10-08T22:00:00","guid":{"rendered":"https:\/\/yotavis.ch\/product\/it6018c-500-120\/"},"modified":"2026-04-24T13:43:55","modified_gmt":"2026-04-24T11:43:55","slug":"it6018c-500-120","status":"publish","type":"product","link":"https:\/\/yotavis.ch\/de\/produkt\/it6018c-500-120\/","title":{"rendered":"IT6018C-500-120"},"content":{"rendered":"<p>Das ITECH IT6018C-500-120 ist ein bidirektionales Gleichstromnetzteil, das eine maximale Ausgangsleistung von 18.000 Watt liefert. Es arbeitet mit einer Spannung von 500 Volt und kann einen Strom von bis zu 120 Ampere liefern. Dieses Modell verf\u00fcgt \u00fcber einen einzigen Ausgangskanal, der eine gezielte Leistungsabgabe erm\u00f6glicht. Das Ger\u00e4t ist in einem 3U-Formfaktor untergebracht und eignet sich daher f\u00fcr die Rackmontage in verschiedenen Aufbauten. Es verf\u00fcgt \u00fcber eine Fernsteuerungsfunktion, die es dem Benutzer erm\u00f6glicht, das Netzger\u00e4t aus der Ferne zu bedienen, um es bequem und sicher zu machen. Dank der Kombination aus hohen Spannungs- und Stromwerten eignet sich dieses Netzteil f\u00fcr anspruchsvolle Anwendungen, die eine pr\u00e4zise und zuverl\u00e4ssige Gleichstromversorgung erfordern. Dank seiner bidirektionalen Funktionalit\u00e4t kann es sowohl als Stromquelle als auch als Stromsenke dienen, was f\u00fcr Test- und Simulationsaufgaben mit Energier\u00fcckgewinnung oder regenerativen Prozessen unerl\u00e4sslich ist.<\/p>","protected":false},"excerpt":{"rendered":"<p>500V\/120A\/18kW Bidirektionales DC-Netzteil, 3U<\/p>","protected":false},"featured_media":11257,"comment_status":"closed","ping_status":"closed","template":"","meta":{"_acf_changed":false,"slim_seo":{"title":"IT6018C-500-120 - YOTAVIS AG","description":"500V\/120A\/18kW Bidirektionales DC-Netzteil, 3U"}},"product_brand":[822],"product_cat":[546,515],"product_tag":[],"class_list":{"0":"post-10626","1":"product","2":"type-product","3":"status-publish","4":"has-post-thumbnail","6":"product_brand-itech","7":"product_cat-dc-2-quadrants-en","8":"product_cat-power-en","9":"pa_current-a-559","10":"pa_output-number-146","11":"pa_power-w-629","12":"pa_remote-control-yes","13":"pa_voltage-v-604","15":"first","16":"instock","17":"taxable","18":"shipping-taxable","19":"product-type-simple"},"acf":[],"_links":{"self":[{"href":"https:\/\/yotavis.ch\/de\/wp-json\/wp\/v2\/product\/10626","targetHints":{"allow":["GET"]}}],"collection":[{"href":"https:\/\/yotavis.ch\/de\/wp-json\/wp\/v2\/product"}],"about":[{"href":"https:\/\/yotavis.ch\/de\/wp-json\/wp\/v2\/types\/product"}],"replies":[{"embeddable":true,"href":"https:\/\/yotavis.ch\/de\/wp-json\/wp\/v2\/comments?post=10626"}],"wp:featuredmedia":[{"embeddable":true,"href":"https:\/\/yotavis.ch\/de\/wp-json\/wp\/v2\/media\/11257"}],"wp:attachment":[{"href":"https:\/\/yotavis.ch\/de\/wp-json\/wp\/v2\/media?parent=10626"}],"wp:term":[{"taxonomy":"product_brand","embeddable":true,"href":"https:\/\/yotavis.ch\/de\/wp-json\/wp\/v2\/product_brand?post=10626"},{"taxonomy":"product_cat","embeddable":true,"href":"https:\/\/yotavis.ch\/de\/wp-json\/wp\/v2\/product_cat?post=10626"},{"taxonomy":"product_tag","embeddable":true,"href":"https:\/\/yotavis.ch\/de\/wp-json\/wp\/v2\/product_tag?post=10626"}],"curies":[{"name":"wp","href":"https:\/\/api.w.org\/{rel}","templated":true}]}}