{"id":10629,"date":"2025-10-09T00:00:00","date_gmt":"2025-10-08T22:00:00","guid":{"rendered":"https:\/\/yotavis.ch\/product\/it6012c-800-40\/"},"modified":"2026-03-02T16:38:59","modified_gmt":"2026-03-02T15:38:59","slug":"it6012c-800-40","status":"publish","type":"product","link":"https:\/\/yotavis.ch\/de\/produkt\/it6012c-800-40\/","title":{"rendered":"IT6012C-800-40"},"content":{"rendered":"<p>Das ITECH IT6012C-800-40 ist ein Leistungsger\u00e4t, das f\u00fcr Gleichstromanwendungen mit zwei Quadranten ausgelegt ist. Es verf\u00fcgt \u00fcber einen einzigen Ausgang und liefert eine Leistung von bis zu 12.000 Watt bei einer maximalen Spannung von 800 Volt und einer Stromst\u00e4rke von 40 Ampere. Das Ger\u00e4t verf\u00fcgt \u00fcber pr\u00e4zise Steuerungsm\u00f6glichkeiten, die sich f\u00fcr verschiedene Test- und Simulationsaufgaben eignen. Es ist ideal f\u00fcr Industrie- und Laborumgebungen und unterst\u00fctzt ein effizientes Energiemanagement und dynamische Lastbedingungen. Seine fortschrittlichen Funktionen gew\u00e4hrleisten zuverl\u00e4ssige Leistung und Anpassungsf\u00e4higkeit in komplexen Energieszenarien.<\/p>","protected":false},"excerpt":{"rendered":"<p>800V\/40A\/12kW Bidirektionales DC-Netzteil, 3U<\/p>","protected":false},"featured_media":11257,"comment_status":"closed","ping_status":"closed","template":"","meta":{"_acf_changed":false,"slim_seo":{"title":"IT6012C-800-40 - YOTAVIS AG","description":"800V\/40A\/12kW Bidirektionales DC-Netzteil, 3U"}},"product_brand":[822],"product_cat":[546,515],"product_tag":[],"class_list":{"0":"post-10629","1":"product","2":"type-product","3":"status-publish","4":"has-post-thumbnail","6":"product_brand-itech","7":"product_cat-dc-2-quadrants-en","8":"product_cat-power-en","9":"pa_current-a-550","10":"pa_output-number-146","11":"pa_power-w-628","12":"pa_voltage-v-319","14":"first","15":"instock","16":"taxable","17":"shipping-taxable","18":"product-type-simple"},"acf":[],"_links":{"self":[{"href":"https:\/\/yotavis.ch\/de\/wp-json\/wp\/v2\/product\/10629","targetHints":{"allow":["GET"]}}],"collection":[{"href":"https:\/\/yotavis.ch\/de\/wp-json\/wp\/v2\/product"}],"about":[{"href":"https:\/\/yotavis.ch\/de\/wp-json\/wp\/v2\/types\/product"}],"replies":[{"embeddable":true,"href":"https:\/\/yotavis.ch\/de\/wp-json\/wp\/v2\/comments?post=10629"}],"wp:featuredmedia":[{"embeddable":true,"href":"https:\/\/yotavis.ch\/de\/wp-json\/wp\/v2\/media\/11257"}],"wp:attachment":[{"href":"https:\/\/yotavis.ch\/de\/wp-json\/wp\/v2\/media?parent=10629"}],"wp:term":[{"taxonomy":"product_brand","embeddable":true,"href":"https:\/\/yotavis.ch\/de\/wp-json\/wp\/v2\/product_brand?post=10629"},{"taxonomy":"product_cat","embeddable":true,"href":"https:\/\/yotavis.ch\/de\/wp-json\/wp\/v2\/product_cat?post=10629"},{"taxonomy":"product_tag","embeddable":true,"href":"https:\/\/yotavis.ch\/de\/wp-json\/wp\/v2\/product_tag?post=10629"}],"curies":[{"name":"wp","href":"https:\/\/api.w.org\/{rel}","templated":true}]}}