{"id":10630,"date":"2025-10-09T00:00:00","date_gmt":"2025-10-08T22:00:00","guid":{"rendered":"https:\/\/yotavis.ch\/product\/it6018c-800-60\/"},"modified":"2026-03-02T16:38:59","modified_gmt":"2026-03-02T15:38:59","slug":"it6018c-800-60","status":"publish","type":"product","link":"https:\/\/yotavis.ch\/de\/produkt\/it6018c-800-60\/","title":{"rendered":"IT6018C-800-60"},"content":{"rendered":"<p>Das ITECH IT6018C-800-60 ist ein Leistungsger\u00e4t, das f\u00fcr DC-2-Quadranten-Anwendungen entwickelt wurde. Es hat eine Leistung von 18.000 Watt und arbeitet mit einer Spannung von bis zu 800 Volt und einem Strom von 60 Ampere. Das Ger\u00e4t verf\u00fcgt \u00fcber einen einzigen Ausgang, der eine konzentrierte und zuverl\u00e4ssige Leistung gew\u00e4hrleistet. Es eignet sich ideal f\u00fcr Umgebungen, die eine pr\u00e4zise Steuerung des Stromflusses in beide Richtungen erfordern, und unterst\u00fctzt komplexe Pr\u00fcf- und Betriebsanforderungen. Seine fortschrittlichen Funktionen erm\u00f6glichen ein effizientes Energiemanagement und einen robusten Betrieb unter anspruchsvollen Bedingungen.<\/p>","protected":false},"excerpt":{"rendered":"<p>800V\/60A\/18kW Bidirektionales DC-Netzteil, 3U<\/p>","protected":false},"featured_media":11257,"comment_status":"closed","ping_status":"closed","template":"","meta":{"_acf_changed":false,"slim_seo":{"title":"IT6018C-800-60 - YOTAVIS AG","description":"800V\/60A\/18kW Bidirektionales DC-Netzteil, 3U"}},"product_brand":[822],"product_cat":[546,515],"product_tag":[],"class_list":{"0":"post-10630","1":"product","2":"type-product","3":"status-publish","4":"has-post-thumbnail","6":"product_brand-itech","7":"product_cat-dc-2-quadrants-en","8":"product_cat-power-en","9":"pa_current-a-406","10":"pa_output-number-146","11":"pa_power-w-629","12":"pa_voltage-v-319","14":"first","15":"instock","16":"taxable","17":"shipping-taxable","18":"product-type-simple"},"acf":[],"_links":{"self":[{"href":"https:\/\/yotavis.ch\/de\/wp-json\/wp\/v2\/product\/10630","targetHints":{"allow":["GET"]}}],"collection":[{"href":"https:\/\/yotavis.ch\/de\/wp-json\/wp\/v2\/product"}],"about":[{"href":"https:\/\/yotavis.ch\/de\/wp-json\/wp\/v2\/types\/product"}],"replies":[{"embeddable":true,"href":"https:\/\/yotavis.ch\/de\/wp-json\/wp\/v2\/comments?post=10630"}],"wp:featuredmedia":[{"embeddable":true,"href":"https:\/\/yotavis.ch\/de\/wp-json\/wp\/v2\/media\/11257"}],"wp:attachment":[{"href":"https:\/\/yotavis.ch\/de\/wp-json\/wp\/v2\/media?parent=10630"}],"wp:term":[{"taxonomy":"product_brand","embeddable":true,"href":"https:\/\/yotavis.ch\/de\/wp-json\/wp\/v2\/product_brand?post=10630"},{"taxonomy":"product_cat","embeddable":true,"href":"https:\/\/yotavis.ch\/de\/wp-json\/wp\/v2\/product_cat?post=10630"},{"taxonomy":"product_tag","embeddable":true,"href":"https:\/\/yotavis.ch\/de\/wp-json\/wp\/v2\/product_tag?post=10630"}],"curies":[{"name":"wp","href":"https:\/\/api.w.org\/{rel}","templated":true}]}}