{"id":10643,"date":"2025-10-09T00:00:00","date_gmt":"2025-10-08T22:00:00","guid":{"rendered":"https:\/\/yotavis.ch\/product\/it6018c-2250-25slave\/"},"modified":"2026-04-24T13:44:00","modified_gmt":"2026-04-24T11:44:00","slug":"it6018c-2250-25slave","status":"publish","type":"product","link":"https:\/\/yotavis.ch\/de\/produkt\/it6018c-2250-25slave\/","title":{"rendered":"IT6018C-2250-25Slave"},"content":{"rendered":"<p>Das ITECH IT6018C-2250-25Slave ist ein bidirektionales DC-Netzteil, das eine Spannung von 2250V und einen Strom von 25A mit einer Leistung von 18kW liefert. Dieses Modell arbeitet in einem 3U-Formfaktor und fungiert als Slave-Einheit. Es verf\u00fcgt \u00fcber einen einzigen Ausgangskanal und unterst\u00fctzt Fernsteuerungsfunktionen, die einen bequemen Betrieb und die Integration in gr\u00f6\u00dfere Systeme erm\u00f6glichen. Die Nennleistung dieses Ger\u00e4ts betr\u00e4gt 144000 W, was auf seine F\u00e4higkeit hinweist, gro\u00dfe elektrische Lasten zu bew\u00e4ltigen. Das Ger\u00e4t wurde entwickelt, um eine zuverl\u00e4ssige und pr\u00e4zise Leistungsabgabe in Anwendungen zu gew\u00e4hrleisten, die einen bidirektionalen Stromfluss erfordern. Sein Design unterst\u00fctzt hohe Spannungs- und Stromspezifikationen, wodurch es sich f\u00fcr anspruchsvolle Industrie- oder Laborumgebungen eignet. Das IT6018C-2250-25Slave ist Teil der ITECH-Markenreihe, die f\u00fcr die Herstellung spezialisierter Stromversorgungsger\u00e4te bekannt ist.<\/p>","protected":false},"excerpt":{"rendered":"<p>2250V\/25A\/18kW Bidirektionales DC-Netzteil, 3U, SLAVE<\/p>","protected":false},"featured_media":12289,"comment_status":"closed","ping_status":"closed","template":"","meta":{"_acf_changed":false,"slim_seo":{"title":"IT6018C-2250-25Slave - YOTAVIS AG","description":"2250V\/25A\/18kW Bidirektionales DC-Netzteil, 3U, SLAVE"}},"product_brand":[822],"product_cat":[546,515],"product_tag":[],"class_list":{"0":"post-10643","1":"product","2":"type-product","3":"status-publish","4":"has-post-thumbnail","6":"product_brand-itech","7":"product_cat-dc-2-quadrants-en","8":"product_cat-power-en","9":"pa_current-a-480","10":"pa_output-number-146","11":"pa_power-w-945","12":"pa_remote-control-yes","13":"pa_voltage-v-948","15":"first","16":"instock","17":"taxable","18":"shipping-taxable","19":"product-type-simple"},"acf":[],"_links":{"self":[{"href":"https:\/\/yotavis.ch\/de\/wp-json\/wp\/v2\/product\/10643","targetHints":{"allow":["GET"]}}],"collection":[{"href":"https:\/\/yotavis.ch\/de\/wp-json\/wp\/v2\/product"}],"about":[{"href":"https:\/\/yotavis.ch\/de\/wp-json\/wp\/v2\/types\/product"}],"replies":[{"embeddable":true,"href":"https:\/\/yotavis.ch\/de\/wp-json\/wp\/v2\/comments?post=10643"}],"wp:featuredmedia":[{"embeddable":true,"href":"https:\/\/yotavis.ch\/de\/wp-json\/wp\/v2\/media\/12289"}],"wp:attachment":[{"href":"https:\/\/yotavis.ch\/de\/wp-json\/wp\/v2\/media?parent=10643"}],"wp:term":[{"taxonomy":"product_brand","embeddable":true,"href":"https:\/\/yotavis.ch\/de\/wp-json\/wp\/v2\/product_brand?post=10643"},{"taxonomy":"product_cat","embeddable":true,"href":"https:\/\/yotavis.ch\/de\/wp-json\/wp\/v2\/product_cat?post=10643"},{"taxonomy":"product_tag","embeddable":true,"href":"https:\/\/yotavis.ch\/de\/wp-json\/wp\/v2\/product_tag?post=10643"}],"curies":[{"name":"wp","href":"https:\/\/api.w.org\/{rel}","templated":true}]}}