{"id":10646,"date":"2025-10-09T00:00:00","date_gmt":"2025-10-08T22:00:00","guid":{"rendered":"https:\/\/yotavis.ch\/product\/it6015b-80-360\/"},"modified":"2026-03-02T16:38:45","modified_gmt":"2026-03-02T15:38:45","slug":"it6015b-80-360","status":"publish","type":"product","link":"https:\/\/yotavis.ch\/de\/produkt\/it6015b-80-360\/","title":{"rendered":"IT6015B-80-360"},"content":{"rendered":"<p>Die ITECH IT6015B-80-360 ist eine Gleichstromquelle, die f\u00fcr eine zuverl\u00e4ssige Leistung mit einem einzigen Ausgang entwickelt wurde. Mit einer Leistungskapazit\u00e4t von 15.000 Watt arbeitet sie mit bis zu 80 Volt und 360 Ampere und ist damit f\u00fcr anspruchsvolle Anwendungen geeignet. Das Ger\u00e4t verf\u00fcgt \u00fcber eine pr\u00e4zise Steuerung und stabile Ausgangscharakteristiken, um verschiedene Pr\u00fcf- und Entwicklungsanforderungen zu unterst\u00fctzen. Es eignet sich ideal f\u00fcr Industrie- und Laborumgebungen und gew\u00e4hrleistet eine konsistente Stromversorgung f\u00fcr komplexe Systeme. Seine fortschrittlichen Funktionen erm\u00f6glichen ein effizientes Energiemanagement und eine genaue Spannungs- und Stromregelung.<\/p>","protected":false},"excerpt":{"rendered":"<p>80V\/360A\/15kW Regeneratives DC-Stromversorgungssystem, 3U<\/p>","protected":false},"featured_media":11261,"comment_status":"closed","ping_status":"closed","template":"","meta":{"_acf_changed":false,"slim_seo":{"title":"IT6015B-80-360 - YOTAVIS AG","description":"80V\/360A\/15kW Regeneratives DC-Stromversorgungssystem, 3U"}},"product_brand":[822],"product_cat":[516,515],"product_tag":[],"class_list":{"0":"post-10646","1":"product","2":"type-product","3":"status-publish","4":"has-post-thumbnail","6":"product_brand-itech","7":"product_cat-dc-source-en","8":"product_cat-power-en","9":"pa_current-a-638","10":"pa_output-number-146","11":"pa_power-w-941","12":"pa_voltage-v-155","14":"first","15":"instock","16":"taxable","17":"shipping-taxable","18":"product-type-simple"},"acf":[],"_links":{"self":[{"href":"https:\/\/yotavis.ch\/de\/wp-json\/wp\/v2\/product\/10646","targetHints":{"allow":["GET"]}}],"collection":[{"href":"https:\/\/yotavis.ch\/de\/wp-json\/wp\/v2\/product"}],"about":[{"href":"https:\/\/yotavis.ch\/de\/wp-json\/wp\/v2\/types\/product"}],"replies":[{"embeddable":true,"href":"https:\/\/yotavis.ch\/de\/wp-json\/wp\/v2\/comments?post=10646"}],"wp:featuredmedia":[{"embeddable":true,"href":"https:\/\/yotavis.ch\/de\/wp-json\/wp\/v2\/media\/11261"}],"wp:attachment":[{"href":"https:\/\/yotavis.ch\/de\/wp-json\/wp\/v2\/media?parent=10646"}],"wp:term":[{"taxonomy":"product_brand","embeddable":true,"href":"https:\/\/yotavis.ch\/de\/wp-json\/wp\/v2\/product_brand?post=10646"},{"taxonomy":"product_cat","embeddable":true,"href":"https:\/\/yotavis.ch\/de\/wp-json\/wp\/v2\/product_cat?post=10646"},{"taxonomy":"product_tag","embeddable":true,"href":"https:\/\/yotavis.ch\/de\/wp-json\/wp\/v2\/product_tag?post=10646"}],"curies":[{"name":"wp","href":"https:\/\/api.w.org\/{rel}","templated":true}]}}