{"id":10647,"date":"2025-10-09T00:00:00","date_gmt":"2025-10-08T22:00:00","guid":{"rendered":"https:\/\/yotavis.ch\/product\/it6015b-80-360slave\/"},"modified":"2026-03-02T16:38:45","modified_gmt":"2026-03-02T15:38:45","slug":"it6015b-80-360slave","status":"publish","type":"product","link":"https:\/\/yotavis.ch\/de\/produkt\/it6015b-80-360slave\/","title":{"rendered":"IT6015B-80-360Slave"},"content":{"rendered":"<p>Die ITECH IT6015B-80-360Slave ist eine Gleichstromquelle f\u00fcr Leistungsanwendungen. Sie verf\u00fcgt \u00fcber eine Leistung von 15.000 Watt und arbeitet mit einer Spannung von 80 Volt und einem Strom von 360 Ampere. Das Ger\u00e4t verf\u00fcgt \u00fcber einen einzigen Ausgang und eignet sich daher f\u00fcr eine pr\u00e4zise und kontrollierte Leistungsabgabe. Es ist ideal f\u00fcr industrielle Test- und Entwicklungsumgebungen und unterst\u00fctzt anspruchsvolle elektrische Anforderungen. Seine fortschrittlichen Funktionen gew\u00e4hrleisten eine stabile und zuverl\u00e4ssige Leistung unter verschiedenen Lastbedingungen.<\/p>","protected":false},"excerpt":{"rendered":"<p>80V\/360A\/15kW Regeneratives DC-Stromversorgungssystem, 3U, SLAVE<\/p>","protected":false},"featured_media":12289,"comment_status":"closed","ping_status":"closed","template":"","meta":{"_acf_changed":false,"slim_seo":{"title":"IT6015B-80-360Slave - YOTAVIS AG","description":"80V\/360A\/15kW Regeneratives DC-Stromversorgungssystem, 3U, SLAVE"}},"product_brand":[822],"product_cat":[516,515],"product_tag":[],"class_list":{"0":"post-10647","1":"product","2":"type-product","3":"status-publish","4":"has-post-thumbnail","6":"product_brand-itech","7":"product_cat-dc-source-en","8":"product_cat-power-en","9":"pa_current-a-638","10":"pa_output-number-146","11":"pa_power-w-941","12":"pa_voltage-v-155","14":"first","15":"instock","16":"taxable","17":"shipping-taxable","18":"product-type-simple"},"acf":[],"_links":{"self":[{"href":"https:\/\/yotavis.ch\/de\/wp-json\/wp\/v2\/product\/10647","targetHints":{"allow":["GET"]}}],"collection":[{"href":"https:\/\/yotavis.ch\/de\/wp-json\/wp\/v2\/product"}],"about":[{"href":"https:\/\/yotavis.ch\/de\/wp-json\/wp\/v2\/types\/product"}],"replies":[{"embeddable":true,"href":"https:\/\/yotavis.ch\/de\/wp-json\/wp\/v2\/comments?post=10647"}],"wp:featuredmedia":[{"embeddable":true,"href":"https:\/\/yotavis.ch\/de\/wp-json\/wp\/v2\/media\/12289"}],"wp:attachment":[{"href":"https:\/\/yotavis.ch\/de\/wp-json\/wp\/v2\/media?parent=10647"}],"wp:term":[{"taxonomy":"product_brand","embeddable":true,"href":"https:\/\/yotavis.ch\/de\/wp-json\/wp\/v2\/product_brand?post=10647"},{"taxonomy":"product_cat","embeddable":true,"href":"https:\/\/yotavis.ch\/de\/wp-json\/wp\/v2\/product_cat?post=10647"},{"taxonomy":"product_tag","embeddable":true,"href":"https:\/\/yotavis.ch\/de\/wp-json\/wp\/v2\/product_tag?post=10647"}],"curies":[{"name":"wp","href":"https:\/\/api.w.org\/{rel}","templated":true}]}}