{"id":10649,"date":"2025-10-09T00:00:00","date_gmt":"2025-10-08T22:00:00","guid":{"rendered":"https:\/\/yotavis.ch\/product\/it6010b-80-300\/"},"modified":"2026-04-24T13:44:01","modified_gmt":"2026-04-24T11:44:01","slug":"it6010b-80-300","status":"publish","type":"product","link":"https:\/\/yotavis.ch\/de\/produkt\/it6010b-80-300\/","title":{"rendered":"IT6010B-80-300"},"content":{"rendered":"<p>Das IT6010B-80-300 ist ein regeneratives Gleichstromsystem mit einer Ausgangsleistung von 10.000 Watt. Es arbeitet mit einer Spannung von 80 Volt und kann einen Strom von bis zu 300 Ampere liefern. Dieses Modell verf\u00fcgt \u00fcber einen einzigen Ausgangskanal und ist in einem kompakten 3U-Formfaktor ausgef\u00fchrt. Das System unterst\u00fctzt die Fernsteuerungsfunktionalit\u00e4t, was eine bequeme Bedienung und Integration in verschiedene Setups erm\u00f6glicht. Das von ITECH hergestellte IT6010B-80-300 wurde f\u00fcr ein effizientes Energiemanagement mit R\u00fcckspeisef\u00e4higkeit entwickelt. Aufgrund seiner Spezifikationen eignet er sich f\u00fcr Anwendungen, die eine stabile Gleichstromversorgung mit hohen Str\u00f6men erfordern. Die Kombination seiner Spannungs-, Strom- und Leistungswerte stellt sicher, dass es anspruchsvolle elektrische Lasten bei gleichbleibender Leistung bew\u00e4ltigen kann.<\/p>","protected":false},"excerpt":{"rendered":"<p>80V\/300A\/10kW Regeneratives DC-Stromversorgungssystem, 3U<\/p>","protected":false},"featured_media":11261,"comment_status":"closed","ping_status":"closed","template":"","meta":{"_acf_changed":false,"slim_seo":{"title":"IT6010B-80-300 - YOTAVIS AG","description":"80V\/300A\/10kW Regeneratives DC-Stromversorgungssystem, 3U"}},"product_brand":[822],"product_cat":[516,515],"product_tag":[],"class_list":{"0":"post-10649","1":"product","2":"type-product","3":"status-publish","4":"has-post-thumbnail","6":"product_brand-itech","7":"product_cat-dc-source-en","8":"product_cat-power-en","9":"pa_current-a-636","10":"pa_output-number-146","11":"pa_power-w-940","12":"pa_remote-control-yes","13":"pa_voltage-v-155","15":"first","16":"instock","17":"taxable","18":"shipping-taxable","19":"product-type-simple"},"acf":[],"_links":{"self":[{"href":"https:\/\/yotavis.ch\/de\/wp-json\/wp\/v2\/product\/10649","targetHints":{"allow":["GET"]}}],"collection":[{"href":"https:\/\/yotavis.ch\/de\/wp-json\/wp\/v2\/product"}],"about":[{"href":"https:\/\/yotavis.ch\/de\/wp-json\/wp\/v2\/types\/product"}],"replies":[{"embeddable":true,"href":"https:\/\/yotavis.ch\/de\/wp-json\/wp\/v2\/comments?post=10649"}],"wp:featuredmedia":[{"embeddable":true,"href":"https:\/\/yotavis.ch\/de\/wp-json\/wp\/v2\/media\/11261"}],"wp:attachment":[{"href":"https:\/\/yotavis.ch\/de\/wp-json\/wp\/v2\/media?parent=10649"}],"wp:term":[{"taxonomy":"product_brand","embeddable":true,"href":"https:\/\/yotavis.ch\/de\/wp-json\/wp\/v2\/product_brand?post=10649"},{"taxonomy":"product_cat","embeddable":true,"href":"https:\/\/yotavis.ch\/de\/wp-json\/wp\/v2\/product_cat?post=10649"},{"taxonomy":"product_tag","embeddable":true,"href":"https:\/\/yotavis.ch\/de\/wp-json\/wp\/v2\/product_tag?post=10649"}],"curies":[{"name":"wp","href":"https:\/\/api.w.org\/{rel}","templated":true}]}}