{"id":10651,"date":"2025-10-09T00:00:00","date_gmt":"2025-10-08T22:00:00","guid":{"rendered":"https:\/\/yotavis.ch\/product\/it6015b-80-450slave\/"},"modified":"2026-04-24T13:44:01","modified_gmt":"2026-04-24T11:44:01","slug":"it6015b-80-450slave","status":"publish","type":"product","link":"https:\/\/yotavis.ch\/de\/produkt\/it6015b-80-450slave\/","title":{"rendered":"IT6015B-80-450Slave"},"content":{"rendered":"<p>Das IT6015B-80-450Slave ist ein regeneratives Gleichstromsystem, das f\u00fcr den Betrieb bei 80 Volt und eine Stromst\u00e4rke von 2040 Ampere ausgelegt ist. Es hat eine Nennleistung von 120.000 Watt und verf\u00fcgt \u00fcber einen einzigen Ausgangskanal. Das System ist in einem kompakten 3U-Formfaktor untergebracht und wird als Slave-Einheit bezeichnet. Es verf\u00fcgt \u00fcber eine Fernsteuerungsfunktion, die einen bequemen Betrieb und die Integration in gr\u00f6\u00dfere Anlagen erm\u00f6glicht. Dieses Modell geh\u00f6rt zur Produktpalette der Marke ITECH, die f\u00fcr ihre Pr\u00e4zision und Zuverl\u00e4ssigkeit bei Stromversorgungssystemen bekannt ist. Das Ger\u00e4t ist mit seinen hohen Strom- und Spannungsspezifikationen f\u00fcr Hochleistungsanwendungen ausgelegt. Sein regeneratives Design erm\u00f6glicht eine effiziente Energienutzung und eine m\u00f6gliche Energier\u00fcckgewinnung w\u00e4hrend des Betriebs.<\/p>","protected":false},"excerpt":{"rendered":"<p>80V\/450A\/15kW Regeneratives DC-Stromversorgungssystem, 3U, SLAVE<\/p>","protected":false},"featured_media":12289,"comment_status":"closed","ping_status":"closed","template":"","meta":{"_acf_changed":false,"slim_seo":{"title":"IT6015B-80-450Slave - YOTAVIS AG","description":"80V\/450A\/15kW Regeneratives DC-Stromversorgungssystem, 3U, SLAVE"}},"product_brand":[822],"product_cat":[516,515],"product_tag":[],"class_list":{"0":"post-10651","1":"product","2":"type-product","3":"status-publish","4":"has-post-thumbnail","6":"product_brand-itech","7":"product_cat-dc-source-en","8":"product_cat-power-en","9":"pa_current-a-950","10":"pa_output-number-146","11":"pa_power-w-949","12":"pa_remote-control-yes","13":"pa_voltage-v-155","15":"first","16":"instock","17":"taxable","18":"shipping-taxable","19":"product-type-simple"},"acf":[],"_links":{"self":[{"href":"https:\/\/yotavis.ch\/de\/wp-json\/wp\/v2\/product\/10651","targetHints":{"allow":["GET"]}}],"collection":[{"href":"https:\/\/yotavis.ch\/de\/wp-json\/wp\/v2\/product"}],"about":[{"href":"https:\/\/yotavis.ch\/de\/wp-json\/wp\/v2\/types\/product"}],"replies":[{"embeddable":true,"href":"https:\/\/yotavis.ch\/de\/wp-json\/wp\/v2\/comments?post=10651"}],"wp:featuredmedia":[{"embeddable":true,"href":"https:\/\/yotavis.ch\/de\/wp-json\/wp\/v2\/media\/12289"}],"wp:attachment":[{"href":"https:\/\/yotavis.ch\/de\/wp-json\/wp\/v2\/media?parent=10651"}],"wp:term":[{"taxonomy":"product_brand","embeddable":true,"href":"https:\/\/yotavis.ch\/de\/wp-json\/wp\/v2\/product_brand?post=10651"},{"taxonomy":"product_cat","embeddable":true,"href":"https:\/\/yotavis.ch\/de\/wp-json\/wp\/v2\/product_cat?post=10651"},{"taxonomy":"product_tag","embeddable":true,"href":"https:\/\/yotavis.ch\/de\/wp-json\/wp\/v2\/product_tag?post=10651"}],"curies":[{"name":"wp","href":"https:\/\/api.w.org\/{rel}","templated":true}]}}