{"id":10655,"date":"2025-10-09T00:00:00","date_gmt":"2025-10-08T22:00:00","guid":{"rendered":"https:\/\/yotavis.ch\/product\/it6018b-300-225s\/"},"modified":"2026-03-02T16:38:38","modified_gmt":"2026-03-02T15:38:38","slug":"it6018b-300-225slave","status":"publish","type":"product","link":"https:\/\/yotavis.ch\/de\/produkt\/it6018b-300-225slave\/","title":{"rendered":"IT6018B-300-225Slave"},"content":{"rendered":"<p>Die ITECH IT6018B-300-225Slave ist eine Gleichstromquelle, die f\u00fcr eine zuverl\u00e4ssige Leistung mit einem einzigen Ausgang entwickelt wurde. Mit einer maximalen Leistungskapazit\u00e4t von 18.000 Watt arbeitet sie mit bis zu 300 Volt und 225 Ampere und ist damit f\u00fcr anspruchsvolle Anwendungen geeignet. Das Ger\u00e4t verf\u00fcgt \u00fcber eine pr\u00e4zise Spannungs- und Stromregelung, um eine stabile und gleichm\u00e4\u00dfige Leistung zu gew\u00e4hrleisten. Es eignet sich ideal f\u00fcr industrielle Test- und Entwicklungsumgebungen und unterst\u00fctzt eine breite Palette von Leistungsanforderungen. Seine fortschrittlichen Funktionen erm\u00f6glichen ein effizientes Energiemanagement und einen robusten Betrieb unter verschiedenen Lastbedingungen.<\/p>","protected":false},"excerpt":{"rendered":"<p>300V\/225A\/18kW Regeneratives DC-Stromversorgungssystem, 3U, SLAVE<\/p>","protected":false},"featured_media":12289,"comment_status":"closed","ping_status":"closed","template":"","meta":{"_acf_changed":false,"slim_seo":{"title":"IT6018B-300-225Slave - YOTAVIS AG","description":"300V\/225A\/18kW Regeneratives DC-Stromversorgungssystem, 3U, SLAVE"}},"product_brand":[822],"product_cat":[516,515],"product_tag":[],"class_list":{"0":"post-10655","1":"product","2":"type-product","3":"status-publish","4":"has-post-thumbnail","6":"product_brand-itech","7":"product_cat-dc-source-en","8":"product_cat-power-en","9":"pa_current-a-944","10":"pa_output-number-146","11":"pa_power-w-629","12":"pa_voltage-v-624","14":"first","15":"instock","16":"taxable","17":"shipping-taxable","18":"product-type-simple"},"acf":[],"_links":{"self":[{"href":"https:\/\/yotavis.ch\/de\/wp-json\/wp\/v2\/product\/10655","targetHints":{"allow":["GET"]}}],"collection":[{"href":"https:\/\/yotavis.ch\/de\/wp-json\/wp\/v2\/product"}],"about":[{"href":"https:\/\/yotavis.ch\/de\/wp-json\/wp\/v2\/types\/product"}],"replies":[{"embeddable":true,"href":"https:\/\/yotavis.ch\/de\/wp-json\/wp\/v2\/comments?post=10655"}],"wp:featuredmedia":[{"embeddable":true,"href":"https:\/\/yotavis.ch\/de\/wp-json\/wp\/v2\/media\/12289"}],"wp:attachment":[{"href":"https:\/\/yotavis.ch\/de\/wp-json\/wp\/v2\/media?parent=10655"}],"wp:term":[{"taxonomy":"product_brand","embeddable":true,"href":"https:\/\/yotavis.ch\/de\/wp-json\/wp\/v2\/product_brand?post=10655"},{"taxonomy":"product_cat","embeddable":true,"href":"https:\/\/yotavis.ch\/de\/wp-json\/wp\/v2\/product_cat?post=10655"},{"taxonomy":"product_tag","embeddable":true,"href":"https:\/\/yotavis.ch\/de\/wp-json\/wp\/v2\/product_tag?post=10655"}],"curies":[{"name":"wp","href":"https:\/\/api.w.org\/{rel}","templated":true}]}}