{"id":10657,"date":"2025-10-09T00:00:00","date_gmt":"2025-10-08T22:00:00","guid":{"rendered":"https:\/\/yotavis.ch\/product\/it6012b-500-60\/"},"modified":"2026-03-02T16:38:38","modified_gmt":"2026-03-02T15:38:38","slug":"it6012b-500-60","status":"publish","type":"product","link":"https:\/\/yotavis.ch\/de\/produkt\/it6012b-500-60\/","title":{"rendered":"IT6012B-500-60"},"content":{"rendered":"<p>Die ITECH IT6012B-500-60 ist eine Gleichstromquelle, die f\u00fcr eine zuverl\u00e4ssige Leistung mit einem einzigen Ausgang entwickelt wurde. Mit einer Leistung von 12.000 Watt arbeitet sie mit Spannungen bis zu 500 Volt und Str\u00f6men bis zu 60 Ampere. Das Ger\u00e4t verf\u00fcgt \u00fcber pr\u00e4zise Kontrollmechanismen, die eine stabile und konsistente Leistung gew\u00e4hrleisten und f\u00fcr verschiedene Test- und Entwicklungsanwendungen geeignet sind. Es ist ideal f\u00fcr Umgebungen, die eine robuste Gleichstromversorgung erfordern, und unterst\u00fctzt anspruchsvolle elektrische Lasten mit Effizienz. Seine fortschrittlichen Funktionen erm\u00f6glichen eine genaue Spannungs- und Stromregelung und machen es zu einem vielseitigen Werkzeug f\u00fcr den professionellen Einsatz.<\/p>","protected":false},"excerpt":{"rendered":"<p>500V\/60A\/12kW Regeneratives DC-Stromversorgungssystem, 3U<\/p>","protected":false},"featured_media":11261,"comment_status":"closed","ping_status":"closed","template":"","meta":{"_acf_changed":false,"slim_seo":{"title":"IT6012B-500-60 - YOTAVIS AG","description":"500V\/60A\/12kW Regeneratives DC-Stromversorgungssystem, 3U"}},"product_brand":[822],"product_cat":[516,515],"product_tag":[],"class_list":{"0":"post-10657","1":"product","2":"type-product","3":"status-publish","4":"has-post-thumbnail","6":"product_brand-itech","7":"product_cat-dc-source-en","8":"product_cat-power-en","9":"pa_current-a-406","10":"pa_output-number-146","11":"pa_power-w-628","12":"pa_voltage-v-604","14":"first","15":"instock","16":"taxable","17":"shipping-taxable","18":"product-type-simple"},"acf":[],"_links":{"self":[{"href":"https:\/\/yotavis.ch\/de\/wp-json\/wp\/v2\/product\/10657","targetHints":{"allow":["GET"]}}],"collection":[{"href":"https:\/\/yotavis.ch\/de\/wp-json\/wp\/v2\/product"}],"about":[{"href":"https:\/\/yotavis.ch\/de\/wp-json\/wp\/v2\/types\/product"}],"replies":[{"embeddable":true,"href":"https:\/\/yotavis.ch\/de\/wp-json\/wp\/v2\/comments?post=10657"}],"wp:featuredmedia":[{"embeddable":true,"href":"https:\/\/yotavis.ch\/de\/wp-json\/wp\/v2\/media\/11261"}],"wp:attachment":[{"href":"https:\/\/yotavis.ch\/de\/wp-json\/wp\/v2\/media?parent=10657"}],"wp:term":[{"taxonomy":"product_brand","embeddable":true,"href":"https:\/\/yotavis.ch\/de\/wp-json\/wp\/v2\/product_brand?post=10657"},{"taxonomy":"product_cat","embeddable":true,"href":"https:\/\/yotavis.ch\/de\/wp-json\/wp\/v2\/product_cat?post=10657"},{"taxonomy":"product_tag","embeddable":true,"href":"https:\/\/yotavis.ch\/de\/wp-json\/wp\/v2\/product_tag?post=10657"}],"curies":[{"name":"wp","href":"https:\/\/api.w.org\/{rel}","templated":true}]}}