{"id":10658,"date":"2025-10-09T00:00:00","date_gmt":"2025-10-08T22:00:00","guid":{"rendered":"https:\/\/yotavis.ch\/product\/it6018b-500-90\/"},"modified":"2026-03-02T16:38:38","modified_gmt":"2026-03-02T15:38:38","slug":"it6018b-500-90","status":"publish","type":"product","link":"https:\/\/yotavis.ch\/de\/produkt\/it6018b-500-90\/","title":{"rendered":"IT6018B-500-90"},"content":{"rendered":"<p>Das ITECH IT6018B-500-90 ist ein Stromversorgungsger\u00e4t, das als Gleichstromquelle konzipiert ist. Es verf\u00fcgt \u00fcber einen einzigen Ausgang und liefert bis zu 500 Volt und 90 Ampere mit einer Leistung von 18.000 Watt. Das Ger\u00e4t verf\u00fcgt \u00fcber eine pr\u00e4zise Spannungs- und Stromregelung und eignet sich daher f\u00fcr verschiedene Pr\u00fcf- und Industrieanwendungen. Es ist ideal f\u00fcr Umgebungen, die eine stabile und zuverl\u00e4ssige Gleichstromversorgung erfordern, und unterst\u00fctzt anspruchsvolle Betriebsbedingungen. Seine fortschrittlichen Funktionen gew\u00e4hrleisten eine konstante Leistung und ein effizientes Energiemanagement.<\/p>","protected":false},"excerpt":{"rendered":"<p>500V\/90A\/18kW Regeneratives DC-Stromversorgungssystem, 3U<\/p>","protected":false},"featured_media":11261,"comment_status":"closed","ping_status":"closed","template":"","meta":{"_acf_changed":false,"slim_seo":{"title":"IT6018B-500-90 - YOTAVIS AG","description":"500V\/90A\/18kW Regeneratives DC-Stromversorgungssystem, 3U"}},"product_brand":[822],"product_cat":[516,515],"product_tag":[],"class_list":{"0":"post-10658","1":"product","2":"type-product","3":"status-publish","4":"has-post-thumbnail","6":"product_brand-itech","7":"product_cat-dc-source-en","8":"product_cat-power-en","9":"pa_current-a-408","10":"pa_output-number-146","11":"pa_power-w-629","12":"pa_voltage-v-604","14":"first","15":"instock","16":"taxable","17":"shipping-taxable","18":"product-type-simple"},"acf":[],"_links":{"self":[{"href":"https:\/\/yotavis.ch\/de\/wp-json\/wp\/v2\/product\/10658","targetHints":{"allow":["GET"]}}],"collection":[{"href":"https:\/\/yotavis.ch\/de\/wp-json\/wp\/v2\/product"}],"about":[{"href":"https:\/\/yotavis.ch\/de\/wp-json\/wp\/v2\/types\/product"}],"replies":[{"embeddable":true,"href":"https:\/\/yotavis.ch\/de\/wp-json\/wp\/v2\/comments?post=10658"}],"wp:featuredmedia":[{"embeddable":true,"href":"https:\/\/yotavis.ch\/de\/wp-json\/wp\/v2\/media\/11261"}],"wp:attachment":[{"href":"https:\/\/yotavis.ch\/de\/wp-json\/wp\/v2\/media?parent=10658"}],"wp:term":[{"taxonomy":"product_brand","embeddable":true,"href":"https:\/\/yotavis.ch\/de\/wp-json\/wp\/v2\/product_brand?post=10658"},{"taxonomy":"product_cat","embeddable":true,"href":"https:\/\/yotavis.ch\/de\/wp-json\/wp\/v2\/product_cat?post=10658"},{"taxonomy":"product_tag","embeddable":true,"href":"https:\/\/yotavis.ch\/de\/wp-json\/wp\/v2\/product_tag?post=10658"}],"curies":[{"name":"wp","href":"https:\/\/api.w.org\/{rel}","templated":true}]}}