{"id":10667,"date":"2025-10-09T00:00:00","date_gmt":"2025-10-08T22:00:00","guid":{"rendered":"https:\/\/yotavis.ch\/product\/it6018b-800-60slave\/"},"modified":"2026-03-02T16:38:31","modified_gmt":"2026-03-02T15:38:31","slug":"it6018b-800-60slave","status":"publish","type":"product","link":"https:\/\/yotavis.ch\/de\/produkt\/it6018b-800-60slave\/","title":{"rendered":"IT6018B-800-60Slave"},"content":{"rendered":"<p>Die ITECH IT6018B-800-60Slave ist eine Gleichstromquelle f\u00fcr Stromanwendungen. Sie verf\u00fcgt \u00fcber eine Leistung von 18.000 Watt und arbeitet mit einer Spannung von bis zu 800 Volt und einem Strom von 60 Ampere. Das Ger\u00e4t verf\u00fcgt \u00fcber einen einzigen Ausgang, der eine pr\u00e4zise Steuerung und stabile Leistung erm\u00f6glicht. Es ist ideal f\u00fcr Test- und Entwicklungsumgebungen, die eine zuverl\u00e4ssige Gleichstromversorgung erfordern. Seine fortschrittlichen Funktionen gew\u00e4hrleisten eine konstante Leistung und einen effizienten Betrieb unter anspruchsvollen Bedingungen.<\/p>","protected":false},"excerpt":{"rendered":"<p>800V\/60A\/18kW Regeneratives DC-Stromversorgungssystem, 3U, SLAVE<\/p>","protected":false},"featured_media":12289,"comment_status":"closed","ping_status":"closed","template":"","meta":{"_acf_changed":false,"slim_seo":{"title":"IT6018B-800-60Slave - YOTAVIS AG","description":"800V\/60A\/18kW Regeneratives DC-Stromversorgungssystem, 3U, SLAVE"}},"product_brand":[822],"product_cat":[516,515],"product_tag":[],"class_list":{"0":"post-10667","1":"product","2":"type-product","3":"status-publish","4":"has-post-thumbnail","6":"product_brand-itech","7":"product_cat-dc-source-en","8":"product_cat-power-en","9":"pa_current-a-406","10":"pa_output-number-146","11":"pa_power-w-629","12":"pa_voltage-v-319","14":"first","15":"instock","16":"taxable","17":"shipping-taxable","18":"product-type-simple"},"acf":[],"_links":{"self":[{"href":"https:\/\/yotavis.ch\/de\/wp-json\/wp\/v2\/product\/10667","targetHints":{"allow":["GET"]}}],"collection":[{"href":"https:\/\/yotavis.ch\/de\/wp-json\/wp\/v2\/product"}],"about":[{"href":"https:\/\/yotavis.ch\/de\/wp-json\/wp\/v2\/types\/product"}],"replies":[{"embeddable":true,"href":"https:\/\/yotavis.ch\/de\/wp-json\/wp\/v2\/comments?post=10667"}],"wp:featuredmedia":[{"embeddable":true,"href":"https:\/\/yotavis.ch\/de\/wp-json\/wp\/v2\/media\/12289"}],"wp:attachment":[{"href":"https:\/\/yotavis.ch\/de\/wp-json\/wp\/v2\/media?parent=10667"}],"wp:term":[{"taxonomy":"product_brand","embeddable":true,"href":"https:\/\/yotavis.ch\/de\/wp-json\/wp\/v2\/product_brand?post=10667"},{"taxonomy":"product_cat","embeddable":true,"href":"https:\/\/yotavis.ch\/de\/wp-json\/wp\/v2\/product_cat?post=10667"},{"taxonomy":"product_tag","embeddable":true,"href":"https:\/\/yotavis.ch\/de\/wp-json\/wp\/v2\/product_tag?post=10667"}],"curies":[{"name":"wp","href":"https:\/\/api.w.org\/{rel}","templated":true}]}}