{"id":10669,"date":"2025-10-09T00:00:00","date_gmt":"2025-10-08T22:00:00","guid":{"rendered":"https:\/\/yotavis.ch\/product\/it6012b-800-50\/"},"modified":"2026-04-24T13:44:04","modified_gmt":"2026-04-24T11:44:04","slug":"it6012b-800-50","status":"publish","type":"product","link":"https:\/\/yotavis.ch\/de\/produkt\/it6012b-800-50\/","title":{"rendered":"IT6012B-800-50"},"content":{"rendered":"<p>Das ITECH IT6012B-800-50 ist ein regeneratives Gleichstromsystem, das eine Ausgangsleistung von 12.000 Watt liefert. Es arbeitet mit einer Spannung von 800 Volt und einem Strom von 50 Ampere und eignet sich damit f\u00fcr Anwendungen, die eine hohe Leistung und eine pr\u00e4zise Steuerung erfordern. Das System ist in einem kompakten 3U-Formfaktor untergebracht, der eine effiziente Nutzung des Platzes in verschiedenen Aufbauten erm\u00f6glicht. Es verf\u00fcgt \u00fcber einen einzigen Ausgangskanal, der eine gezielte Leistungsabgabe f\u00fcr spezifische Anforderungen erm\u00f6glicht. Das System ist fernbedienbar, so dass es aus der Ferne bedient und in automatisierte Prozesse integriert werden kann. Dieses Modell unterst\u00fctzt regenerative Funktionen, die die Energieeffizienz durch R\u00fcckspeisung der Energie in die Quelle verbessern k\u00f6nnen. Die Kombination aus hohen Spannungs-, Strom- und Leistungswerten macht das IT6012B-800-50 zu einer robusten L\u00f6sung f\u00fcr anspruchsvolle elektrische Pr\u00fcf- und Stromversorgungsanwendungen.<\/p>","protected":false},"excerpt":{"rendered":"<p>800V\/50A\/12kW Regeneratives DC-Stromversorgungssystem, 3U<\/p>","protected":false},"featured_media":11261,"comment_status":"closed","ping_status":"closed","template":"","meta":{"_acf_changed":false,"slim_seo":{"title":"IT6012B-800-50 - YOTAVIS AG","description":"800V\/50A\/12kW Regeneratives DC-Stromversorgungssystem, 3U"}},"product_brand":[822],"product_cat":[516,515],"product_tag":[],"class_list":{"0":"post-10669","1":"product","2":"type-product","3":"status-publish","4":"has-post-thumbnail","6":"product_brand-itech","7":"product_cat-dc-source-en","8":"product_cat-power-en","9":"pa_current-a-402","10":"pa_output-number-146","11":"pa_power-w-628","12":"pa_remote-control-yes","13":"pa_voltage-v-319","15":"first","16":"instock","17":"taxable","18":"shipping-taxable","19":"product-type-simple"},"acf":[],"_links":{"self":[{"href":"https:\/\/yotavis.ch\/de\/wp-json\/wp\/v2\/product\/10669","targetHints":{"allow":["GET"]}}],"collection":[{"href":"https:\/\/yotavis.ch\/de\/wp-json\/wp\/v2\/product"}],"about":[{"href":"https:\/\/yotavis.ch\/de\/wp-json\/wp\/v2\/types\/product"}],"replies":[{"embeddable":true,"href":"https:\/\/yotavis.ch\/de\/wp-json\/wp\/v2\/comments?post=10669"}],"wp:featuredmedia":[{"embeddable":true,"href":"https:\/\/yotavis.ch\/de\/wp-json\/wp\/v2\/media\/11261"}],"wp:attachment":[{"href":"https:\/\/yotavis.ch\/de\/wp-json\/wp\/v2\/media?parent=10669"}],"wp:term":[{"taxonomy":"product_brand","embeddable":true,"href":"https:\/\/yotavis.ch\/de\/wp-json\/wp\/v2\/product_brand?post=10669"},{"taxonomy":"product_cat","embeddable":true,"href":"https:\/\/yotavis.ch\/de\/wp-json\/wp\/v2\/product_cat?post=10669"},{"taxonomy":"product_tag","embeddable":true,"href":"https:\/\/yotavis.ch\/de\/wp-json\/wp\/v2\/product_tag?post=10669"}],"curies":[{"name":"wp","href":"https:\/\/api.w.org\/{rel}","templated":true}]}}