{"id":10671,"date":"2025-10-09T00:00:00","date_gmt":"2025-10-08T22:00:00","guid":{"rendered":"https:\/\/yotavis.ch\/product\/it6018b-800-75slave\/"},"modified":"2026-04-24T13:44:05","modified_gmt":"2026-04-24T11:44:05","slug":"it6018b-800-75slave","status":"publish","type":"product","link":"https:\/\/yotavis.ch\/de\/produkt\/it6018b-800-75slave\/","title":{"rendered":"IT6018B-800-75Slave"},"content":{"rendered":"<p>Das IT6018B-800-75Slave von ITECH ist ein regeneratives Gleichstromsystem, das f\u00fcr den Betrieb mit 800 Volt und 75 Ampere ausgelegt ist und eine Ausgangsleistung von 18 kW liefert. Dieses Modell ist in einem 3U-Formfaktor untergebracht und fungiert als Slave-Einheit innerhalb einer gr\u00f6\u00dferen Systemkonfiguration. Es unterst\u00fctzt eine maximale Leistungskapazit\u00e4t von 144.000 Watt und kann einen Strom von bis zu 600 Ampere verarbeiten. Das System verf\u00fcgt \u00fcber einen einzigen Ausgangskanal und Fernsteuerungsfunktionen, die einen bequemen Betrieb und die Integration in automatisierte Anlagen erm\u00f6glichen. Das Design konzentriert sich auf eine effiziente Energier\u00fcckgewinnung und eignet sich daher f\u00fcr Anwendungen, die ein pr\u00e4zises DC-Leistungsmanagement erfordern. Die Spezifikationen des Ger\u00e4ts unterstreichen seine Rolle in Hochleistungsumgebungen, in denen kontrollierte Spannung und Stromst\u00e4rke entscheidend sind.<\/p>","protected":false},"excerpt":{"rendered":"<p>800V\/75A\/18kW Regeneratives DC-Stromversorgungssystem, 3U, SLAVE<\/p>","protected":false},"featured_media":12289,"comment_status":"closed","ping_status":"closed","template":"","meta":{"_acf_changed":false,"slim_seo":{"title":"IT6018B-800-75Slave - YOTAVIS AG","description":"800V\/75A\/18kW Regeneratives DC-Stromversorgungssystem, 3U, SLAVE"}},"product_brand":[822],"product_cat":[516,515],"product_tag":[],"class_list":{"0":"post-10671","1":"product","2":"type-product","3":"status-publish","4":"has-post-thumbnail","6":"product_brand-itech","7":"product_cat-dc-source-en","8":"product_cat-power-en","9":"pa_current-a-0-25","10":"pa_output-number-146","11":"pa_power-w-945","12":"pa_remote-control-yes","13":"pa_voltage-v-319","15":"first","16":"instock","17":"taxable","18":"shipping-taxable","19":"product-type-simple"},"acf":[],"_links":{"self":[{"href":"https:\/\/yotavis.ch\/de\/wp-json\/wp\/v2\/product\/10671","targetHints":{"allow":["GET"]}}],"collection":[{"href":"https:\/\/yotavis.ch\/de\/wp-json\/wp\/v2\/product"}],"about":[{"href":"https:\/\/yotavis.ch\/de\/wp-json\/wp\/v2\/types\/product"}],"replies":[{"embeddable":true,"href":"https:\/\/yotavis.ch\/de\/wp-json\/wp\/v2\/comments?post=10671"}],"wp:featuredmedia":[{"embeddable":true,"href":"https:\/\/yotavis.ch\/de\/wp-json\/wp\/v2\/media\/12289"}],"wp:attachment":[{"href":"https:\/\/yotavis.ch\/de\/wp-json\/wp\/v2\/media?parent=10671"}],"wp:term":[{"taxonomy":"product_brand","embeddable":true,"href":"https:\/\/yotavis.ch\/de\/wp-json\/wp\/v2\/product_brand?post=10671"},{"taxonomy":"product_cat","embeddable":true,"href":"https:\/\/yotavis.ch\/de\/wp-json\/wp\/v2\/product_cat?post=10671"},{"taxonomy":"product_tag","embeddable":true,"href":"https:\/\/yotavis.ch\/de\/wp-json\/wp\/v2\/product_tag?post=10671"}],"curies":[{"name":"wp","href":"https:\/\/api.w.org\/{rel}","templated":true}]}}