{"id":10673,"date":"2025-10-09T00:00:00","date_gmt":"2025-10-08T22:00:00","guid":{"rendered":"https:\/\/yotavis.ch\/product\/it6018b-1500-30slave\/"},"modified":"2026-03-02T16:38:24","modified_gmt":"2026-03-02T15:38:24","slug":"it6018b-1500-30slave","status":"publish","type":"product","link":"https:\/\/yotavis.ch\/de\/produkt\/it6018b-1500-30slave\/","title":{"rendered":"IT6018B-1500-30Slave"},"content":{"rendered":"<p>Die ITECH IT6018B-1500-30Slave ist eine Gleichstromquelle, die mit einer Ausgangsleistung von 18.000 Watt eine zuverl\u00e4ssige Leistung liefert. Mit einer maximalen Spannung von 1.500 Volt und einer Stromkapazit\u00e4t von 30 Ampere ist dieses Ger\u00e4t f\u00fcr anspruchsvolle Stromversorgungsanforderungen ausgelegt. Das Ger\u00e4t verf\u00fcgt \u00fcber einen einzigen Ausgangskanal, der eine pr\u00e4zise Steuerung und einen stabilen Betrieb erm\u00f6glicht. Es eignet sich ideal f\u00fcr Anwendungen, die eine hohe Leistungsabgabe und eine konsistente Spannungsregelung erfordern, und unterst\u00fctzt eine breite Palette von Test- und Entwicklungsszenarien. Seine fortschrittlichen Funktionen gew\u00e4hrleisten eine genaue Ausgabe und ein effizientes Energiemanagement, was es zu einem wertvollen Werkzeug in Leistungselektronikumgebungen macht.<\/p>","protected":false},"excerpt":{"rendered":"<p>1500V\/30A\/18kW R\u00fcckspeisef\u00e4hige DC-Anlage, 3U, SLAVE<\/p>","protected":false},"featured_media":12289,"comment_status":"closed","ping_status":"closed","template":"","meta":{"_acf_changed":false,"slim_seo":{"title":"IT6018B-1500-30Slave - YOTAVIS AG","description":"1500V\/30A\/18kW R\u00fcckspeisef\u00e4hige DC-Anlage, 3U, SLAVE"}},"product_brand":[822],"product_cat":[516,515],"product_tag":[],"class_list":{"0":"post-10673","1":"product","2":"type-product","3":"status-publish","4":"has-post-thumbnail","6":"product_brand-itech","7":"product_cat-dc-source-en","8":"product_cat-power-en","9":"pa_current-a-404","10":"pa_output-number-146","11":"pa_power-w-629","12":"pa_voltage-v-928","14":"first","15":"instock","16":"taxable","17":"shipping-taxable","18":"product-type-simple"},"acf":[],"_links":{"self":[{"href":"https:\/\/yotavis.ch\/de\/wp-json\/wp\/v2\/product\/10673","targetHints":{"allow":["GET"]}}],"collection":[{"href":"https:\/\/yotavis.ch\/de\/wp-json\/wp\/v2\/product"}],"about":[{"href":"https:\/\/yotavis.ch\/de\/wp-json\/wp\/v2\/types\/product"}],"replies":[{"embeddable":true,"href":"https:\/\/yotavis.ch\/de\/wp-json\/wp\/v2\/comments?post=10673"}],"wp:featuredmedia":[{"embeddable":true,"href":"https:\/\/yotavis.ch\/de\/wp-json\/wp\/v2\/media\/12289"}],"wp:attachment":[{"href":"https:\/\/yotavis.ch\/de\/wp-json\/wp\/v2\/media?parent=10673"}],"wp:term":[{"taxonomy":"product_brand","embeddable":true,"href":"https:\/\/yotavis.ch\/de\/wp-json\/wp\/v2\/product_brand?post=10673"},{"taxonomy":"product_cat","embeddable":true,"href":"https:\/\/yotavis.ch\/de\/wp-json\/wp\/v2\/product_cat?post=10673"},{"taxonomy":"product_tag","embeddable":true,"href":"https:\/\/yotavis.ch\/de\/wp-json\/wp\/v2\/product_tag?post=10673"}],"curies":[{"name":"wp","href":"https:\/\/api.w.org\/{rel}","templated":true}]}}