{"id":10680,"date":"2025-10-09T00:00:00","date_gmt":"2025-10-08T22:00:00","guid":{"rendered":"https:\/\/yotavis.ch\/product\/it8005-80-120\/"},"modified":"2026-03-02T16:38:18","modified_gmt":"2026-03-02T15:38:18","slug":"it8005-80-120","status":"publish","type":"product","link":"https:\/\/yotavis.ch\/de\/produkt\/it8005-80-120\/","title":{"rendered":"IT8005-80-120"},"content":{"rendered":"<p>Die ITECH IT8005-80-120 ist eine Gleichstromlast, die f\u00fcr Leistungsanwendungen entwickelt wurde. Sie verf\u00fcgt \u00fcber eine Leistung von 5000 Watt und arbeitet mit einer Spannung von 80 Volt und einem Strom von 120 Ampere. Das Ger\u00e4t verf\u00fcgt \u00fcber einen einzigen Ausgang und eignet sich daher f\u00fcr pr\u00e4zise Lasttests. Es ist ideal f\u00fcr die Bewertung von Stromversorgungen und Batterieleistungen und gew\u00e4hrleistet zuverl\u00e4ssige und konsistente Ergebnisse. Seine fortschrittlichen Funktionen unterst\u00fctzen den stabilen Betrieb unter anspruchsvollen elektrischen Bedingungen.<\/p>","protected":false},"excerpt":{"rendered":"<p>80V\/120A\/5kW R\u00fcckspeisef\u00e4hige DC E-LOAD, 3U<\/p>","protected":false},"featured_media":11535,"comment_status":"closed","ping_status":"closed","template":"","meta":{"_acf_changed":false,"slim_seo":{"title":"IT8005-80-120 - YOTAVIS AG","description":"80V\/120A\/5kW R\u00fcckspeisef\u00e4hige DC E-LOAD, 3U"}},"product_brand":[822],"product_cat":[517,515],"product_tag":[],"class_list":{"0":"post-10680","1":"product","2":"type-product","3":"status-publish","4":"has-post-thumbnail","6":"product_brand-itech","7":"product_cat-dc-load-en","8":"product_cat-power-en","9":"pa_current-a-559","10":"pa_output-number-146","11":"pa_power-w-942","12":"pa_voltage-v-155","14":"first","15":"instock","16":"taxable","17":"shipping-taxable","18":"product-type-simple"},"acf":[],"_links":{"self":[{"href":"https:\/\/yotavis.ch\/de\/wp-json\/wp\/v2\/product\/10680","targetHints":{"allow":["GET"]}}],"collection":[{"href":"https:\/\/yotavis.ch\/de\/wp-json\/wp\/v2\/product"}],"about":[{"href":"https:\/\/yotavis.ch\/de\/wp-json\/wp\/v2\/types\/product"}],"replies":[{"embeddable":true,"href":"https:\/\/yotavis.ch\/de\/wp-json\/wp\/v2\/comments?post=10680"}],"wp:featuredmedia":[{"embeddable":true,"href":"https:\/\/yotavis.ch\/de\/wp-json\/wp\/v2\/media\/11535"}],"wp:attachment":[{"href":"https:\/\/yotavis.ch\/de\/wp-json\/wp\/v2\/media?parent=10680"}],"wp:term":[{"taxonomy":"product_brand","embeddable":true,"href":"https:\/\/yotavis.ch\/de\/wp-json\/wp\/v2\/product_brand?post=10680"},{"taxonomy":"product_cat","embeddable":true,"href":"https:\/\/yotavis.ch\/de\/wp-json\/wp\/v2\/product_cat?post=10680"},{"taxonomy":"product_tag","embeddable":true,"href":"https:\/\/yotavis.ch\/de\/wp-json\/wp\/v2\/product_tag?post=10680"}],"curies":[{"name":"wp","href":"https:\/\/api.w.org\/{rel}","templated":true}]}}