{"id":10682,"date":"2025-10-09T00:00:00","date_gmt":"2025-10-08T22:00:00","guid":{"rendered":"https:\/\/yotavis.ch\/product\/it8015-80-360\/"},"modified":"2026-03-02T16:38:17","modified_gmt":"2026-03-02T15:38:17","slug":"it8015-80-360","status":"publish","type":"product","link":"https:\/\/yotavis.ch\/de\/produkt\/it8015-80-360\/","title":{"rendered":"IT8015-80-360"},"content":{"rendered":"<p>Die ITECH IT8015-80-360 ist eine Gleichstromlast, die f\u00fcr Leistungsanwendungen entwickelt wurde. Sie verf\u00fcgt \u00fcber eine Leistung von 15.000 Watt und arbeitet mit einer Spannung von 80 Volt und einem Strom von 360 Ampere. Das Ger\u00e4t verf\u00fcgt \u00fcber einen einzigen Ausgang, der pr\u00e4zise und kontrollierte Lasttests erm\u00f6glicht. Es ist ideal f\u00fcr die Bewertung von Stromversorgungen und Batteriesystemen und eignet sich f\u00fcr anspruchsvolle elektrische Umgebungen. Seine fortschrittlichen Funktionen gew\u00e4hrleisten zuverl\u00e4ssige Leistung und genaue Messungen unter hohen Lastbedingungen.<\/p>","protected":false},"excerpt":{"rendered":"<p>80V\/360A\/15kW R\u00fcckspeisef\u00e4hige DC E-LOAD, 3U<\/p>","protected":false},"featured_media":11535,"comment_status":"closed","ping_status":"closed","template":"","meta":{"_acf_changed":false,"slim_seo":{"title":"IT8015-80-360 - YOTAVIS AG","description":"80V\/360A\/15kW R\u00fcckspeisef\u00e4hige DC E-LOAD, 3U"}},"product_brand":[822],"product_cat":[517,515],"product_tag":[],"class_list":{"0":"post-10682","1":"product","2":"type-product","3":"status-publish","4":"has-post-thumbnail","6":"product_brand-itech","7":"product_cat-dc-load-en","8":"product_cat-power-en","9":"pa_current-a-638","10":"pa_output-number-146","11":"pa_power-w-941","12":"pa_voltage-v-155","14":"first","15":"instock","16":"taxable","17":"shipping-taxable","18":"product-type-simple"},"acf":[],"_links":{"self":[{"href":"https:\/\/yotavis.ch\/de\/wp-json\/wp\/v2\/product\/10682","targetHints":{"allow":["GET"]}}],"collection":[{"href":"https:\/\/yotavis.ch\/de\/wp-json\/wp\/v2\/product"}],"about":[{"href":"https:\/\/yotavis.ch\/de\/wp-json\/wp\/v2\/types\/product"}],"replies":[{"embeddable":true,"href":"https:\/\/yotavis.ch\/de\/wp-json\/wp\/v2\/comments?post=10682"}],"wp:featuredmedia":[{"embeddable":true,"href":"https:\/\/yotavis.ch\/de\/wp-json\/wp\/v2\/media\/11535"}],"wp:attachment":[{"href":"https:\/\/yotavis.ch\/de\/wp-json\/wp\/v2\/media?parent=10682"}],"wp:term":[{"taxonomy":"product_brand","embeddable":true,"href":"https:\/\/yotavis.ch\/de\/wp-json\/wp\/v2\/product_brand?post=10682"},{"taxonomy":"product_cat","embeddable":true,"href":"https:\/\/yotavis.ch\/de\/wp-json\/wp\/v2\/product_cat?post=10682"},{"taxonomy":"product_tag","embeddable":true,"href":"https:\/\/yotavis.ch\/de\/wp-json\/wp\/v2\/product_tag?post=10682"}],"curies":[{"name":"wp","href":"https:\/\/api.w.org\/{rel}","templated":true}]}}