{"id":10686,"date":"2025-10-09T00:00:00","date_gmt":"2025-10-08T22:00:00","guid":{"rendered":"https:\/\/yotavis.ch\/product\/it8015-80-450\/"},"modified":"2026-04-24T13:44:11","modified_gmt":"2026-04-24T11:44:11","slug":"it8015-80-450","status":"publish","type":"product","link":"https:\/\/yotavis.ch\/de\/produkt\/it8015-80-450\/","title":{"rendered":"IT8015-80-450"},"content":{"rendered":"<p>Die IT8015-80-450 ist eine regenerative elektronische Gleichstromlast, die f\u00fcr eine maximale Spannung von 80 Volt und einen Strom von bis zu 450 Ampere ausgelegt ist und eine Leistung von 15.000 Watt liefert. Dieses Ger\u00e4t verf\u00fcgt \u00fcber einen einzigen Ausgangskanal und unterst\u00fctzt die Fernsteuerungsfunktionalit\u00e4t, die einen bequemen Betrieb aus der Ferne erm\u00f6glicht. Dank seines kompakten 3U-Formfaktors eignet es sich f\u00fcr die Integration in verschiedene Testumgebungen, in denen Platzersparnis wichtig ist. Die R\u00fcckspeisef\u00e4higkeit der Last erm\u00f6glicht die R\u00fcckspeisung von Energie in die Stromquelle und erh\u00f6ht so die Effizienz des Gesamtsystems. Der von ITECH hergestellte IT8015-80-450 wurde entwickelt, um die anspruchsvollen Anforderungen an elektrische Lasttests zu erf\u00fcllen. Die Spezifikationen des Ger\u00e4ts weisen auf seine Eignung f\u00fcr Hochleistungsanwendungen hin, die eine pr\u00e4zise Strom- und Spannungsverarbeitung erfordern. Sein Design unterst\u00fctzt eine robuste Leistung in Szenarien, in denen eine genaue und zuverl\u00e4ssige Lastsimulation f\u00fcr die Pr\u00fcfung von Netzteilen und anderen elektronischen Komponenten erforderlich ist.<\/p>","protected":false},"excerpt":{"rendered":"<p>80V\/450A\/15kW R\u00fcckspeisef\u00e4hige DC E-LOAD, 3U<\/p>","protected":false},"featured_media":11535,"comment_status":"closed","ping_status":"closed","template":"","meta":{"_acf_changed":false,"slim_seo":{"title":"IT8015-80-450 - YOTAVIS AG","description":"80V\/450A\/15kW R\u00fcckspeisef\u00e4hige DC E-LOAD, 3U"}},"product_brand":[822],"product_cat":[517,515],"product_tag":[],"class_list":{"0":"post-10686","1":"product","2":"type-product","3":"status-publish","4":"has-post-thumbnail","6":"product_brand-itech","7":"product_cat-dc-load-en","8":"product_cat-power-en","9":"pa_current-a-943","10":"pa_output-number-146","11":"pa_power-w-941","12":"pa_remote-control-yes","13":"pa_voltage-v-155","15":"first","16":"instock","17":"taxable","18":"shipping-taxable","19":"product-type-simple"},"acf":[],"_links":{"self":[{"href":"https:\/\/yotavis.ch\/de\/wp-json\/wp\/v2\/product\/10686","targetHints":{"allow":["GET"]}}],"collection":[{"href":"https:\/\/yotavis.ch\/de\/wp-json\/wp\/v2\/product"}],"about":[{"href":"https:\/\/yotavis.ch\/de\/wp-json\/wp\/v2\/types\/product"}],"replies":[{"embeddable":true,"href":"https:\/\/yotavis.ch\/de\/wp-json\/wp\/v2\/comments?post=10686"}],"wp:featuredmedia":[{"embeddable":true,"href":"https:\/\/yotavis.ch\/de\/wp-json\/wp\/v2\/media\/11535"}],"wp:attachment":[{"href":"https:\/\/yotavis.ch\/de\/wp-json\/wp\/v2\/media?parent=10686"}],"wp:term":[{"taxonomy":"product_brand","embeddable":true,"href":"https:\/\/yotavis.ch\/de\/wp-json\/wp\/v2\/product_brand?post=10686"},{"taxonomy":"product_cat","embeddable":true,"href":"https:\/\/yotavis.ch\/de\/wp-json\/wp\/v2\/product_cat?post=10686"},{"taxonomy":"product_tag","embeddable":true,"href":"https:\/\/yotavis.ch\/de\/wp-json\/wp\/v2\/product_tag?post=10686"}],"curies":[{"name":"wp","href":"https:\/\/api.w.org\/{rel}","templated":true}]}}