{"id":10689,"date":"2025-10-09T00:00:00","date_gmt":"2025-10-08T22:00:00","guid":{"rendered":"https:\/\/yotavis.ch\/product\/it8012-300-150\/"},"modified":"2026-04-24T13:44:13","modified_gmt":"2026-04-24T11:44:13","slug":"it8012-300-150","status":"publish","type":"product","link":"https:\/\/yotavis.ch\/de\/produkt\/it8012-300-150\/","title":{"rendered":"IT8012-300-150"},"content":{"rendered":"<p>Die IT8012-300-150 ist eine regenerative elektronische Gleichstromlast, die f\u00fcr eine maximale Spannung von 300 Volt und einen Strom von bis zu 150 Ampere ausgelegt ist. Sie liefert eine Leistung von 12.000 Watt und ist damit f\u00fcr Hochleistungsanwendungen geeignet. Dieses Modell verf\u00fcgt \u00fcber einen einzigen Ausgangskanal und unterst\u00fctzt die Fernsteuerungsfunktionalit\u00e4t, was einen bequemen Betrieb und die Integration in automatisierte Testsysteme erm\u00f6glicht. Das Ger\u00e4t ist in einem 3U-Formfaktor untergebracht, der eine Standardgr\u00f6\u00dfe f\u00fcr rackmontierte Ger\u00e4te darstellt. Das von ITECH hergestellte IT8012-300-150 ist f\u00fcr eine zuverl\u00e4ssige Leistung in anspruchsvollen Umgebungen ausgelegt. Seine R\u00fcckspeisef\u00e4higkeit erm\u00f6glicht die Energier\u00fcckgewinnung w\u00e4hrend des Betriebs und steigert so die Effizienz. Die Kombination aus hohen Spannungs-, Strom- und Leistungswerten macht diese elektronische Last vielseitig f\u00fcr verschiedene Testszenarien einsetzbar.<\/p>","protected":false},"excerpt":{"rendered":"<p>300V\/150A\/12kW R\u00fcckspeisef\u00e4hige DC E-LOAD, 3U<\/p>","protected":false},"featured_media":11535,"comment_status":"closed","ping_status":"closed","template":"","meta":{"_acf_changed":false,"slim_seo":{"title":"IT8012-300-150 - YOTAVIS AG","description":"300V\/150A\/12kW R\u00fcckspeisef\u00e4hige DC E-LOAD, 3U"}},"product_brand":[822],"product_cat":[517,515],"product_tag":[],"class_list":{"0":"post-10689","1":"product","2":"type-product","3":"status-publish","4":"has-post-thumbnail","6":"product_brand-itech","7":"product_cat-dc-load-en","8":"product_cat-power-en","9":"pa_current-a-569","10":"pa_output-number-146","11":"pa_power-w-628","12":"pa_remote-control-yes","13":"pa_voltage-v-624","15":"first","16":"instock","17":"taxable","18":"shipping-taxable","19":"product-type-simple"},"acf":[],"_links":{"self":[{"href":"https:\/\/yotavis.ch\/de\/wp-json\/wp\/v2\/product\/10689","targetHints":{"allow":["GET"]}}],"collection":[{"href":"https:\/\/yotavis.ch\/de\/wp-json\/wp\/v2\/product"}],"about":[{"href":"https:\/\/yotavis.ch\/de\/wp-json\/wp\/v2\/types\/product"}],"replies":[{"embeddable":true,"href":"https:\/\/yotavis.ch\/de\/wp-json\/wp\/v2\/comments?post=10689"}],"wp:featuredmedia":[{"embeddable":true,"href":"https:\/\/yotavis.ch\/de\/wp-json\/wp\/v2\/media\/11535"}],"wp:attachment":[{"href":"https:\/\/yotavis.ch\/de\/wp-json\/wp\/v2\/media?parent=10689"}],"wp:term":[{"taxonomy":"product_brand","embeddable":true,"href":"https:\/\/yotavis.ch\/de\/wp-json\/wp\/v2\/product_brand?post=10689"},{"taxonomy":"product_cat","embeddable":true,"href":"https:\/\/yotavis.ch\/de\/wp-json\/wp\/v2\/product_cat?post=10689"},{"taxonomy":"product_tag","embeddable":true,"href":"https:\/\/yotavis.ch\/de\/wp-json\/wp\/v2\/product_tag?post=10689"}],"curies":[{"name":"wp","href":"https:\/\/api.w.org\/{rel}","templated":true}]}}