{"id":10691,"date":"2025-10-09T00:00:00","date_gmt":"2025-10-08T22:00:00","guid":{"rendered":"https:\/\/yotavis.ch\/product\/it8018-300-225s\/"},"modified":"2026-03-02T16:38:10","modified_gmt":"2026-03-02T15:38:10","slug":"it8018-300-225slave","status":"publish","type":"product","link":"https:\/\/yotavis.ch\/de\/produkt\/it8018-300-225slave\/","title":{"rendered":"IT8018-300-225Sklave"},"content":{"rendered":"<p>Der ITECH IT8018-300-225Slave ist ein Leistungsger\u00e4t, das f\u00fcr anspruchsvolle DC-Lastanwendungen entwickelt wurde. Mit einer Leistungskapazit\u00e4t von 18.000 Watt arbeitet es mit einer Spannung von 300 Volt und unterst\u00fctzt einen Strom von bis zu 1.800 Ampere. Das Ger\u00e4t verf\u00fcgt \u00fcber einen einzigen Ausgang, der eine konzentrierte und zuverl\u00e4ssige Leistung gew\u00e4hrleistet. Es eignet sich ideal f\u00fcr industrielle Pr\u00fcf- und Stromversorgungssysteme und liefert konstante und stabile Lastbedingungen. Seine fortschrittlichen Funktionen erm\u00f6glichen eine pr\u00e4zise Steuerung und ein effizientes Energiemanagement in verschiedenen elektrischen Umgebungen.<\/p>","protected":false},"excerpt":{"rendered":"<p>300V\/225A\/18kW R\u00fcckspeisef\u00e4hige DC E-LOAD, 3U, SLAVE<\/p>","protected":false},"featured_media":12289,"comment_status":"closed","ping_status":"closed","template":"","meta":{"_acf_changed":false,"slim_seo":{"title":"IT8018-300-225Slave - YOTAVIS AG","description":"300V\/225A\/18kW R\u00fcckspeisef\u00e4hige DC E-LOAD, 3U, SLAVE"}},"product_brand":[822],"product_cat":[517,515],"product_tag":[],"class_list":{"0":"post-10691","1":"product","2":"type-product","3":"status-publish","4":"has-post-thumbnail","6":"product_brand-itech","7":"product_cat-dc-load-en","8":"product_cat-power-en","9":"pa_current-a-951","10":"pa_output-number-146","11":"pa_power-w-629","12":"pa_voltage-v-624","14":"first","15":"instock","16":"taxable","17":"shipping-taxable","18":"product-type-simple"},"acf":[],"_links":{"self":[{"href":"https:\/\/yotavis.ch\/de\/wp-json\/wp\/v2\/product\/10691","targetHints":{"allow":["GET"]}}],"collection":[{"href":"https:\/\/yotavis.ch\/de\/wp-json\/wp\/v2\/product"}],"about":[{"href":"https:\/\/yotavis.ch\/de\/wp-json\/wp\/v2\/types\/product"}],"replies":[{"embeddable":true,"href":"https:\/\/yotavis.ch\/de\/wp-json\/wp\/v2\/comments?post=10691"}],"wp:featuredmedia":[{"embeddable":true,"href":"https:\/\/yotavis.ch\/de\/wp-json\/wp\/v2\/media\/12289"}],"wp:attachment":[{"href":"https:\/\/yotavis.ch\/de\/wp-json\/wp\/v2\/media?parent=10691"}],"wp:term":[{"taxonomy":"product_brand","embeddable":true,"href":"https:\/\/yotavis.ch\/de\/wp-json\/wp\/v2\/product_brand?post=10691"},{"taxonomy":"product_cat","embeddable":true,"href":"https:\/\/yotavis.ch\/de\/wp-json\/wp\/v2\/product_cat?post=10691"},{"taxonomy":"product_tag","embeddable":true,"href":"https:\/\/yotavis.ch\/de\/wp-json\/wp\/v2\/product_tag?post=10691"}],"curies":[{"name":"wp","href":"https:\/\/api.w.org\/{rel}","templated":true}]}}