{"id":10692,"date":"2025-10-09T00:00:00","date_gmt":"2025-10-08T22:00:00","guid":{"rendered":"https:\/\/yotavis.ch\/product\/it8006-500-30\/"},"modified":"2026-03-02T16:38:04","modified_gmt":"2026-03-02T15:38:04","slug":"it8006-500-30","status":"publish","type":"product","link":"https:\/\/yotavis.ch\/de\/produkt\/it8006-500-30\/","title":{"rendered":"IT8006-500-30"},"content":{"rendered":"<p>Die ITECH IT8006-500-30 ist eine Gleichstromlast, die f\u00fcr Leistungsanwendungen entwickelt wurde. Sie verf\u00fcgt \u00fcber eine Leistung von 6000 Watt und arbeitet mit bis zu 500 Volt und 30 Ampere. Das Ger\u00e4t verf\u00fcgt \u00fcber einen einzigen Ausgang, der pr\u00e4zise Lasttests und Messungen erm\u00f6glicht. Es ist ideal f\u00fcr die Bewertung von Stromversorgungen und der Batterieleistung und unterst\u00fctzt eine Reihe von Testszenarien. Seine fortschrittlichen Funktionen gew\u00e4hrleisten einen zuverl\u00e4ssigen und stabilen Betrieb unter anspruchsvollen Bedingungen.<\/p>","protected":false},"excerpt":{"rendered":"<p>500V\/30A\/6kW R\u00fcckspeisef\u00e4hige DC E-LOAD, 3U<\/p>","protected":false},"featured_media":11535,"comment_status":"closed","ping_status":"closed","template":"","meta":{"_acf_changed":false,"slim_seo":{"title":"IT8006-500-30 - YOTAVIS AG","description":"500V\/30A\/6kW R\u00fcckspeisef\u00e4hige DC E-LOAD, 3U"}},"product_brand":[822],"product_cat":[517,515],"product_tag":[],"class_list":{"0":"post-10692","1":"product","2":"type-product","3":"status-publish","4":"has-post-thumbnail","6":"product_brand-itech","7":"product_cat-dc-load-en","8":"product_cat-power-en","9":"pa_current-a-404","10":"pa_output-number-146","11":"pa_power-w-626","12":"pa_voltage-v-604","14":"first","15":"instock","16":"taxable","17":"shipping-taxable","18":"product-type-simple"},"acf":[],"_links":{"self":[{"href":"https:\/\/yotavis.ch\/de\/wp-json\/wp\/v2\/product\/10692","targetHints":{"allow":["GET"]}}],"collection":[{"href":"https:\/\/yotavis.ch\/de\/wp-json\/wp\/v2\/product"}],"about":[{"href":"https:\/\/yotavis.ch\/de\/wp-json\/wp\/v2\/types\/product"}],"replies":[{"embeddable":true,"href":"https:\/\/yotavis.ch\/de\/wp-json\/wp\/v2\/comments?post=10692"}],"wp:featuredmedia":[{"embeddable":true,"href":"https:\/\/yotavis.ch\/de\/wp-json\/wp\/v2\/media\/11535"}],"wp:attachment":[{"href":"https:\/\/yotavis.ch\/de\/wp-json\/wp\/v2\/media?parent=10692"}],"wp:term":[{"taxonomy":"product_brand","embeddable":true,"href":"https:\/\/yotavis.ch\/de\/wp-json\/wp\/v2\/product_brand?post=10692"},{"taxonomy":"product_cat","embeddable":true,"href":"https:\/\/yotavis.ch\/de\/wp-json\/wp\/v2\/product_cat?post=10692"},{"taxonomy":"product_tag","embeddable":true,"href":"https:\/\/yotavis.ch\/de\/wp-json\/wp\/v2\/product_tag?post=10692"}],"curies":[{"name":"wp","href":"https:\/\/api.w.org\/{rel}","templated":true}]}}