{"id":10695,"date":"2025-10-09T00:00:00","date_gmt":"2025-10-08T22:00:00","guid":{"rendered":"https:\/\/yotavis.ch\/product\/it8018-500-90slave\/"},"modified":"2026-03-02T16:38:04","modified_gmt":"2026-03-02T15:38:04","slug":"it8018-500-90slave","status":"publish","type":"product","link":"https:\/\/yotavis.ch\/de\/produkt\/it8018-500-90slave\/","title":{"rendered":"IT8018-500-90Sklave"},"content":{"rendered":"<p>Der ITECH IT8018-500-90Slave ist eine Gleichstromlast, die f\u00fcr Leistungsanwendungen entwickelt wurde. Mit einer Leistung von 18.000 Watt arbeitet sie mit Spannungen bis zu 500 Volt und Str\u00f6men bis zu 960 Ampere. Das Ger\u00e4t verf\u00fcgt \u00fcber einen einzigen Ausgang, der pr\u00e4zise und kontrollierte Lasttests erm\u00f6glicht. Es eignet sich ideal f\u00fcr Industrie- und Laborumgebungen und unterst\u00fctzt strenge Pr\u00fcfanforderungen. Seine fortschrittlichen Funktionen gew\u00e4hrleisten eine zuverl\u00e4ssige Leistung unter anspruchsvollen Bedingungen.<\/p>","protected":false},"excerpt":{"rendered":"<p>500V\/90A\/18kW R\u00fcckspeisef\u00e4hige DC E-LOAD, 3U, SLAVE<\/p>","protected":false},"featured_media":12289,"comment_status":"closed","ping_status":"closed","template":"","meta":{"_acf_changed":false,"slim_seo":{"title":"IT8018-500-90Slave - YOTAVIS AG","description":"500V\/90A\/18kW R\u00fcckspeisef\u00e4hige DC E-LOAD, 3U, SLAVE"}},"product_brand":[822],"product_cat":[517,515],"product_tag":[],"class_list":{"0":"post-10695","1":"product","2":"type-product","3":"status-publish","4":"has-post-thumbnail","6":"product_brand-itech","7":"product_cat-dc-load-en","8":"product_cat-power-en","9":"pa_current-a-946","10":"pa_output-number-146","11":"pa_power-w-629","12":"pa_voltage-v-604","14":"first","15":"instock","16":"taxable","17":"shipping-taxable","18":"product-type-simple"},"acf":[],"_links":{"self":[{"href":"https:\/\/yotavis.ch\/de\/wp-json\/wp\/v2\/product\/10695","targetHints":{"allow":["GET"]}}],"collection":[{"href":"https:\/\/yotavis.ch\/de\/wp-json\/wp\/v2\/product"}],"about":[{"href":"https:\/\/yotavis.ch\/de\/wp-json\/wp\/v2\/types\/product"}],"replies":[{"embeddable":true,"href":"https:\/\/yotavis.ch\/de\/wp-json\/wp\/v2\/comments?post=10695"}],"wp:featuredmedia":[{"embeddable":true,"href":"https:\/\/yotavis.ch\/de\/wp-json\/wp\/v2\/media\/12289"}],"wp:attachment":[{"href":"https:\/\/yotavis.ch\/de\/wp-json\/wp\/v2\/media?parent=10695"}],"wp:term":[{"taxonomy":"product_brand","embeddable":true,"href":"https:\/\/yotavis.ch\/de\/wp-json\/wp\/v2\/product_brand?post=10695"},{"taxonomy":"product_cat","embeddable":true,"href":"https:\/\/yotavis.ch\/de\/wp-json\/wp\/v2\/product_cat?post=10695"},{"taxonomy":"product_tag","embeddable":true,"href":"https:\/\/yotavis.ch\/de\/wp-json\/wp\/v2\/product_tag?post=10695"}],"curies":[{"name":"wp","href":"https:\/\/api.w.org\/{rel}","templated":true}]}}