{"id":10696,"date":"2025-10-09T00:00:00","date_gmt":"2025-10-08T22:00:00","guid":{"rendered":"https:\/\/yotavis.ch\/product\/it8006-500-40\/"},"modified":"2026-04-24T13:44:15","modified_gmt":"2026-04-24T11:44:15","slug":"it8006-500-40","status":"publish","type":"product","link":"https:\/\/yotavis.ch\/de\/produkt\/it8006-500-40\/","title":{"rendered":"IT8006-500-40"},"content":{"rendered":"<p>Die IT8006-500-40 ist eine regenerative elektronische Gleichstromlast, die f\u00fcr eine maximale Spannung von 500 Volt und einen Strom von bis zu 40 Ampere ausgelegt ist. Sie liefert eine Leistung von 6000 Watt und ist damit f\u00fcr Hochleistungsanwendungen geeignet. Dieses Modell verf\u00fcgt \u00fcber einen einzigen Ausgangskanal und unterst\u00fctzt Fernsteuerungsfunktionen, die eine bequeme Bedienung und Integration in automatisierte Testsysteme erm\u00f6glichen. Das Ger\u00e4t ist in einem 3U-Formfaktor untergebracht, der eine Standardgr\u00f6\u00dfe f\u00fcr rackmontierte Ger\u00e4te darstellt. Seine R\u00fcckspeisef\u00e4higkeit erm\u00f6glicht eine effiziente Energier\u00fcckgewinnung w\u00e4hrend der Pr\u00fcfprozesse. Die Kombination von Spannungs-, Strom- und Leistungsspezifikationen gew\u00e4hrleistet Vielseitigkeit in verschiedenen Pr\u00fcfszenarien, in denen eine pr\u00e4zise Lastsimulation erforderlich ist. Die M\u00f6glichkeit der Fernsteuerung erh\u00f6ht die Nutzbarkeit in komplexen Aufbauten, in denen eine manuelle Bedienung unpraktisch sein kann.<\/p>","protected":false},"excerpt":{"rendered":"<p>500V\/40A\/6kW R\u00fcckspeisef\u00e4hige DC E-LOAD, 3U<\/p>","protected":false},"featured_media":11535,"comment_status":"closed","ping_status":"closed","template":"","meta":{"_acf_changed":false,"slim_seo":{"title":"IT8006-500-40 - YOTAVIS AG","description":"500V\/40A\/6kW R\u00fcckspeisef\u00e4hige DC E-LOAD, 3U"}},"product_brand":[822],"product_cat":[517,515],"product_tag":[],"class_list":{"0":"post-10696","1":"product","2":"type-product","3":"status-publish","4":"has-post-thumbnail","6":"product_brand-itech","7":"product_cat-dc-load-en","8":"product_cat-power-en","9":"pa_current-a-550","10":"pa_output-number-146","11":"pa_power-w-626","12":"pa_remote-control-yes","13":"pa_voltage-v-604","15":"first","16":"instock","17":"taxable","18":"shipping-taxable","19":"product-type-simple"},"acf":[],"_links":{"self":[{"href":"https:\/\/yotavis.ch\/de\/wp-json\/wp\/v2\/product\/10696","targetHints":{"allow":["GET"]}}],"collection":[{"href":"https:\/\/yotavis.ch\/de\/wp-json\/wp\/v2\/product"}],"about":[{"href":"https:\/\/yotavis.ch\/de\/wp-json\/wp\/v2\/types\/product"}],"replies":[{"embeddable":true,"href":"https:\/\/yotavis.ch\/de\/wp-json\/wp\/v2\/comments?post=10696"}],"wp:featuredmedia":[{"embeddable":true,"href":"https:\/\/yotavis.ch\/de\/wp-json\/wp\/v2\/media\/11535"}],"wp:attachment":[{"href":"https:\/\/yotavis.ch\/de\/wp-json\/wp\/v2\/media?parent=10696"}],"wp:term":[{"taxonomy":"product_brand","embeddable":true,"href":"https:\/\/yotavis.ch\/de\/wp-json\/wp\/v2\/product_brand?post=10696"},{"taxonomy":"product_cat","embeddable":true,"href":"https:\/\/yotavis.ch\/de\/wp-json\/wp\/v2\/product_cat?post=10696"},{"taxonomy":"product_tag","embeddable":true,"href":"https:\/\/yotavis.ch\/de\/wp-json\/wp\/v2\/product_tag?post=10696"}],"curies":[{"name":"wp","href":"https:\/\/api.w.org\/{rel}","templated":true}]}}