{"id":10706,"date":"2025-10-09T00:00:00","date_gmt":"2025-10-08T22:00:00","guid":{"rendered":"https:\/\/yotavis.ch\/product\/it8018-800-75\/"},"modified":"2026-04-24T13:44:17","modified_gmt":"2026-04-24T11:44:17","slug":"it8018-800-75","status":"publish","type":"product","link":"https:\/\/yotavis.ch\/de\/produkt\/it8018-800-75\/","title":{"rendered":"IT8018-800-75"},"content":{"rendered":"<p>Der IT8018-800-75 ist eine regenerative elektronische Gleichstromlast, die f\u00fcr eine maximale Spannung von 800 Volt und einen Strom von 75 Ampere ausgelegt ist und eine Leistung von 18.000 Watt liefert. Dieses Ger\u00e4t verf\u00fcgt \u00fcber einen einzigen Ausgangskanal und unterst\u00fctzt die Fernsteuerungsfunktionalit\u00e4t, die einen bequemen Betrieb aus der Ferne erm\u00f6glicht. Dank seines kompakten 3U-Formfaktors eignet es sich f\u00fcr die Integration in verschiedene Testumgebungen, in denen Platzersparnis wichtig ist. Durch die R\u00fcckspeisef\u00e4higkeit der Last kann Energie in die Stromquelle zur\u00fcckgespeist werden, was die Effizienz des Gesamtsystems erh\u00f6ht. Mit seiner hohen Nennleistung eignet sich der IT8018-800-75 f\u00fcr Anwendungen, die umfangreiche Lasttests und Verlustleistung erfordern. Das Ger\u00e4t wird von ITECH hergestellt, einer Marke, die f\u00fcr die Herstellung von elektronischen Testger\u00e4ten bekannt ist. Dieses Modell wurde entwickelt, um eine zuverl\u00e4ssige Leistung in anspruchsvollen elektrischen Testszenarien zu bieten.<\/p>","protected":false},"excerpt":{"rendered":"<p>800V\/75A\/18kW R\u00fcckspeisef\u00e4hige DC E-LOAD, 3U<\/p>","protected":false},"featured_media":11535,"comment_status":"closed","ping_status":"closed","template":"","meta":{"_acf_changed":false,"slim_seo":{"title":"IT8018-800-75 - YOTAVIS AG","description":"800V\/75A\/18kW R\u00fcckspeisef\u00e4hige DC E-LOAD, 3U"}},"product_brand":[822],"product_cat":[517,515],"product_tag":[],"class_list":{"0":"post-10706","1":"product","2":"type-product","3":"status-publish","4":"has-post-thumbnail","6":"product_brand-itech","7":"product_cat-dc-load-en","8":"product_cat-power-en","9":"pa_current-a-566","10":"pa_output-number-146","11":"pa_power-w-629","12":"pa_remote-control-yes","13":"pa_voltage-v-319","15":"first","16":"instock","17":"taxable","18":"shipping-taxable","19":"product-type-simple"},"acf":[],"_links":{"self":[{"href":"https:\/\/yotavis.ch\/de\/wp-json\/wp\/v2\/product\/10706","targetHints":{"allow":["GET"]}}],"collection":[{"href":"https:\/\/yotavis.ch\/de\/wp-json\/wp\/v2\/product"}],"about":[{"href":"https:\/\/yotavis.ch\/de\/wp-json\/wp\/v2\/types\/product"}],"replies":[{"embeddable":true,"href":"https:\/\/yotavis.ch\/de\/wp-json\/wp\/v2\/comments?post=10706"}],"wp:featuredmedia":[{"embeddable":true,"href":"https:\/\/yotavis.ch\/de\/wp-json\/wp\/v2\/media\/11535"}],"wp:attachment":[{"href":"https:\/\/yotavis.ch\/de\/wp-json\/wp\/v2\/media?parent=10706"}],"wp:term":[{"taxonomy":"product_brand","embeddable":true,"href":"https:\/\/yotavis.ch\/de\/wp-json\/wp\/v2\/product_brand?post=10706"},{"taxonomy":"product_cat","embeddable":true,"href":"https:\/\/yotavis.ch\/de\/wp-json\/wp\/v2\/product_cat?post=10706"},{"taxonomy":"product_tag","embeddable":true,"href":"https:\/\/yotavis.ch\/de\/wp-json\/wp\/v2\/product_tag?post=10706"}],"curies":[{"name":"wp","href":"https:\/\/api.w.org\/{rel}","templated":true}]}}