{"id":10707,"date":"2025-10-09T00:00:00","date_gmt":"2025-10-08T22:00:00","guid":{"rendered":"https:\/\/yotavis.ch\/product\/it8018-800-75slave\/"},"modified":"2026-04-24T13:44:17","modified_gmt":"2026-04-24T11:44:17","slug":"it8018-800-75slave","status":"publish","type":"product","link":"https:\/\/yotavis.ch\/de\/produkt\/it8018-800-75slave\/","title":{"rendered":"IT8018-800-75Slave"},"content":{"rendered":"<p>Der IT8018-800-75Slave ist eine regenerative elektronische DC-Last mit 800 V und 75 A, die f\u00fcr Hochleistungsanwendungen entwickelt wurde. Sie arbeitet mit einer Leistungskapazit\u00e4t von 144.000 Watt und unterst\u00fctzt einen maximalen Strom von 600 Ampere. Dieses Modell verf\u00fcgt \u00fcber einen einzigen Ausgangskanal und bietet eine Fernsteuerungsfunktion, die einen flexiblen Betrieb in verschiedenen Pr\u00fcfumgebungen erm\u00f6glicht. Das Ger\u00e4t ist in einem 3U-Formfaktor untergebracht und wird als Slave-Ger\u00e4t bezeichnet, was auf seine Rolle in Konfigurationen mit mehreren Ger\u00e4ten hinweist. Seine Regenerationsf\u00e4higkeit erm\u00f6glicht eine effiziente Energier\u00fcckgewinnung w\u00e4hrend der Pr\u00fcfprozesse. Die Kombination aus hohen Spannungs- und Stromwerten macht es f\u00fcr anspruchsvolle elektrische Lasttestszenarien geeignet. Das Produkt wird von ITECH hergestellt, einer Marke, die f\u00fcr ihre elektronischen Pr\u00fcfger\u00e4te bekannt ist.<\/p>","protected":false},"excerpt":{"rendered":"<p>800V\/75A\/18kW R\u00fcckspeisef\u00e4hige DC E-LOAD, 3U, SLAVE<\/p>","protected":false},"featured_media":12289,"comment_status":"closed","ping_status":"closed","template":"","meta":{"_acf_changed":false,"slim_seo":{"title":"IT8018-800-75Slave - YOTAVIS AG","description":"800V\/75A\/18kW R\u00fcckspeisef\u00e4hige DC E-LOAD, 3U, SLAVE"}},"product_brand":[822],"product_cat":[517,515],"product_tag":[],"class_list":{"0":"post-10707","1":"product","2":"type-product","3":"status-publish","4":"has-post-thumbnail","6":"product_brand-itech","7":"product_cat-dc-load-en","8":"product_cat-power-en","9":"pa_current-a-0-25","10":"pa_output-number-146","11":"pa_power-w-945","12":"pa_remote-control-yes","13":"pa_voltage-v-319","15":"first","16":"instock","17":"taxable","18":"shipping-taxable","19":"product-type-simple"},"acf":[],"_links":{"self":[{"href":"https:\/\/yotavis.ch\/de\/wp-json\/wp\/v2\/product\/10707","targetHints":{"allow":["GET"]}}],"collection":[{"href":"https:\/\/yotavis.ch\/de\/wp-json\/wp\/v2\/product"}],"about":[{"href":"https:\/\/yotavis.ch\/de\/wp-json\/wp\/v2\/types\/product"}],"replies":[{"embeddable":true,"href":"https:\/\/yotavis.ch\/de\/wp-json\/wp\/v2\/comments?post=10707"}],"wp:featuredmedia":[{"embeddable":true,"href":"https:\/\/yotavis.ch\/de\/wp-json\/wp\/v2\/media\/12289"}],"wp:attachment":[{"href":"https:\/\/yotavis.ch\/de\/wp-json\/wp\/v2\/media?parent=10707"}],"wp:term":[{"taxonomy":"product_brand","embeddable":true,"href":"https:\/\/yotavis.ch\/de\/wp-json\/wp\/v2\/product_brand?post=10707"},{"taxonomy":"product_cat","embeddable":true,"href":"https:\/\/yotavis.ch\/de\/wp-json\/wp\/v2\/product_cat?post=10707"},{"taxonomy":"product_tag","embeddable":true,"href":"https:\/\/yotavis.ch\/de\/wp-json\/wp\/v2\/product_tag?post=10707"}],"curies":[{"name":"wp","href":"https:\/\/api.w.org\/{rel}","templated":true}]}}