{"id":10712,"date":"2025-10-09T00:00:00","date_gmt":"2025-10-08T22:00:00","guid":{"rendered":"https:\/\/yotavis.ch\/product\/it8018-2250-20\/"},"modified":"2026-03-02T16:37:50","modified_gmt":"2026-03-02T15:37:50","slug":"it8018-2250-20","status":"publish","type":"product","link":"https:\/\/yotavis.ch\/de\/produkt\/it8018-2250-20\/","title":{"rendered":"IT8018-2250-20"},"content":{"rendered":"<p>Die ITECH IT8018-2250-20 ist eine DC-Leistungslast f\u00fcr anspruchsvolle Anwendungen. Sie verf\u00fcgt \u00fcber eine Leistung von 18.000 Watt und arbeitet mit einer Spannung von 2.250 Volt und einem Strom von 20 Ampere. Das Ger\u00e4t verf\u00fcgt \u00fcber einen einzigen Ausgang, der eine konzentrierte und zuverl\u00e4ssige Leistung gew\u00e4hrleistet. Es ist ideal f\u00fcr die Pr\u00fcfung und Bewertung von Netzteilen, Batterien und anderen elektrischen Komponenten und bietet eine pr\u00e4zise Laststeuerung. Seine fortschrittlichen Funktionen unterst\u00fctzen einen stabilen Betrieb unter hohen Leistungsbedingungen, wodurch es sich f\u00fcr raue Industrieumgebungen eignet.<\/p>","protected":false},"excerpt":{"rendered":"<p>2250V\/20A\/18kW R\u00fcckspeisef\u00e4hige DC E-LOAD, 3U<\/p>","protected":false},"featured_media":11535,"comment_status":"closed","ping_status":"closed","template":"","meta":{"_acf_changed":false,"slim_seo":{"title":"IT8018-2250-20 - YOTAVIS AG","description":"2250V\/20A\/18kW R\u00fcckspeisef\u00e4hige DC E-LOAD, 3U"}},"product_brand":[822],"product_cat":[517,515],"product_tag":[],"class_list":{"0":"post-10712","1":"product","2":"type-product","3":"status-publish","4":"has-post-thumbnail","6":"product_brand-itech","7":"product_cat-dc-load-en","8":"product_cat-power-en","9":"pa_current-a-552","10":"pa_output-number-146","11":"pa_power-w-629","12":"pa_voltage-v-948","14":"first","15":"instock","16":"taxable","17":"shipping-taxable","18":"product-type-simple"},"acf":[],"_links":{"self":[{"href":"https:\/\/yotavis.ch\/de\/wp-json\/wp\/v2\/product\/10712","targetHints":{"allow":["GET"]}}],"collection":[{"href":"https:\/\/yotavis.ch\/de\/wp-json\/wp\/v2\/product"}],"about":[{"href":"https:\/\/yotavis.ch\/de\/wp-json\/wp\/v2\/types\/product"}],"replies":[{"embeddable":true,"href":"https:\/\/yotavis.ch\/de\/wp-json\/wp\/v2\/comments?post=10712"}],"wp:featuredmedia":[{"embeddable":true,"href":"https:\/\/yotavis.ch\/de\/wp-json\/wp\/v2\/media\/11535"}],"wp:attachment":[{"href":"https:\/\/yotavis.ch\/de\/wp-json\/wp\/v2\/media?parent=10712"}],"wp:term":[{"taxonomy":"product_brand","embeddable":true,"href":"https:\/\/yotavis.ch\/de\/wp-json\/wp\/v2\/product_brand?post=10712"},{"taxonomy":"product_cat","embeddable":true,"href":"https:\/\/yotavis.ch\/de\/wp-json\/wp\/v2\/product_cat?post=10712"},{"taxonomy":"product_tag","embeddable":true,"href":"https:\/\/yotavis.ch\/de\/wp-json\/wp\/v2\/product_tag?post=10712"}],"curies":[{"name":"wp","href":"https:\/\/api.w.org\/{rel}","templated":true}]}}