{"id":10714,"date":"2025-10-09T00:00:00","date_gmt":"2025-10-08T22:00:00","guid":{"rendered":"https:\/\/yotavis.ch\/product\/it8018-2250-25\/"},"modified":"2026-04-24T13:44:18","modified_gmt":"2026-04-24T11:44:18","slug":"it8018-2250-25","status":"publish","type":"product","link":"https:\/\/yotavis.ch\/de\/produkt\/it8018-2250-25\/","title":{"rendered":"IT8018-2250-25"},"content":{"rendered":"<p>Die IT8018-2250-25 ist eine regenerative elektronische Gleichstromlast, die f\u00fcr eine maximale Leistung von 18.000 Watt ausgelegt ist. Sie arbeitet mit einer Spannung von 2250 Volt und unterst\u00fctzt einen Strom von bis zu 25 Ampere. Dieses Modell verf\u00fcgt \u00fcber einen einzigen Ausgangskanal und ist in einem 3U-Formfaktor untergebracht. Es verf\u00fcgt \u00fcber eine Fernsteuerungsfunktion, die einen bequemen Betrieb und die Integration in automatisierte Testsysteme erm\u00f6glicht. Das Ger\u00e4t wird von ITECH hergestellt, einer Marke, die f\u00fcr ihre elektronischen Pr\u00fcfger\u00e4te bekannt ist. Die R\u00fcckspeisefunktion erm\u00f6glicht die Energier\u00fcckgewinnung w\u00e4hrend des Pr\u00fcfvorgangs und steigert so die Effizienz. Diese elektronische Last eignet sich f\u00fcr Anwendungen, bei denen hohe Spannungen und Str\u00f6me in einer kompakten und fernsteuerbaren Einheit verarbeitet werden m\u00fcssen.<\/p>","protected":false},"excerpt":{"rendered":"<p>2250V\/25A\/18kW R\u00fcckspeisef\u00e4hige DC E-LOAD, 3U<\/p>","protected":false},"featured_media":11535,"comment_status":"closed","ping_status":"closed","template":"","meta":{"_acf_changed":false,"slim_seo":{"title":"IT8018-2250-25 - YOTAVIS AG","description":"2250V\/25A\/18kW R\u00fcckspeisef\u00e4hige DC E-LOAD, 3U"}},"product_brand":[822],"product_cat":[517,515],"product_tag":[],"class_list":{"0":"post-10714","1":"product","2":"type-product","3":"status-publish","4":"has-post-thumbnail","6":"product_brand-itech","7":"product_cat-dc-load-en","8":"product_cat-power-en","9":"pa_current-a-401","10":"pa_output-number-146","11":"pa_power-w-629","12":"pa_remote-control-yes","13":"pa_voltage-v-948","15":"first","16":"instock","17":"taxable","18":"shipping-taxable","19":"product-type-simple"},"acf":[],"_links":{"self":[{"href":"https:\/\/yotavis.ch\/de\/wp-json\/wp\/v2\/product\/10714","targetHints":{"allow":["GET"]}}],"collection":[{"href":"https:\/\/yotavis.ch\/de\/wp-json\/wp\/v2\/product"}],"about":[{"href":"https:\/\/yotavis.ch\/de\/wp-json\/wp\/v2\/types\/product"}],"replies":[{"embeddable":true,"href":"https:\/\/yotavis.ch\/de\/wp-json\/wp\/v2\/comments?post=10714"}],"wp:featuredmedia":[{"embeddable":true,"href":"https:\/\/yotavis.ch\/de\/wp-json\/wp\/v2\/media\/11535"}],"wp:attachment":[{"href":"https:\/\/yotavis.ch\/de\/wp-json\/wp\/v2\/media?parent=10714"}],"wp:term":[{"taxonomy":"product_brand","embeddable":true,"href":"https:\/\/yotavis.ch\/de\/wp-json\/wp\/v2\/product_brand?post=10714"},{"taxonomy":"product_cat","embeddable":true,"href":"https:\/\/yotavis.ch\/de\/wp-json\/wp\/v2\/product_cat?post=10714"},{"taxonomy":"product_tag","embeddable":true,"href":"https:\/\/yotavis.ch\/de\/wp-json\/wp\/v2\/product_tag?post=10714"}],"curies":[{"name":"wp","href":"https:\/\/api.w.org\/{rel}","templated":true}]}}