{"id":10716,"date":"2025-10-09T00:00:00","date_gmt":"2025-10-08T22:00:00","guid":{"rendered":"https:\/\/yotavis.ch\/product\/it6151\/"},"modified":"2026-04-24T13:44:27","modified_gmt":"2026-04-24T11:44:27","slug":"it6151","status":"publish","type":"product","link":"https:\/\/yotavis.ch\/de\/produkt\/it6151\/","title":{"rendered":"IT6151"},"content":{"rendered":"<p>Das ITECH IT6151 ist ein Stromversorgungsger\u00e4t, das als Gleichstromquelle konzipiert ist. Es verf\u00fcgt \u00fcber einen einzigen Ausgang und liefert bis zu 5,2 Volt und 60 Ampere, was eine Leistung von 312 Watt ergibt. Das Ger\u00e4t verf\u00fcgt \u00fcber eine pr\u00e4zise Spannungs- und Stromregelung und eignet sich daher f\u00fcr verschiedene Test- und Entwicklungsanwendungen. Es ist ideal f\u00fcr Labor- und Industrieumgebungen und unterst\u00fctzt Aufgaben, die eine stabile und zuverl\u00e4ssige Gleichstromversorgung erfordern. Seine fortschrittlichen Funktionen gew\u00e4hrleisten eine konstante Leistung und eine einfache Integration in komplexe Systeme.<\/p>","protected":false},"excerpt":{"rendered":"<p>DC-Netzteil 0-5,2V\/0-60A, 312W; (Optional RS232\/USB\/GPIB)<\/p>","protected":false},"featured_media":11538,"comment_status":"closed","ping_status":"closed","template":"","meta":{"_acf_changed":false,"slim_seo":{"title":"IT6151 - YOTAVIS AG","description":"DC-Netzteil 0-5,2V\/0-60A, 312W; (Optional RS232\/USB\/GPIB)"}},"product_brand":[822],"product_cat":[516,515],"product_tag":[],"class_list":{"0":"post-10716","1":"product","2":"type-product","3":"status-publish","4":"has-post-thumbnail","6":"product_brand-itech","7":"product_cat-dc-source-en","8":"product_cat-power-en","9":"pa_current-a-406","10":"pa_output-number-146","11":"pa_power-w-952","12":"pa_voltage-v-5-2","14":"first","15":"instock","16":"taxable","17":"shipping-taxable","18":"product-type-simple"},"acf":[],"_links":{"self":[{"href":"https:\/\/yotavis.ch\/de\/wp-json\/wp\/v2\/product\/10716","targetHints":{"allow":["GET"]}}],"collection":[{"href":"https:\/\/yotavis.ch\/de\/wp-json\/wp\/v2\/product"}],"about":[{"href":"https:\/\/yotavis.ch\/de\/wp-json\/wp\/v2\/types\/product"}],"replies":[{"embeddable":true,"href":"https:\/\/yotavis.ch\/de\/wp-json\/wp\/v2\/comments?post=10716"}],"wp:featuredmedia":[{"embeddable":true,"href":"https:\/\/yotavis.ch\/de\/wp-json\/wp\/v2\/media\/11538"}],"wp:attachment":[{"href":"https:\/\/yotavis.ch\/de\/wp-json\/wp\/v2\/media?parent=10716"}],"wp:term":[{"taxonomy":"product_brand","embeddable":true,"href":"https:\/\/yotavis.ch\/de\/wp-json\/wp\/v2\/product_brand?post=10716"},{"taxonomy":"product_cat","embeddable":true,"href":"https:\/\/yotavis.ch\/de\/wp-json\/wp\/v2\/product_cat?post=10716"},{"taxonomy":"product_tag","embeddable":true,"href":"https:\/\/yotavis.ch\/de\/wp-json\/wp\/v2\/product_tag?post=10716"}],"curies":[{"name":"wp","href":"https:\/\/api.w.org\/{rel}","templated":true}]}}