{"id":10718,"date":"2025-10-09T00:00:00","date_gmt":"2025-10-08T22:00:00","guid":{"rendered":"https:\/\/yotavis.ch\/product\/it6153\/"},"modified":"2026-04-24T13:44:28","modified_gmt":"2026-04-24T11:44:28","slug":"it6153","status":"publish","type":"product","link":"https:\/\/yotavis.ch\/de\/produkt\/it6153\/","title":{"rendered":"IT6153"},"content":{"rendered":"<p>Die ITECH IT6153 ist eine Gleichstromquelle, die f\u00fcr eine zuverl\u00e4ssige Leistung mit einem einzigen Ausgang entwickelt wurde. Mit einer maximalen Leistungskapazit\u00e4t von 540 Watt arbeitet sie mit bis zu 30 Volt und 18 Ampere und ist damit f\u00fcr eine Vielzahl von Test- und Entwicklungsanwendungen geeignet. Das Ger\u00e4t verf\u00fcgt \u00fcber eine pr\u00e4zise Spannungs- und Stromregelung, die eine stabile und genaue Leistungsabgabe gew\u00e4hrleistet. Es ist ideal f\u00fcr Labor- und Industrieumgebungen und unterst\u00fctzt Aufgaben, die eine konstante Gleichstromversorgung erfordern. Seine fortschrittlichen Funktionen erm\u00f6glichen einen effizienten Betrieb und die Integration in komplexe Testaufbauten.<\/p>","protected":false},"excerpt":{"rendered":"<p>DC-Netzteil 0-30V\/0-18A, 540W; (Optional RS232\/USB\/GPIB)<\/p>","protected":false},"featured_media":11538,"comment_status":"closed","ping_status":"closed","template":"","meta":{"_acf_changed":false,"slim_seo":{"title":"IT6153 - YOTAVIS AG","description":"DC-Netzteil 0-30V\/0-18A, 540W; (Optional RS232\/USB\/GPIB)"}},"product_brand":[822],"product_cat":[516,515],"product_tag":[],"class_list":{"0":"post-10718","1":"product","2":"type-product","3":"status-publish","4":"has-post-thumbnail","6":"product_brand-itech","7":"product_cat-dc-source-en","8":"product_cat-power-en","9":"pa_current-a-583","10":"pa_output-number-146","11":"pa_power-w-954","12":"pa_voltage-v-145","14":"first","15":"instock","16":"taxable","17":"shipping-taxable","18":"product-type-simple"},"acf":[],"_links":{"self":[{"href":"https:\/\/yotavis.ch\/de\/wp-json\/wp\/v2\/product\/10718","targetHints":{"allow":["GET"]}}],"collection":[{"href":"https:\/\/yotavis.ch\/de\/wp-json\/wp\/v2\/product"}],"about":[{"href":"https:\/\/yotavis.ch\/de\/wp-json\/wp\/v2\/types\/product"}],"replies":[{"embeddable":true,"href":"https:\/\/yotavis.ch\/de\/wp-json\/wp\/v2\/comments?post=10718"}],"wp:featuredmedia":[{"embeddable":true,"href":"https:\/\/yotavis.ch\/de\/wp-json\/wp\/v2\/media\/11538"}],"wp:attachment":[{"href":"https:\/\/yotavis.ch\/de\/wp-json\/wp\/v2\/media?parent=10718"}],"wp:term":[{"taxonomy":"product_brand","embeddable":true,"href":"https:\/\/yotavis.ch\/de\/wp-json\/wp\/v2\/product_brand?post=10718"},{"taxonomy":"product_cat","embeddable":true,"href":"https:\/\/yotavis.ch\/de\/wp-json\/wp\/v2\/product_cat?post=10718"},{"taxonomy":"product_tag","embeddable":true,"href":"https:\/\/yotavis.ch\/de\/wp-json\/wp\/v2\/product_tag?post=10718"}],"curies":[{"name":"wp","href":"https:\/\/api.w.org\/{rel}","templated":true}]}}