{"id":10721,"date":"2025-10-09T00:00:00","date_gmt":"2025-10-08T22:00:00","guid":{"rendered":"https:\/\/yotavis.ch\/product\/it6164b\/"},"modified":"2026-04-24T13:44:29","modified_gmt":"2026-04-24T11:44:29","slug":"it6164b","status":"publish","type":"product","link":"https:\/\/yotavis.ch\/de\/produkt\/it6164b\/","title":{"rendered":"IT6164B"},"content":{"rendered":"<p>Das ITECH IT6164B ist ein Stromversorgungsger\u00e4t, das als Gleichstromquelle konzipiert ist. Es verf\u00fcgt \u00fcber einen einzigen Ausgang und liefert bis zu 60 Volt und 40 Ampere mit einer Leistung von 1200 Watt. Das Ger\u00e4t verf\u00fcgt \u00fcber eine pr\u00e4zise Steuerung und einen stabilen Ausgang, der sich f\u00fcr verschiedene Test- und Entwicklungsanwendungen eignet. Ideal f\u00fcr Labor- und Industrieumgebungen, die eine zuverl\u00e4ssige Gleichstromversorgung erfordern. Seine fortschrittlichen Funktionen gew\u00e4hrleisten eine konstante Leistung und einen effizienten Betrieb unter anspruchsvollen Bedingungen.<\/p>","protected":false},"excerpt":{"rendered":"<p>DC-Netzteil 30V\/40A\/1200W 60V\/20A\/1200W (Standard RS232\/ USB)<\/p>","protected":false},"featured_media":12172,"comment_status":"closed","ping_status":"closed","template":"","meta":{"_acf_changed":false,"slim_seo":{"title":"IT6164B - YOTAVIS AG","description":"DC-Netzteil 30V\/40A\/1200W 60V\/20A\/1200W (Standard RS232\/ USB)"}},"product_brand":[822],"product_cat":[516,515],"product_tag":[],"class_list":{"0":"post-10721","1":"product","2":"type-product","3":"status-publish","4":"has-post-thumbnail","6":"product_brand-itech","7":"product_cat-dc-source-en","8":"product_cat-power-en","9":"pa_current-a-550","10":"pa_output-number-146","11":"pa_power-w-479","12":"pa_voltage-v-314","14":"first","15":"instock","16":"taxable","17":"shipping-taxable","18":"product-type-simple"},"acf":[],"_links":{"self":[{"href":"https:\/\/yotavis.ch\/de\/wp-json\/wp\/v2\/product\/10721","targetHints":{"allow":["GET"]}}],"collection":[{"href":"https:\/\/yotavis.ch\/de\/wp-json\/wp\/v2\/product"}],"about":[{"href":"https:\/\/yotavis.ch\/de\/wp-json\/wp\/v2\/types\/product"}],"replies":[{"embeddable":true,"href":"https:\/\/yotavis.ch\/de\/wp-json\/wp\/v2\/comments?post=10721"}],"wp:featuredmedia":[{"embeddable":true,"href":"https:\/\/yotavis.ch\/de\/wp-json\/wp\/v2\/media\/12172"}],"wp:attachment":[{"href":"https:\/\/yotavis.ch\/de\/wp-json\/wp\/v2\/media?parent=10721"}],"wp:term":[{"taxonomy":"product_brand","embeddable":true,"href":"https:\/\/yotavis.ch\/de\/wp-json\/wp\/v2\/product_brand?post=10721"},{"taxonomy":"product_cat","embeddable":true,"href":"https:\/\/yotavis.ch\/de\/wp-json\/wp\/v2\/product_cat?post=10721"},{"taxonomy":"product_tag","embeddable":true,"href":"https:\/\/yotavis.ch\/de\/wp-json\/wp\/v2\/product_tag?post=10721"}],"curies":[{"name":"wp","href":"https:\/\/api.w.org\/{rel}","templated":true}]}}