{"id":10727,"date":"2025-10-09T00:00:00","date_gmt":"2025-10-08T22:00:00","guid":{"rendered":"https:\/\/yotavis.ch\/product\/it6333c\/"},"modified":"2026-04-24T13:44:33","modified_gmt":"2026-04-24T11:44:33","slug":"it6333c","status":"publish","type":"product","link":"https:\/\/yotavis.ch\/de\/produkt\/it6333c\/","title":{"rendered":"IT6333C"},"content":{"rendered":"<p>Das ITECH IT6333C ist ein Gleichstromnetzteil mit drei Ausg\u00e4ngen, darunter zwei Kan\u00e4le, die jeweils 60 V bei 3 A mit 180 W liefern, und ein Kanal, der 5 V bei 3 A mit 15 W bereitstellt. Es arbeitet mit einer Gesamtleistung von 375 W und unterst\u00fctzt Fernsteuerungsfunktionen. Das Ger\u00e4t ist in einem 2U-Half-Rack-Format konzipiert und verf\u00fcgt \u00fcber Standard-LAN- und USB-Schnittstellen f\u00fcr die Konnektivit\u00e4t. Das Netzteil bietet eine Ausgangsspannung von 60V und einen Ausgangsstrom von 3A. Mit drei Ausgangskan\u00e4len eignet es sich f\u00fcr Anwendungen, die mehrere Spannungs- und Strompegel gleichzeitig ben\u00f6tigen. Das Design und die Spezifikationen des Ger\u00e4ts machen es anpassungsf\u00e4hig f\u00fcr verschiedene Test- und Betriebsumgebungen, in denen eine pr\u00e4zise DC-Stromversorgung erforderlich ist.<\/p>","protected":false},"excerpt":{"rendered":"<p>DC PSU, 3 Outputs:  60V\/3A\/180W*2CH; 5V\/3A\/15W*1CH  ; 2U half rack (Standard LAN\/USB)<\/p>","protected":false},"featured_media":12142,"comment_status":"closed","ping_status":"closed","template":"","meta":{"_acf_changed":false,"slim_seo":{"title":"IT6333C - YOTAVIS AG","description":"DC-Netzteil, 3 Ausg\u00e4nge: 60V\/3A\/180W*2CH; 5V\/3A\/15W*1CH ; 2U halbes Rack (Standard LAN\/USB)"}},"product_brand":[822],"product_cat":[516,515],"product_tag":[],"class_list":{"0":"post-10727","1":"product","2":"type-product","3":"status-publish","4":"has-post-thumbnail","6":"product_brand-itech","7":"product_cat-dc-source-en","8":"product_cat-power-en","9":"pa_current-a-485","10":"pa_output-number-141","11":"pa_power-w-492","12":"pa_remote-control-yes","13":"pa_voltage-v-314","15":"first","16":"instock","17":"taxable","18":"shipping-taxable","19":"product-type-simple"},"acf":[],"_links":{"self":[{"href":"https:\/\/yotavis.ch\/de\/wp-json\/wp\/v2\/product\/10727","targetHints":{"allow":["GET"]}}],"collection":[{"href":"https:\/\/yotavis.ch\/de\/wp-json\/wp\/v2\/product"}],"about":[{"href":"https:\/\/yotavis.ch\/de\/wp-json\/wp\/v2\/types\/product"}],"replies":[{"embeddable":true,"href":"https:\/\/yotavis.ch\/de\/wp-json\/wp\/v2\/comments?post=10727"}],"wp:featuredmedia":[{"embeddable":true,"href":"https:\/\/yotavis.ch\/de\/wp-json\/wp\/v2\/media\/12142"}],"wp:attachment":[{"href":"https:\/\/yotavis.ch\/de\/wp-json\/wp\/v2\/media?parent=10727"}],"wp:term":[{"taxonomy":"product_brand","embeddable":true,"href":"https:\/\/yotavis.ch\/de\/wp-json\/wp\/v2\/product_brand?post=10727"},{"taxonomy":"product_cat","embeddable":true,"href":"https:\/\/yotavis.ch\/de\/wp-json\/wp\/v2\/product_cat?post=10727"},{"taxonomy":"product_tag","embeddable":true,"href":"https:\/\/yotavis.ch\/de\/wp-json\/wp\/v2\/product_tag?post=10727"}],"curies":[{"name":"wp","href":"https:\/\/api.w.org\/{rel}","templated":true}]}}