{"id":10729,"date":"2025-10-09T00:00:00","date_gmt":"2025-10-08T22:00:00","guid":{"rendered":"https:\/\/yotavis.ch\/product\/it6411\/"},"modified":"2026-04-24T13:44:34","modified_gmt":"2026-04-24T11:44:34","slug":"it6411","status":"publish","type":"product","link":"https:\/\/yotavis.ch\/de\/produkt\/it6411\/","title":{"rendered":"IT6411"},"content":{"rendered":"<p>Das ITECH IT6411 ist ein DC-Netzteil mit einem einzigen Ausgangskanal mit einem hohen Bereich von \u00b115V und \u00b13A, der bis zu 45W Leistung liefert. Es bietet auch einen niedrigen Bereich von \u00b19V und \u00b15A, wobei die gleiche Ausgangsleistung von 45W beibehalten wird. Das Ger\u00e4t ist in einem 2U-Half-Rack-Formfaktor untergebracht und verf\u00fcgt \u00fcber Standard-LAN- und USB-Schnittstellen sowie einen USB-Anschluss an der Vorderseite f\u00fcr bequeme Konnektivit\u00e4t. Es unterst\u00fctzt die Fernsteuerungsfunktionalit\u00e4t und erm\u00f6glicht so den Betrieb aus der Ferne. Das Netzteil bietet eine maximale Spannung von 15 V und einen maximalen Strom von 5 A. Mit einer Nennleistung von 45 Watt ist es f\u00fcr Anwendungen geeignet, die eine pr\u00e4zise Gleichstromversorgung erfordern. Das Ger\u00e4t ist ein Markenprodukt von ITECH und passt in Standard-Racksysteme, so dass es f\u00fcr verschiedene Konfigurationen geeignet ist.<\/p>","protected":false},"excerpt":{"rendered":"<p>DC-Netzteil, einkanalig, Hoher Bereich: \u00b115V\/\u00b13A\/45W; Niedriger Bereich: \u00b19V\/\u00b15A\/45W; 2U Halb-Rack, (Standard LAN\/USB und USB-Anschluss an der Vorderseite)<\/p>","protected":false},"featured_media":12316,"comment_status":"closed","ping_status":"closed","template":"","meta":{"_acf_changed":false,"slim_seo":{"title":"IT6411 - YOTAVIS AG","description":"DC-Netzteil, einkanalig, Hoher Bereich: \u00b115V\/\u00b13A\/45W; Niedriger Bereich: \u00b19V\/\u00b15A\/45W; 2U Halb-Rack, (Standard LAN\/USB und USB-Anschluss an der Vorderseite)"}},"product_brand":[822],"product_cat":[516,515],"product_tag":[],"class_list":{"0":"post-10729","1":"product","2":"type-product","3":"status-publish","4":"has-post-thumbnail","6":"product_brand-itech","7":"product_cat-dc-source-en","8":"product_cat-power-en","9":"pa_current-a-392","10":"pa_output-number-146","11":"pa_power-w-958","12":"pa_remote-control-yes","13":"pa_voltage-v-149","15":"first","16":"instock","17":"taxable","18":"shipping-taxable","19":"product-type-simple"},"acf":[],"_links":{"self":[{"href":"https:\/\/yotavis.ch\/de\/wp-json\/wp\/v2\/product\/10729","targetHints":{"allow":["GET"]}}],"collection":[{"href":"https:\/\/yotavis.ch\/de\/wp-json\/wp\/v2\/product"}],"about":[{"href":"https:\/\/yotavis.ch\/de\/wp-json\/wp\/v2\/types\/product"}],"replies":[{"embeddable":true,"href":"https:\/\/yotavis.ch\/de\/wp-json\/wp\/v2\/comments?post=10729"}],"wp:featuredmedia":[{"embeddable":true,"href":"https:\/\/yotavis.ch\/de\/wp-json\/wp\/v2\/media\/12316"}],"wp:attachment":[{"href":"https:\/\/yotavis.ch\/de\/wp-json\/wp\/v2\/media?parent=10729"}],"wp:term":[{"taxonomy":"product_brand","embeddable":true,"href":"https:\/\/yotavis.ch\/de\/wp-json\/wp\/v2\/product_brand?post=10729"},{"taxonomy":"product_cat","embeddable":true,"href":"https:\/\/yotavis.ch\/de\/wp-json\/wp\/v2\/product_cat?post=10729"},{"taxonomy":"product_tag","embeddable":true,"href":"https:\/\/yotavis.ch\/de\/wp-json\/wp\/v2\/product_tag?post=10729"}],"curies":[{"name":"wp","href":"https:\/\/api.w.org\/{rel}","templated":true}]}}