{"id":10730,"date":"2025-10-09T00:00:00","date_gmt":"2025-10-08T22:00:00","guid":{"rendered":"https:\/\/yotavis.ch\/product\/it6411s\/"},"modified":"2026-04-24T13:44:34","modified_gmt":"2026-04-24T11:44:34","slug":"it6411s","status":"publish","type":"product","link":"https:\/\/yotavis.ch\/de\/produkt\/it6411s\/","title":{"rendered":"IT6411S"},"content":{"rendered":"<p>Das ITECH IT6411S ist ein Gleichstromnetzteil mit einem Ausgangsspannungsbereich von 0 bis 15 Volt und einer Stromkapazit\u00e4t von \u00b10,1 Ampere. Es liefert eine Ausgangsleistung von 1,5 Watt und verf\u00fcgt \u00fcber einen einzigen Ausgangskanal. Das Ger\u00e4t ist in einem 2U-Half-Rack-Formfaktor konzipiert und eignet sich daher f\u00fcr die Integration in Standard-Ger\u00e4te-Racks. Es verf\u00fcgt \u00fcber Standard-LAN- und USB-Schnittstellen sowie einen USB-Anschluss an der Vorderseite f\u00fcr bequeme Konnektivit\u00e4t. Es wird eine Fernsteuerungsfunktion unterst\u00fctzt, die den Betrieb und die Einstellung aus der Ferne erm\u00f6glicht. Dieses Netzteil ist f\u00fcr Anwendungen vorgesehen, die eine pr\u00e4zise Steuerung der Gleichspannung und des Stroms innerhalb des angegebenen Bereichs erfordern.<\/p>","protected":false},"excerpt":{"rendered":"<p>DC-Netzteil -15V-0V; 0-15V\/\u00b10,1A\/1,5W; 2U Halb-Rack, (Standard LAN\/USB und USB-Anschluss an der Vorderseite)<\/p>","protected":false},"featured_media":12316,"comment_status":"closed","ping_status":"closed","template":"","meta":{"_acf_changed":false,"slim_seo":{"title":"IT6411S - YOTAVIS AG","description":"DC-Netzteil -15V-0V; 0-15V\/\u00b10,1A\/1,5W; 2U Halb-Rack, (Standard LAN\/USB und USB-Anschluss an der Vorderseite)"}},"product_brand":[822],"product_cat":[516,515],"product_tag":[],"class_list":{"0":"post-10730","1":"product","2":"type-product","3":"status-publish","4":"has-post-thumbnail","6":"product_brand-itech","7":"product_cat-dc-source-en","8":"product_cat-power-en","9":"pa_current-a-0-1","10":"pa_output-number-146","11":"pa_power-w-1-5","12":"pa_remote-control-yes","13":"pa_voltage-v-149","15":"first","16":"instock","17":"taxable","18":"shipping-taxable","19":"product-type-simple"},"acf":[],"_links":{"self":[{"href":"https:\/\/yotavis.ch\/de\/wp-json\/wp\/v2\/product\/10730","targetHints":{"allow":["GET"]}}],"collection":[{"href":"https:\/\/yotavis.ch\/de\/wp-json\/wp\/v2\/product"}],"about":[{"href":"https:\/\/yotavis.ch\/de\/wp-json\/wp\/v2\/types\/product"}],"replies":[{"embeddable":true,"href":"https:\/\/yotavis.ch\/de\/wp-json\/wp\/v2\/comments?post=10730"}],"wp:featuredmedia":[{"embeddable":true,"href":"https:\/\/yotavis.ch\/de\/wp-json\/wp\/v2\/media\/12316"}],"wp:attachment":[{"href":"https:\/\/yotavis.ch\/de\/wp-json\/wp\/v2\/media?parent=10730"}],"wp:term":[{"taxonomy":"product_brand","embeddable":true,"href":"https:\/\/yotavis.ch\/de\/wp-json\/wp\/v2\/product_brand?post=10730"},{"taxonomy":"product_cat","embeddable":true,"href":"https:\/\/yotavis.ch\/de\/wp-json\/wp\/v2\/product_cat?post=10730"},{"taxonomy":"product_tag","embeddable":true,"href":"https:\/\/yotavis.ch\/de\/wp-json\/wp\/v2\/product_tag?post=10730"}],"curies":[{"name":"wp","href":"https:\/\/api.w.org\/{rel}","templated":true}]}}