{"id":10731,"date":"2025-10-09T00:00:00","date_gmt":"2025-10-08T22:00:00","guid":{"rendered":"https:\/\/yotavis.ch\/product\/it6412\/"},"modified":"2026-04-24T13:44:34","modified_gmt":"2026-04-24T11:44:34","slug":"it6412","status":"publish","type":"product","link":"https:\/\/yotavis.ch\/de\/produkt\/it6412\/","title":{"rendered":"IT6412"},"content":{"rendered":"<p>Das IT6412 ist ein DC-Netzteil mit zwei Ausgangskan\u00e4len, die vielseitige Spannungs- und Stromkonfigurationen erm\u00f6glichen. Kanal 1 kann entweder \u00b115V bei \u00b13A oder \u00b19V bei \u00b15A liefern, mit einer maximalen Ausgangsleistung von 45W. Kanal 2 bietet einen variablen Ausgang im Bereich von 0 bis 15 V bei \u00b13 A oder 0 bis 9 V bei \u00b15 A, ebenfalls mit einer maximalen Leistung von 45 W. Die Gesamtleistung des Ger\u00e4ts betr\u00e4gt 90 W und unterst\u00fctzt eine Spannung von bis zu 15 V und einen Strom von bis zu 5 A. Das Ger\u00e4t ist in einem 2U-Half-Rack-Formfaktor untergebracht und verf\u00fcgt \u00fcber Standard-LAN- und USB-Schnittstellen sowie einen USB-Anschluss an der Vorderseite f\u00fcr bequeme Konnektivit\u00e4t. Die Fernsteuerungsfunktionalit\u00e4t wird unterst\u00fctzt und erm\u00f6glicht einen flexiblen Betrieb in verschiedenen Konfigurationen. Der IT6412 wird von ITECH hergestellt, was eine gleichbleibend hohe Qualit\u00e4t und Leistung garantiert.<\/p>","protected":false},"excerpt":{"rendered":"<p>DC PSU two channels<br \/>\nCH1: \u00b115V\/\u00b13A or \u00b19V\/\u00b15A, 45W;<br \/>\nCH2: 0-15V\/\u00b13A or 0-9V\/\u00b15A, 45W;<br \/>\n2U half rack, (Standard LAN\/USB and front panel USB port)<\/p>","protected":false},"featured_media":11551,"comment_status":"closed","ping_status":"closed","template":"","meta":{"_acf_changed":false,"slim_seo":{"title":"IT6412 - YOTAVIS AG","description":"DC-Netzteil mit zwei Kan\u00e4len CH1: \u00b115V\/\u00b13A oder \u00b19V\/\u00b15A, 45W; CH2: 0-15V\/\u00b13A oder 0-9V\/\u00b15A, 45W; 2U Halb-Rack, (Standard LAN\/USB und USB-Anschluss an der Vorderseite)"}},"product_brand":[822],"product_cat":[516,515],"product_tag":[],"class_list":{"0":"post-10731","1":"product","2":"type-product","3":"status-publish","4":"has-post-thumbnail","6":"product_brand-itech","7":"product_cat-dc-source-en","8":"product_cat-power-en","9":"pa_current-a-392","10":"pa_output-number-153","11":"pa_power-w-590","12":"pa_remote-control-yes","13":"pa_voltage-v-149","15":"first","16":"instock","17":"taxable","18":"shipping-taxable","19":"product-type-simple"},"acf":[],"_links":{"self":[{"href":"https:\/\/yotavis.ch\/de\/wp-json\/wp\/v2\/product\/10731","targetHints":{"allow":["GET"]}}],"collection":[{"href":"https:\/\/yotavis.ch\/de\/wp-json\/wp\/v2\/product"}],"about":[{"href":"https:\/\/yotavis.ch\/de\/wp-json\/wp\/v2\/types\/product"}],"replies":[{"embeddable":true,"href":"https:\/\/yotavis.ch\/de\/wp-json\/wp\/v2\/comments?post=10731"}],"wp:featuredmedia":[{"embeddable":true,"href":"https:\/\/yotavis.ch\/de\/wp-json\/wp\/v2\/media\/11551"}],"wp:attachment":[{"href":"https:\/\/yotavis.ch\/de\/wp-json\/wp\/v2\/media?parent=10731"}],"wp:term":[{"taxonomy":"product_brand","embeddable":true,"href":"https:\/\/yotavis.ch\/de\/wp-json\/wp\/v2\/product_brand?post=10731"},{"taxonomy":"product_cat","embeddable":true,"href":"https:\/\/yotavis.ch\/de\/wp-json\/wp\/v2\/product_cat?post=10731"},{"taxonomy":"product_tag","embeddable":true,"href":"https:\/\/yotavis.ch\/de\/wp-json\/wp\/v2\/product_tag?post=10731"}],"curies":[{"name":"wp","href":"https:\/\/api.w.org\/{rel}","templated":true}]}}