{"id":10732,"date":"2025-10-09T00:00:00","date_gmt":"2025-10-08T22:00:00","guid":{"rendered":"https:\/\/yotavis.ch\/product\/it6412s\/"},"modified":"2026-04-24T13:44:35","modified_gmt":"2026-04-24T11:44:35","slug":"it6412s","status":"publish","type":"product","link":"https:\/\/yotavis.ch\/de\/produkt\/it6412s\/","title":{"rendered":"IT6412S"},"content":{"rendered":"<p>Das IT6412S ist ein DC-Netzteil mit zwei Ausgangskan\u00e4len. Kanal 1 bietet einen Spannungsbereich von -15V bis 0V und 0 bis 15V mit einem Strom von \u00b10,1 A und einer Ausgangsleistung von 1,5 W. Kanal 2 bietet einen Spannungsbereich von 0 bis 15 V, ebenfalls mit einem Strom von \u00b10,1 A und einer Ausgangsleistung von 1,5 W. Das Ger\u00e4t ist in einem 2U-Half-Rack-Formfaktor untergebracht und verf\u00fcgt \u00fcber Standard-LAN- und USB-Schnittstellen sowie einen USB-Anschluss an der Vorderseite f\u00fcr die Konnektivit\u00e4t. Es arbeitet mit einer Nennleistung von 3 Watt und einer Spannung von 15 Volt. Das Ger\u00e4t unterst\u00fctzt Fernsteuerungsfunktionen, die eine Bedienung aus der Ferne erm\u00f6glichen. Das von ITECH hergestellte IT6412S eignet sich f\u00fcr Anwendungen, die eine pr\u00e4zise Zweikanal-DC-Stromversorgung mit flexiblen Spannungs- und Stromeinstellungen erfordern.<\/p>","protected":false},"excerpt":{"rendered":"<p>DC PSU two channels<br \/>\nCH1\uff1a-15V-0V,0-15V\/\u00b10.1 A\/1.5 W<br \/>\nCH2\uff1a0-15V\/\u00b10.1 A\/1.5 W<br \/>\n2U half rack, (Standard LAN\/USB and front panel USB port)<\/p>","protected":false},"featured_media":11551,"comment_status":"closed","ping_status":"closed","template":"","meta":{"_acf_changed":false,"slim_seo":{"title":"IT6412S - YOTAVIS AG","description":"DC-Netzteil mit zwei Kan\u00e4len CH1\uff1a-15V-0V,0-15V\/\u00b10,1 A\/1,5 W CH2\uff1a0-15V\/\u00b10,1 A\/1,5 W 2U-Half-Rack, (Standard-LAN\/USB und USB-Anschluss an der Frontplatte)"}},"product_brand":[822],"product_cat":[516,515],"product_tag":[],"class_list":{"0":"post-10732","1":"product","2":"type-product","3":"status-publish","4":"has-post-thumbnail","6":"product_brand-itech","7":"product_cat-dc-source-en","8":"product_cat-power-en","9":"pa_current-a-0-1","10":"pa_output-number-153","11":"pa_power-w-960","12":"pa_remote-control-yes","13":"pa_voltage-v-149","15":"first","16":"instock","17":"taxable","18":"shipping-taxable","19":"product-type-simple"},"acf":[],"_links":{"self":[{"href":"https:\/\/yotavis.ch\/de\/wp-json\/wp\/v2\/product\/10732","targetHints":{"allow":["GET"]}}],"collection":[{"href":"https:\/\/yotavis.ch\/de\/wp-json\/wp\/v2\/product"}],"about":[{"href":"https:\/\/yotavis.ch\/de\/wp-json\/wp\/v2\/types\/product"}],"replies":[{"embeddable":true,"href":"https:\/\/yotavis.ch\/de\/wp-json\/wp\/v2\/comments?post=10732"}],"wp:featuredmedia":[{"embeddable":true,"href":"https:\/\/yotavis.ch\/de\/wp-json\/wp\/v2\/media\/11551"}],"wp:attachment":[{"href":"https:\/\/yotavis.ch\/de\/wp-json\/wp\/v2\/media?parent=10732"}],"wp:term":[{"taxonomy":"product_brand","embeddable":true,"href":"https:\/\/yotavis.ch\/de\/wp-json\/wp\/v2\/product_brand?post=10732"},{"taxonomy":"product_cat","embeddable":true,"href":"https:\/\/yotavis.ch\/de\/wp-json\/wp\/v2\/product_cat?post=10732"},{"taxonomy":"product_tag","embeddable":true,"href":"https:\/\/yotavis.ch\/de\/wp-json\/wp\/v2\/product_tag?post=10732"}],"curies":[{"name":"wp","href":"https:\/\/api.w.org\/{rel}","templated":true}]}}