{"id":10733,"date":"2025-10-09T00:00:00","date_gmt":"2025-10-08T22:00:00","guid":{"rendered":"https:\/\/yotavis.ch\/product\/it6431\/"},"modified":"2026-04-24T13:44:35","modified_gmt":"2026-04-24T11:44:35","slug":"it6431","status":"publish","type":"product","link":"https:\/\/yotavis.ch\/de\/produkt\/it6431\/","title":{"rendered":"IT6431"},"content":{"rendered":"<p>Das ITECH IT6431 ist ein DC-Netzteil mit einem Spannungsbereich von -15V bis 0V und 0 bis 15V, das einen Strom von bis zu \u00b110A liefern kann. Es bietet eine maximale Ausgangsleistung von 150 W und eignet sich damit f\u00fcr verschiedene Anwendungen, die eine stabile Gleichstromversorgung erfordern. Das Ger\u00e4t ist in einem 2U-Half-Rack-Formfaktor konzipiert, der eine effiziente Nutzung des Platzes in Ger\u00e4teracks erm\u00f6glicht. Es verf\u00fcgt \u00fcber Standard-LAN- und USB-Schnittstellen sowie einen USB-Anschluss an der Vorderseite, was flexible Anschlussm\u00f6glichkeiten f\u00fcr die Fernsteuerung und Datenverwaltung erm\u00f6glicht. Das Netzteil verf\u00fcgt \u00fcber einen Ausgangskanal und unterst\u00fctzt die Fernsteuerungsfunktionalit\u00e4t, so dass die Benutzer das Ger\u00e4t aus der Ferne bedienen k\u00f6nnen. Diese Kombination von Funktionen macht das IT6431 zu einem vielseitigen Werkzeug f\u00fcr Labor- und Industrieumgebungen, in denen eine pr\u00e4zise Spannungs- und Stromregelung erforderlich ist.<\/p>","protected":false},"excerpt":{"rendered":"<p>DC-Netzteil -15V-0V, 0-15V\/\u00b110A, 150W; 2U Halb-Rack, (Standard LAN\/USB und USB-Anschluss an der Vorderseite)<\/p>","protected":false},"featured_media":12318,"comment_status":"closed","ping_status":"closed","template":"","meta":{"_acf_changed":false,"slim_seo":{"title":"IT6431 - YOTAVIS AG","description":"DC-Netzteil -15V-0V, 0-15V\/\u00b110A, 150W; 2U Halb-Rack, (Standard LAN\/USB und USB-Anschluss an der Vorderseite)"}},"product_brand":[822],"product_cat":[516,515],"product_tag":[],"class_list":{"0":"post-10733","1":"product","2":"type-product","3":"status-publish","4":"has-post-thumbnail","6":"product_brand-itech","7":"product_cat-dc-source-en","8":"product_cat-power-en","9":"pa_current-a-397","10":"pa_output-number-146","11":"pa_power-w-391","12":"pa_remote-control-yes","13":"pa_voltage-v-149","15":"first","16":"instock","17":"taxable","18":"shipping-taxable","19":"product-type-simple"},"acf":[],"_links":{"self":[{"href":"https:\/\/yotavis.ch\/de\/wp-json\/wp\/v2\/product\/10733","targetHints":{"allow":["GET"]}}],"collection":[{"href":"https:\/\/yotavis.ch\/de\/wp-json\/wp\/v2\/product"}],"about":[{"href":"https:\/\/yotavis.ch\/de\/wp-json\/wp\/v2\/types\/product"}],"replies":[{"embeddable":true,"href":"https:\/\/yotavis.ch\/de\/wp-json\/wp\/v2\/comments?post=10733"}],"wp:featuredmedia":[{"embeddable":true,"href":"https:\/\/yotavis.ch\/de\/wp-json\/wp\/v2\/media\/12318"}],"wp:attachment":[{"href":"https:\/\/yotavis.ch\/de\/wp-json\/wp\/v2\/media?parent=10733"}],"wp:term":[{"taxonomy":"product_brand","embeddable":true,"href":"https:\/\/yotavis.ch\/de\/wp-json\/wp\/v2\/product_brand?post=10733"},{"taxonomy":"product_cat","embeddable":true,"href":"https:\/\/yotavis.ch\/de\/wp-json\/wp\/v2\/product_cat?post=10733"},{"taxonomy":"product_tag","embeddable":true,"href":"https:\/\/yotavis.ch\/de\/wp-json\/wp\/v2\/product_tag?post=10733"}],"curies":[{"name":"wp","href":"https:\/\/api.w.org\/{rel}","templated":true}]}}