{"id":10735,"date":"2025-10-09T00:00:00","date_gmt":"2025-10-08T22:00:00","guid":{"rendered":"https:\/\/yotavis.ch\/product\/it6432s\/"},"modified":"2026-04-24T13:44:35","modified_gmt":"2026-04-24T11:44:35","slug":"it6432s","status":"publish","type":"product","link":"https:\/\/yotavis.ch\/de\/produkt\/it6432s\/","title":{"rendered":"IT6432S"},"content":{"rendered":"<p>Das ITECH IT6432S ist ein Gleichstromnetzteil, das einen Spannungsbereich von 0 bis 30 Volt mit einem Stromausgang von bis zu \u00b121 Milliampere bietet. Es liefert eine Ausgangsleistung von 0,63 Watt und verf\u00fcgt \u00fcber einen einzigen Ausgangskanal. Das Ger\u00e4t ist in einem 2U-Half-Rack-Formfaktor untergebracht und eignet sich daher f\u00fcr die Integration in Standardger\u00e4te-Racks. Zu den Anschlussm\u00f6glichkeiten geh\u00f6ren Standard-LAN- und USB-Anschl\u00fcsse sowie ein zus\u00e4tzlicher USB-Anschluss an der Vorderseite, der bequem zug\u00e4nglich ist. Das Netzteil unterst\u00fctzt die Fernsteuerungsfunktionalit\u00e4t und erm\u00f6glicht so den Betrieb und die Einstellung aus der Ferne. Dieses Modell ist so konstruiert, dass es die spezifischen Spannungs- und Stromanforderungen pr\u00e4zise erf\u00fcllt und eine stabile und zuverl\u00e4ssige Leistung in verschiedenen Anwendungen gew\u00e4hrleistet. Sein kompaktes Design und seine Schnittstellenoptionen machen es f\u00fcr den Einsatz in kontrollierten Umgebungen geeignet, in denen Platz und Zug\u00e4nglichkeit wichtige Faktoren sind.<\/p>","protected":false},"excerpt":{"rendered":"<p>DC PSU -30V-0V, 0-30V\/\u00b121mA, 0.63W;<br \/>\n2U half rack, (Standard LAN\/USB and front panel USB port)<\/p>","protected":false},"featured_media":12318,"comment_status":"closed","ping_status":"closed","template":"","meta":{"_acf_changed":false,"slim_seo":{"title":"IT6432S - YOTAVIS AG","description":"DC-Netzteil -30V-0V, 0-30V\/\u00b121mA, 0,63W; 2U Halb-Rack, (Standard LAN\/USB und USB-Anschluss an der Vorderseite)"}},"product_brand":[822],"product_cat":[516,515],"product_tag":[],"class_list":{"0":"post-10735","1":"product","2":"type-product","3":"status-publish","4":"has-post-thumbnail","6":"product_brand-itech","7":"product_cat-dc-source-en","8":"product_cat-power-en","9":"pa_current-a-0-021","10":"pa_output-number-146","11":"pa_power-w-0-63","12":"pa_remote-control-yes","13":"pa_voltage-v-145","15":"first","16":"instock","17":"taxable","18":"shipping-taxable","19":"product-type-simple"},"acf":[],"_links":{"self":[{"href":"https:\/\/yotavis.ch\/de\/wp-json\/wp\/v2\/product\/10735","targetHints":{"allow":["GET"]}}],"collection":[{"href":"https:\/\/yotavis.ch\/de\/wp-json\/wp\/v2\/product"}],"about":[{"href":"https:\/\/yotavis.ch\/de\/wp-json\/wp\/v2\/types\/product"}],"replies":[{"embeddable":true,"href":"https:\/\/yotavis.ch\/de\/wp-json\/wp\/v2\/comments?post=10735"}],"wp:featuredmedia":[{"embeddable":true,"href":"https:\/\/yotavis.ch\/de\/wp-json\/wp\/v2\/media\/12318"}],"wp:attachment":[{"href":"https:\/\/yotavis.ch\/de\/wp-json\/wp\/v2\/media?parent=10735"}],"wp:term":[{"taxonomy":"product_brand","embeddable":true,"href":"https:\/\/yotavis.ch\/de\/wp-json\/wp\/v2\/product_brand?post=10735"},{"taxonomy":"product_cat","embeddable":true,"href":"https:\/\/yotavis.ch\/de\/wp-json\/wp\/v2\/product_cat?post=10735"},{"taxonomy":"product_tag","embeddable":true,"href":"https:\/\/yotavis.ch\/de\/wp-json\/wp\/v2\/product_tag?post=10735"}],"curies":[{"name":"wp","href":"https:\/\/api.w.org\/{rel}","templated":true}]}}