{"id":10736,"date":"2025-10-09T00:00:00","date_gmt":"2025-10-08T22:00:00","guid":{"rendered":"https:\/\/yotavis.ch\/product\/it6433\/"},"modified":"2026-04-24T13:44:36","modified_gmt":"2026-04-24T11:44:36","slug":"it6433","status":"publish","type":"product","link":"https:\/\/yotavis.ch\/de\/produkt\/it6433\/","title":{"rendered":"IT6433"},"content":{"rendered":"<p>Das ITECH IT6433 ist ein Gleichstromnetzteil mit einem Spannungsbereich von 0 bis 60 Volt und einem maximalen Ausgangsstrom von \u00b12,5 Ampere, das eine Leistung von bis zu 150 Watt liefert. Es verf\u00fcgt \u00fcber einen einzigen Ausgangskanal und ist in einem 2U-Half-Rack-Formfaktor konzipiert. Das Ger\u00e4t verf\u00fcgt \u00fcber Standard-LAN- und USB-Schnittstellen sowie einen USB-Anschluss an der Vorderseite f\u00fcr bequeme Konnektivit\u00e4t. Es werden Fernsteuerungsfunktionen unterst\u00fctzt, die einen flexiblen Betrieb in verschiedenen Konfigurationen erm\u00f6glichen. Dieses Netzteil eignet sich f\u00fcr Anwendungen, die eine pr\u00e4zise Steuerung der Gleichspannung und des Stroms innerhalb des angegebenen Bereichs erfordern. Dank seines kompakten Designs und der zahlreichen Schnittstellenoptionen l\u00e4sst es sich in verschiedene Test- und Entwicklungsumgebungen integrieren.<\/p>","protected":false},"excerpt":{"rendered":"<p>DC-Netzteil -60V-0V, 0-60V\/\u00b12,5 A\/150W; 2U Halb-Rack, (Standard LAN\/USB und USB-Anschluss an der Vorderseite)<\/p>","protected":false},"featured_media":12318,"comment_status":"closed","ping_status":"closed","template":"","meta":{"_acf_changed":false,"slim_seo":{"title":"IT6433 - YOTAVIS AG","description":"DC-Netzteil -60V-0V, 0-60V\/\u00b12,5 A\/150W; 2U Halb-Rack, (Standard LAN\/USB und USB-Anschluss an der Vorderseite)"}},"product_brand":[822],"product_cat":[516,515],"product_tag":[],"class_list":{"0":"post-10736","1":"product","2":"type-product","3":"status-publish","4":"has-post-thumbnail","6":"product_brand-itech","7":"product_cat-dc-source-en","8":"product_cat-power-en","9":"pa_current-a-2-5","10":"pa_output-number-146","11":"pa_power-w-391","12":"pa_remote-control-yes","13":"pa_voltage-v-314","15":"first","16":"instock","17":"taxable","18":"shipping-taxable","19":"product-type-simple"},"acf":[],"_links":{"self":[{"href":"https:\/\/yotavis.ch\/de\/wp-json\/wp\/v2\/product\/10736","targetHints":{"allow":["GET"]}}],"collection":[{"href":"https:\/\/yotavis.ch\/de\/wp-json\/wp\/v2\/product"}],"about":[{"href":"https:\/\/yotavis.ch\/de\/wp-json\/wp\/v2\/types\/product"}],"replies":[{"embeddable":true,"href":"https:\/\/yotavis.ch\/de\/wp-json\/wp\/v2\/comments?post=10736"}],"wp:featuredmedia":[{"embeddable":true,"href":"https:\/\/yotavis.ch\/de\/wp-json\/wp\/v2\/media\/12318"}],"wp:attachment":[{"href":"https:\/\/yotavis.ch\/de\/wp-json\/wp\/v2\/media?parent=10736"}],"wp:term":[{"taxonomy":"product_brand","embeddable":true,"href":"https:\/\/yotavis.ch\/de\/wp-json\/wp\/v2\/product_brand?post=10736"},{"taxonomy":"product_cat","embeddable":true,"href":"https:\/\/yotavis.ch\/de\/wp-json\/wp\/v2\/product_cat?post=10736"},{"taxonomy":"product_tag","embeddable":true,"href":"https:\/\/yotavis.ch\/de\/wp-json\/wp\/v2\/product_tag?post=10736"}],"curies":[{"name":"wp","href":"https:\/\/api.w.org\/{rel}","templated":true}]}}