{"id":10742,"date":"2025-10-09T00:00:00","date_gmt":"2025-10-08T22:00:00","guid":{"rendered":"https:\/\/yotavis.ch\/product\/it6513a\/"},"modified":"2026-04-24T13:44:38","modified_gmt":"2026-04-24T11:44:38","slug":"it6513a","status":"publish","type":"product","link":"https:\/\/yotavis.ch\/de\/produkt\/it6513a\/","title":{"rendered":"IT6513A"},"content":{"rendered":"<p>Das IT6513A ist ein Gleichstromnetzteil mit einer maximalen Ausgangsspannung von 150 Volt und einer Stromkapazit\u00e4t von 30 Ampere, das eine Gesamtleistung von 1200 Watt liefert. Es verf\u00fcgt \u00fcber einen einzigen Ausgangskanal und unterst\u00fctzt eine Fernsteuerungsfunktion, die einen bequemen Betrieb aus der Ferne erm\u00f6glicht. Das Ger\u00e4t hat einen 1U-Formfaktor und ist damit f\u00fcr die Standard-Rackmontage geeignet. Zu den Anschlussm\u00f6glichkeiten geh\u00f6ren RS232-, USB- und RS485-Schnittstellen, die vielseitige Kommunikationsmethoden f\u00fcr die Integration in verschiedene Systeme bieten. Dieses Netzteil wird von ITECH hergestellt, einer Marke, die f\u00fcr ihre elektronischen Pr\u00fcfger\u00e4te bekannt ist. Durch die Kombination seiner Spannungs-, Strom- und Leistungsspezifikationen ist es f\u00fcr Anwendungen geeignet, die eine stabile und einstellbare Gleichstromversorgung erfordern. Durch die Einbeziehung mehrerer Schnittstellenoptionen wird die Verwendbarkeit in automatisierten Testumgebungen und Fern\u00fcberwachungskonfigurationen verbessert.<\/p>","protected":false},"excerpt":{"rendered":"<p>DC-Netzteil 150V\/30A, 1200W ;1U (Standard RS232\/USB\/RS485)<\/p>","protected":false},"featured_media":11554,"comment_status":"closed","ping_status":"closed","template":"","meta":{"_acf_changed":false,"slim_seo":{"title":"IT6513A - YOTAVIS AG","description":"DC-Netzteil 150V\/30A, 1200W ;1U (Standard RS232\/USB\/RS485)"}},"product_brand":[822],"product_cat":[516,515],"product_tag":[],"class_list":{"0":"post-10742","1":"product","2":"type-product","3":"status-publish","4":"has-post-thumbnail","6":"product_brand-itech","7":"product_cat-dc-source-en","8":"product_cat-power-en","9":"pa_current-a-404","10":"pa_output-number-146","11":"pa_power-w-479","12":"pa_remote-control-yes","13":"pa_voltage-v-150","15":"first","16":"instock","17":"taxable","18":"shipping-taxable","19":"product-type-simple"},"acf":[],"_links":{"self":[{"href":"https:\/\/yotavis.ch\/de\/wp-json\/wp\/v2\/product\/10742","targetHints":{"allow":["GET"]}}],"collection":[{"href":"https:\/\/yotavis.ch\/de\/wp-json\/wp\/v2\/product"}],"about":[{"href":"https:\/\/yotavis.ch\/de\/wp-json\/wp\/v2\/types\/product"}],"replies":[{"embeddable":true,"href":"https:\/\/yotavis.ch\/de\/wp-json\/wp\/v2\/comments?post=10742"}],"wp:featuredmedia":[{"embeddable":true,"href":"https:\/\/yotavis.ch\/de\/wp-json\/wp\/v2\/media\/11554"}],"wp:attachment":[{"href":"https:\/\/yotavis.ch\/de\/wp-json\/wp\/v2\/media?parent=10742"}],"wp:term":[{"taxonomy":"product_brand","embeddable":true,"href":"https:\/\/yotavis.ch\/de\/wp-json\/wp\/v2\/product_brand?post=10742"},{"taxonomy":"product_cat","embeddable":true,"href":"https:\/\/yotavis.ch\/de\/wp-json\/wp\/v2\/product_cat?post=10742"},{"taxonomy":"product_tag","embeddable":true,"href":"https:\/\/yotavis.ch\/de\/wp-json\/wp\/v2\/product_tag?post=10742"}],"curies":[{"name":"wp","href":"https:\/\/api.w.org\/{rel}","templated":true}]}}