{"id":10745,"date":"2025-10-09T00:00:00","date_gmt":"2025-10-08T22:00:00","guid":{"rendered":"https:\/\/yotavis.ch\/product\/it6513-l\/"},"modified":"2026-04-24T13:44:40","modified_gmt":"2026-04-24T11:44:40","slug":"it6513-l","status":"publish","type":"product","link":"https:\/\/yotavis.ch\/de\/produkt\/it6513-l\/","title":{"rendered":"IT6513-L"},"content":{"rendered":"<p>Das IT6513-L ist ein Gleichstromnetzteil mit einer maximalen Ausgangsspannung von 150 Volt und einer Stromkapazit\u00e4t von 30 Ampere, das eine Gesamtausgangsleistung von 1200 Watt liefert. Es verf\u00fcgt \u00fcber einen einzigen Ausgangskanal und ist in einem 1U-Formfaktor ausgef\u00fchrt. Das Ger\u00e4t unterst\u00fctzt Fernsteuerungsfunktionen und erm\u00f6glicht den Betrieb \u00fcber Standardkommunikationsschnittstellen wie RS232, USB, RS485 und LAN. Diese Auswahl an Schnittstellen bietet Flexibilit\u00e4t f\u00fcr die Integration in verschiedene Pr\u00fcf- und Automatisierungsaufbauten. Das Netzger\u00e4t wird von ITECH hergestellt, einer Marke, die f\u00fcr ihre elektronischen Pr\u00fcfger\u00e4te bekannt ist. Die Kombination aus Spannungs-, Strom- und Leistungsspezifikationen macht es f\u00fcr Anwendungen geeignet, die eine stabile und einstellbare Gleichstromversorgung erfordern. Durch die Einbeziehung mehrerer Kommunikationsprotokolle wird die Verwendbarkeit in entfernten und automatisierten Umgebungen verbessert.<\/p>","protected":false},"excerpt":{"rendered":"<p>DC-Netzteil 150V\/30A, 1200W;1U (Standard RS232\/USB\/RS485\/LAN)<\/p>","protected":false},"featured_media":11554,"comment_status":"closed","ping_status":"closed","template":"","meta":{"_acf_changed":false,"slim_seo":{"title":"IT6513-L - YOTAVIS AG","description":"DC-Netzteil 150V\/30A, 1200W;1U (Standard RS232\/USB\/RS485\/LAN)"}},"product_brand":[822],"product_cat":[516,515],"product_tag":[],"class_list":{"0":"post-10745","1":"product","2":"type-product","3":"status-publish","4":"has-post-thumbnail","6":"product_brand-itech","7":"product_cat-dc-source-en","8":"product_cat-power-en","9":"pa_current-a-404","10":"pa_output-number-146","11":"pa_power-w-479","12":"pa_remote-control-yes","13":"pa_voltage-v-150","15":"first","16":"instock","17":"taxable","18":"shipping-taxable","19":"product-type-simple"},"acf":[],"_links":{"self":[{"href":"https:\/\/yotavis.ch\/de\/wp-json\/wp\/v2\/product\/10745","targetHints":{"allow":["GET"]}}],"collection":[{"href":"https:\/\/yotavis.ch\/de\/wp-json\/wp\/v2\/product"}],"about":[{"href":"https:\/\/yotavis.ch\/de\/wp-json\/wp\/v2\/types\/product"}],"replies":[{"embeddable":true,"href":"https:\/\/yotavis.ch\/de\/wp-json\/wp\/v2\/comments?post=10745"}],"wp:featuredmedia":[{"embeddable":true,"href":"https:\/\/yotavis.ch\/de\/wp-json\/wp\/v2\/media\/11554"}],"wp:attachment":[{"href":"https:\/\/yotavis.ch\/de\/wp-json\/wp\/v2\/media?parent=10745"}],"wp:term":[{"taxonomy":"product_brand","embeddable":true,"href":"https:\/\/yotavis.ch\/de\/wp-json\/wp\/v2\/product_brand?post=10745"},{"taxonomy":"product_cat","embeddable":true,"href":"https:\/\/yotavis.ch\/de\/wp-json\/wp\/v2\/product_cat?post=10745"},{"taxonomy":"product_tag","embeddable":true,"href":"https:\/\/yotavis.ch\/de\/wp-json\/wp\/v2\/product_tag?post=10745"}],"curies":[{"name":"wp","href":"https:\/\/api.w.org\/{rel}","templated":true}]}}