{"id":10747,"date":"2025-10-09T00:00:00","date_gmt":"2025-10-08T22:00:00","guid":{"rendered":"https:\/\/yotavis.ch\/product\/it6512d\/"},"modified":"2026-04-24T13:44:46","modified_gmt":"2026-04-24T11:44:46","slug":"it6512d","status":"publish","type":"product","link":"https:\/\/yotavis.ch\/de\/produkt\/it6512d\/","title":{"rendered":"IT6512D"},"content":{"rendered":"<p>Das ITECH IT6512D ist ein DC-Netzteil mit einer maximalen Ausgangsleistung von 1800 Watt. Es arbeitet mit einer Spannung von bis zu 80 Volt und kann einen Strom von bis zu 120 Ampere liefern. Dieses Modell verf\u00fcgt \u00fcber einen einzigen Ausgangskanal und eignet sich daher f\u00fcr Anwendungen, die eine stabile Gleichstromquelle mit hoher Stromst\u00e4rke erfordern. Das Ger\u00e4t ist in einem 2U-Formfaktor ausgef\u00fchrt, der Standard f\u00fcr rackmontierte Ger\u00e4te ist. Es unterst\u00fctzt eine Fernsteuerungsfunktion, die es dem Benutzer erm\u00f6glicht, das Netzger\u00e4t aus der Ferne zu bedienen. Das IT6512D ist mit mehreren Standardschnittstellen ausgestattet, darunter RS232, USB, LAN, CAN und Analog, die vielseitige Anschlussm\u00f6glichkeiten f\u00fcr die Integration in verschiedene Systeme bieten. Diese Kombination aus Leistung, Steuerung und Konnektivit\u00e4t macht das IT6512D zu einem flexiblen Werkzeug f\u00fcr Test- und Entwicklungsumgebungen.<\/p>","protected":false},"excerpt":{"rendered":"<p>DC PSU 80V\/120A, 1800W ;2U  (Standard RS232\/USB\/LAN\/CAN\/Analogue interface)<\/p>","protected":false},"featured_media":11561,"comment_status":"closed","ping_status":"closed","template":"","meta":{"_acf_changed":false,"slim_seo":{"title":"IT6512D - YOTAVIS AG","description":"DC-Netzteil 80V\/120A, 1800W ;2U (Standard RS232\/USB\/LAN\/CAN\/Analog-Schnittstelle)"}},"product_brand":[822],"product_cat":[516,515],"product_tag":[],"class_list":{"0":"post-10747","1":"product","2":"type-product","3":"status-publish","4":"has-post-thumbnail","6":"product_brand-itech","7":"product_cat-dc-source-en","8":"product_cat-power-en","9":"pa_current-a-559","10":"pa_output-number-146","11":"pa_power-w-963","12":"pa_remote-control-yes","13":"pa_voltage-v-155","15":"first","16":"instock","17":"taxable","18":"shipping-taxable","19":"product-type-simple"},"acf":[],"_links":{"self":[{"href":"https:\/\/yotavis.ch\/de\/wp-json\/wp\/v2\/product\/10747","targetHints":{"allow":["GET"]}}],"collection":[{"href":"https:\/\/yotavis.ch\/de\/wp-json\/wp\/v2\/product"}],"about":[{"href":"https:\/\/yotavis.ch\/de\/wp-json\/wp\/v2\/types\/product"}],"replies":[{"embeddable":true,"href":"https:\/\/yotavis.ch\/de\/wp-json\/wp\/v2\/comments?post=10747"}],"wp:featuredmedia":[{"embeddable":true,"href":"https:\/\/yotavis.ch\/de\/wp-json\/wp\/v2\/media\/11561"}],"wp:attachment":[{"href":"https:\/\/yotavis.ch\/de\/wp-json\/wp\/v2\/media?parent=10747"}],"wp:term":[{"taxonomy":"product_brand","embeddable":true,"href":"https:\/\/yotavis.ch\/de\/wp-json\/wp\/v2\/product_brand?post=10747"},{"taxonomy":"product_cat","embeddable":true,"href":"https:\/\/yotavis.ch\/de\/wp-json\/wp\/v2\/product_cat?post=10747"},{"taxonomy":"product_tag","embeddable":true,"href":"https:\/\/yotavis.ch\/de\/wp-json\/wp\/v2\/product_tag?post=10747"}],"curies":[{"name":"wp","href":"https:\/\/api.w.org\/{rel}","templated":true}]}}