{"id":10749,"date":"2025-10-09T00:00:00","date_gmt":"2025-10-08T22:00:00","guid":{"rendered":"https:\/\/yotavis.ch\/product\/it6513d\/"},"modified":"2026-04-24T13:44:47","modified_gmt":"2026-04-24T11:44:47","slug":"it6513d","status":"publish","type":"product","link":"https:\/\/yotavis.ch\/de\/produkt\/it6513d\/","title":{"rendered":"IT6513D"},"content":{"rendered":"<p>Das ITECH IT6513D ist ein Gleichstromnetzteil mit einer maximalen Ausgangsspannung von 200 Volt und einer Strombelastbarkeit von 60 Ampere, das eine Gesamtleistung von 1800 Watt liefert. Es verf\u00fcgt \u00fcber einen einzigen Ausgangskanal und unterst\u00fctzt eine Fernsteuerungsfunktion, die eine bequeme Bedienung aus der Ferne erm\u00f6glicht. Das Ger\u00e4t ist in einem 2U-Formfaktor konzipiert und verf\u00fcgt \u00fcber Standard-Kommunikationsschnittstellen wie RS232, USB, LAN, CAN und Analog, die vielseitige Anschlussm\u00f6glichkeiten bieten. Dieses Netzteil eignet sich f\u00fcr Anwendungen, die eine stabile und pr\u00e4zise DC-Stromversorgung erfordern. Sein Design unterst\u00fctzt die Integration in verschiedene Pr\u00fcf- und Messaufbauten, bei denen eine Fern\u00fcberwachung und -steuerung unerl\u00e4sslich ist. Die Kombination aus hohen Spannungs- und Stromwerten erm\u00f6glicht die Versorgung von anspruchsvollen elektronischen Ger\u00e4ten und Systemen.<\/p>","protected":false},"excerpt":{"rendered":"<p>DC PSU 200V\/60A, 1800W ;2U   (Standard RS232\/USB\/LAN\/CAN\/Analogue interface)<\/p>","protected":false},"featured_media":11561,"comment_status":"closed","ping_status":"closed","template":"","meta":{"_acf_changed":false,"slim_seo":{"title":"IT6513D - YOTAVIS AG","description":"DC-Netzteil 200V\/60A, 1800W ;2U (Standard RS232\/USB\/LAN\/CAN\/Analog-Schnittstelle)"}},"product_brand":[822],"product_cat":[516,515],"product_tag":[],"class_list":{"0":"post-10749","1":"product","2":"type-product","3":"status-publish","4":"has-post-thumbnail","6":"product_brand-itech","7":"product_cat-dc-source-en","8":"product_cat-power-en","9":"pa_current-a-406","10":"pa_output-number-146","11":"pa_power-w-963","12":"pa_remote-control-yes","13":"pa_voltage-v-150","15":"first","16":"instock","17":"taxable","18":"shipping-taxable","19":"product-type-simple"},"acf":[],"_links":{"self":[{"href":"https:\/\/yotavis.ch\/de\/wp-json\/wp\/v2\/product\/10749","targetHints":{"allow":["GET"]}}],"collection":[{"href":"https:\/\/yotavis.ch\/de\/wp-json\/wp\/v2\/product"}],"about":[{"href":"https:\/\/yotavis.ch\/de\/wp-json\/wp\/v2\/types\/product"}],"replies":[{"embeddable":true,"href":"https:\/\/yotavis.ch\/de\/wp-json\/wp\/v2\/comments?post=10749"}],"wp:featuredmedia":[{"embeddable":true,"href":"https:\/\/yotavis.ch\/de\/wp-json\/wp\/v2\/media\/11561"}],"wp:attachment":[{"href":"https:\/\/yotavis.ch\/de\/wp-json\/wp\/v2\/media?parent=10749"}],"wp:term":[{"taxonomy":"product_brand","embeddable":true,"href":"https:\/\/yotavis.ch\/de\/wp-json\/wp\/v2\/product_brand?post=10749"},{"taxonomy":"product_cat","embeddable":true,"href":"https:\/\/yotavis.ch\/de\/wp-json\/wp\/v2\/product_cat?post=10749"},{"taxonomy":"product_tag","embeddable":true,"href":"https:\/\/yotavis.ch\/de\/wp-json\/wp\/v2\/product_tag?post=10749"}],"curies":[{"name":"wp","href":"https:\/\/api.w.org\/{rel}","templated":true}]}}