{"id":10750,"date":"2025-10-09T00:00:00","date_gmt":"2025-10-08T22:00:00","guid":{"rendered":"https:\/\/yotavis.ch\/product\/it6514c\/"},"modified":"2026-04-24T13:44:47","modified_gmt":"2026-04-24T11:44:47","slug":"it6514c","status":"publish","type":"product","link":"https:\/\/yotavis.ch\/de\/produkt\/it6514c\/","title":{"rendered":"IT6514C"},"content":{"rendered":"<p>Das ITECH IT6514C ist ein Gleichstromnetzteil mit einer maximalen Ausgangsspannung von 360 Volt und einer Strombelastbarkeit von 30 Ampere, das eine Gesamtleistung von 1800 Watt liefert. Es verf\u00fcgt \u00fcber einen einzigen Ausgangskanal und ist in einem 2U-Formfaktor konzipiert. Das Ger\u00e4t unterst\u00fctzt Fernsteuerungsfunktionen und erm\u00f6glicht den Betrieb \u00fcber standardm\u00e4\u00dfige RS232-, USB-, LAN-, CAN- und Analogschnittstellen. Diese Bandbreite an Anschlussm\u00f6glichkeiten erleichtert die Integration in verschiedene Pr\u00fcf- und Automatisierungsumgebungen. Das Netzger\u00e4t eignet sich f\u00fcr Anwendungen, die eine stabile und pr\u00e4zise Gleichstromversorgung erfordern. Sein Design betont die Kompatibilit\u00e4t mit mehreren Kommunikationsprotokollen, was seine Vielseitigkeit in verschiedenen Setups erh\u00f6ht. Das IT6514C wurde entwickelt, um in anspruchsvollen elektrischen Pr\u00fcfszenarien zuverl\u00e4ssige Leistung zu bieten.<\/p>","protected":false},"excerpt":{"rendered":"<p>DC PSU 360V\/30A, 1800W ;2U   (Standard RS232\/USB\/LAN\/CAN\/Analogue interface)<\/p>","protected":false},"featured_media":11561,"comment_status":"closed","ping_status":"closed","template":"","meta":{"_acf_changed":false,"slim_seo":{"title":"IT6514C - YOTAVIS AG","description":"DC-Netzteil 360V\/30A, 1800W ;2U (Standard RS232\/USB\/LAN\/CAN\/Analog-Schnittstelle)"}},"product_brand":[822],"product_cat":[516,515],"product_tag":[],"class_list":{"0":"post-10750","1":"product","2":"type-product","3":"status-publish","4":"has-post-thumbnail","6":"product_brand-itech","7":"product_cat-dc-source-en","8":"product_cat-power-en","9":"pa_current-a-404","10":"pa_output-number-146","11":"pa_power-w-963","12":"pa_remote-control-yes","13":"pa_voltage-v-964","15":"first","16":"instock","17":"taxable","18":"shipping-taxable","19":"product-type-simple"},"acf":[],"_links":{"self":[{"href":"https:\/\/yotavis.ch\/de\/wp-json\/wp\/v2\/product\/10750","targetHints":{"allow":["GET"]}}],"collection":[{"href":"https:\/\/yotavis.ch\/de\/wp-json\/wp\/v2\/product"}],"about":[{"href":"https:\/\/yotavis.ch\/de\/wp-json\/wp\/v2\/types\/product"}],"replies":[{"embeddable":true,"href":"https:\/\/yotavis.ch\/de\/wp-json\/wp\/v2\/comments?post=10750"}],"wp:featuredmedia":[{"embeddable":true,"href":"https:\/\/yotavis.ch\/de\/wp-json\/wp\/v2\/media\/11561"}],"wp:attachment":[{"href":"https:\/\/yotavis.ch\/de\/wp-json\/wp\/v2\/media?parent=10750"}],"wp:term":[{"taxonomy":"product_brand","embeddable":true,"href":"https:\/\/yotavis.ch\/de\/wp-json\/wp\/v2\/product_brand?post=10750"},{"taxonomy":"product_cat","embeddable":true,"href":"https:\/\/yotavis.ch\/de\/wp-json\/wp\/v2\/product_cat?post=10750"},{"taxonomy":"product_tag","embeddable":true,"href":"https:\/\/yotavis.ch\/de\/wp-json\/wp\/v2\/product_tag?post=10750"}],"curies":[{"name":"wp","href":"https:\/\/api.w.org\/{rel}","templated":true}]}}