{"id":10753,"date":"2025-10-09T00:00:00","date_gmt":"2025-10-08T22:00:00","guid":{"rendered":"https:\/\/yotavis.ch\/product\/it6515d\/"},"modified":"2026-04-24T13:44:48","modified_gmt":"2026-04-24T11:44:48","slug":"it6515d","status":"publish","type":"product","link":"https:\/\/yotavis.ch\/de\/produkt\/it6515d\/","title":{"rendered":"IT6515D"},"content":{"rendered":"<p>Das ITECH IT6515D ist ein Gleichstromnetzteil mit einer maximalen Ausgangsspannung von 500 Volt und einer Stromkapazit\u00e4t von 20 Ampere, das eine Gesamtleistung von 1800 Watt liefert. Es verf\u00fcgt \u00fcber einen einzigen Ausgangskanal und unterst\u00fctzt eine Fernsteuerungsfunktion, die einen bequemen Betrieb aus der Ferne erm\u00f6glicht. Das Ger\u00e4t hat einen 2U-Formfaktor und eignet sich damit f\u00fcr den Einbau in Standard-Racks. Es verf\u00fcgt \u00fcber mehrere Standardschnittstellen wie RS232, USB, LAN, CAN und Analog und bietet damit vielseitige Anschlussm\u00f6glichkeiten f\u00fcr die Integration in verschiedene Steuerungssysteme. Dieses Netzger\u00e4t wurde entwickelt, um die Anforderungen von Anwendungen zu erf\u00fcllen, die eine stabile und pr\u00e4zise Gleichstromversorgung erfordern. Die umfassenden Schnittstellenoptionen erleichtern die Kommunikation und Steuerung und erh\u00f6hen die Anpassungsf\u00e4higkeit in unterschiedlichen Pr\u00fcf- und Betriebsumgebungen.<\/p>","protected":false},"excerpt":{"rendered":"<p>DC PSU 500V\/20A, 1800W ;2U   (Standard RS232\/USB\/LAN\/CAN\/Analogue interface)<\/p>","protected":false},"featured_media":11561,"comment_status":"closed","ping_status":"closed","template":"","meta":{"_acf_changed":false,"slim_seo":{"title":"IT6515D - YOTAVIS AG","description":"DC-Netzteil 500V\/20A, 1800W ;2U (Standard RS232\/USB\/LAN\/CAN\/Analog-Schnittstelle)"}},"product_brand":[822],"product_cat":[516,515],"product_tag":[],"class_list":{"0":"post-10753","1":"product","2":"type-product","3":"status-publish","4":"has-post-thumbnail","6":"product_brand-itech","7":"product_cat-dc-source-en","8":"product_cat-power-en","9":"pa_current-a-552","10":"pa_output-number-146","11":"pa_power-w-963","12":"pa_remote-control-yes","13":"pa_voltage-v-604","15":"first","16":"instock","17":"taxable","18":"shipping-taxable","19":"product-type-simple"},"acf":[],"_links":{"self":[{"href":"https:\/\/yotavis.ch\/de\/wp-json\/wp\/v2\/product\/10753","targetHints":{"allow":["GET"]}}],"collection":[{"href":"https:\/\/yotavis.ch\/de\/wp-json\/wp\/v2\/product"}],"about":[{"href":"https:\/\/yotavis.ch\/de\/wp-json\/wp\/v2\/types\/product"}],"replies":[{"embeddable":true,"href":"https:\/\/yotavis.ch\/de\/wp-json\/wp\/v2\/comments?post=10753"}],"wp:featuredmedia":[{"embeddable":true,"href":"https:\/\/yotavis.ch\/de\/wp-json\/wp\/v2\/media\/11561"}],"wp:attachment":[{"href":"https:\/\/yotavis.ch\/de\/wp-json\/wp\/v2\/media?parent=10753"}],"wp:term":[{"taxonomy":"product_brand","embeddable":true,"href":"https:\/\/yotavis.ch\/de\/wp-json\/wp\/v2\/product_brand?post=10753"},{"taxonomy":"product_cat","embeddable":true,"href":"https:\/\/yotavis.ch\/de\/wp-json\/wp\/v2\/product_cat?post=10753"},{"taxonomy":"product_tag","embeddable":true,"href":"https:\/\/yotavis.ch\/de\/wp-json\/wp\/v2\/product_tag?post=10753"}],"curies":[{"name":"wp","href":"https:\/\/api.w.org\/{rel}","templated":true}]}}