{"id":10759,"date":"2025-10-09T00:00:00","date_gmt":"2025-10-08T22:00:00","guid":{"rendered":"https:\/\/yotavis.ch\/product\/it6522d\/"},"modified":"2026-04-24T13:44:51","modified_gmt":"2026-04-24T11:44:51","slug":"it6522d","status":"publish","type":"product","link":"https:\/\/yotavis.ch\/de\/produkt\/it6522d\/","title":{"rendered":"IT6522D"},"content":{"rendered":"<p>Das ITECH IT6522D ist ein DC-Netzteil mit einer maximalen Ausgangsleistung von 3000 Watt. Es liefert eine Spannung von bis zu 80 Volt und einen Strom von bis zu 120 Ampere \u00fcber einen einzigen Ausgangskanal. Das Ger\u00e4t ist in einem 2U-Formfaktor ausgef\u00fchrt und unterst\u00fctzt Fernsteuerungsfunktionen. Es verf\u00fcgt \u00fcber Standard-Kommunikationsschnittstellen wie RS232, USB, LAN, CAN und analoge Anschl\u00fcsse, die eine vielseitige Integration und Steuerung erm\u00f6glichen. Dieses Netzteil eignet sich f\u00fcr Anwendungen, die einen stabilen und leistungsstarken Gleichstromausgang erfordern. Die Kombination aus Nennleistung und mehreren Schnittstellenoptionen macht es anpassungsf\u00e4hig f\u00fcr verschiedene Pr\u00fcf- und Betriebsumgebungen.<\/p>","protected":false},"excerpt":{"rendered":"<p>DC PSU 80V\/120A, 3000W ;2U   (Standard RS232\/USB\/LAN\/CAN\/Analogue interface)<\/p>","protected":false},"featured_media":11561,"comment_status":"closed","ping_status":"closed","template":"","meta":{"_acf_changed":false,"slim_seo":{"title":"IT6522D - YOTAVIS AG","description":"DC-Netzteil 80V\/120A, 3000W ;2U (Standard RS232\/USB\/LAN\/CAN\/Analog-Schnittstelle)"}},"product_brand":[822],"product_cat":[516,515],"product_tag":[],"class_list":{"0":"post-10759","1":"product","2":"type-product","3":"status-publish","4":"has-post-thumbnail","6":"product_brand-itech","7":"product_cat-dc-source-en","8":"product_cat-power-en","9":"pa_current-a-559","10":"pa_output-number-146","11":"pa_power-w-632","12":"pa_remote-control-yes","13":"pa_voltage-v-155","15":"first","16":"instock","17":"taxable","18":"shipping-taxable","19":"product-type-simple"},"acf":[],"_links":{"self":[{"href":"https:\/\/yotavis.ch\/de\/wp-json\/wp\/v2\/product\/10759","targetHints":{"allow":["GET"]}}],"collection":[{"href":"https:\/\/yotavis.ch\/de\/wp-json\/wp\/v2\/product"}],"about":[{"href":"https:\/\/yotavis.ch\/de\/wp-json\/wp\/v2\/types\/product"}],"replies":[{"embeddable":true,"href":"https:\/\/yotavis.ch\/de\/wp-json\/wp\/v2\/comments?post=10759"}],"wp:featuredmedia":[{"embeddable":true,"href":"https:\/\/yotavis.ch\/de\/wp-json\/wp\/v2\/media\/11561"}],"wp:attachment":[{"href":"https:\/\/yotavis.ch\/de\/wp-json\/wp\/v2\/media?parent=10759"}],"wp:term":[{"taxonomy":"product_brand","embeddable":true,"href":"https:\/\/yotavis.ch\/de\/wp-json\/wp\/v2\/product_brand?post=10759"},{"taxonomy":"product_cat","embeddable":true,"href":"https:\/\/yotavis.ch\/de\/wp-json\/wp\/v2\/product_cat?post=10759"},{"taxonomy":"product_tag","embeddable":true,"href":"https:\/\/yotavis.ch\/de\/wp-json\/wp\/v2\/product_tag?post=10759"}],"curies":[{"name":"wp","href":"https:\/\/api.w.org\/{rel}","templated":true}]}}