{"id":10762,"date":"2025-10-09T00:00:00","date_gmt":"2025-10-08T22:00:00","guid":{"rendered":"https:\/\/yotavis.ch\/product\/it6524c\/"},"modified":"2026-04-24T13:44:52","modified_gmt":"2026-04-24T11:44:52","slug":"it6524c","status":"publish","type":"product","link":"https:\/\/yotavis.ch\/de\/produkt\/it6524c\/","title":{"rendered":"IT6524C"},"content":{"rendered":"<p>Das ITECH IT6524C ist ein Gleichstromnetzteil mit einer maximalen Ausgangsleistung von 360 Volt und 30 Ampere, das eine Gesamtleistung von 3000 Watt liefert. Dieses Ger\u00e4t im 2U-Format verf\u00fcgt \u00fcber einen einzigen Ausgangskanal und eignet sich daher f\u00fcr Anwendungen, die eine stabile und zuverl\u00e4ssige Gleichstromquelle erfordern. Es unterst\u00fctzt die Fernbedienungsfunktion, so dass der Benutzer das Ger\u00e4t bequem und flexibel aus der Ferne bedienen kann. Das Netzteil ist mit Standard-Kommunikationsschnittstellen wie RS232, USB, LAN, CAN und Analog ausgestattet, die eine einfache Integration in verschiedene Steuerungssysteme und einen effizienten Datenaustausch erm\u00f6glichen. Das robuste Design und die umfassenden Schnittstellenoptionen machen es anpassungsf\u00e4hig an verschiedene Pr\u00fcf- und Betriebsumgebungen, in denen eine pr\u00e4zise Stromversorgung unerl\u00e4sslich ist. Die Kombination aus hohen Spannungs-, Strom- und Leistungswerten stellt sicher, dass der IT6524C anspruchsvolle Anforderungen in Industrie-, Labor- oder Produktionsumgebungen erf\u00fcllen kann.<\/p>","protected":false},"excerpt":{"rendered":"<p>DC PSU 360V\/30A, 3000W ;2U   (Standard RS232\/USB\/LAN\/CAN\/Analogue interface)<\/p>","protected":false},"featured_media":11561,"comment_status":"closed","ping_status":"closed","template":"","meta":{"_acf_changed":false,"slim_seo":{"title":"IT6524C - YOTAVIS AG","description":"DC-Netzteil 360V\/30A, 3000W ;2U (Standard RS232\/USB\/LAN\/CAN\/Analog-Schnittstelle)"}},"product_brand":[822],"product_cat":[516,515],"product_tag":[],"class_list":{"0":"post-10762","1":"product","2":"type-product","3":"status-publish","4":"has-post-thumbnail","6":"product_brand-itech","7":"product_cat-dc-source-en","8":"product_cat-power-en","9":"pa_current-a-404","10":"pa_output-number-146","11":"pa_power-w-632","12":"pa_remote-control-yes","13":"pa_voltage-v-964","15":"first","16":"instock","17":"taxable","18":"shipping-taxable","19":"product-type-simple"},"acf":[],"_links":{"self":[{"href":"https:\/\/yotavis.ch\/de\/wp-json\/wp\/v2\/product\/10762","targetHints":{"allow":["GET"]}}],"collection":[{"href":"https:\/\/yotavis.ch\/de\/wp-json\/wp\/v2\/product"}],"about":[{"href":"https:\/\/yotavis.ch\/de\/wp-json\/wp\/v2\/types\/product"}],"replies":[{"embeddable":true,"href":"https:\/\/yotavis.ch\/de\/wp-json\/wp\/v2\/comments?post=10762"}],"wp:featuredmedia":[{"embeddable":true,"href":"https:\/\/yotavis.ch\/de\/wp-json\/wp\/v2\/media\/11561"}],"wp:attachment":[{"href":"https:\/\/yotavis.ch\/de\/wp-json\/wp\/v2\/media?parent=10762"}],"wp:term":[{"taxonomy":"product_brand","embeddable":true,"href":"https:\/\/yotavis.ch\/de\/wp-json\/wp\/v2\/product_brand?post=10762"},{"taxonomy":"product_cat","embeddable":true,"href":"https:\/\/yotavis.ch\/de\/wp-json\/wp\/v2\/product_cat?post=10762"},{"taxonomy":"product_tag","embeddable":true,"href":"https:\/\/yotavis.ch\/de\/wp-json\/wp\/v2\/product_tag?post=10762"}],"curies":[{"name":"wp","href":"https:\/\/api.w.org\/{rel}","templated":true}]}}