{"id":10763,"date":"2025-10-09T00:00:00","date_gmt":"2025-10-08T22:00:00","guid":{"rendered":"https:\/\/yotavis.ch\/product\/it6524d\/"},"modified":"2026-04-24T13:44:52","modified_gmt":"2026-04-24T11:44:52","slug":"it6524d","status":"publish","type":"product","link":"https:\/\/yotavis.ch\/de\/produkt\/it6524d\/","title":{"rendered":"IT6524D"},"content":{"rendered":"<p>Das ITECH IT6524D ist ein Gleichstromnetzteil mit einer maximalen Ausgangsspannung von 360 Volt und einer Strombelastbarkeit von 30 Ampere, das eine Gesamtleistung von 3000 Watt liefert. Es verf\u00fcgt \u00fcber einen einzigen Ausgangskanal und ist in einem 2U-Formfaktor konzipiert. Dieses Netzteil unterst\u00fctzt die Fernsteuerungsfunktionalit\u00e4t und erm\u00f6glicht so den Betrieb und die \u00dcberwachung aus der Ferne. Das Ger\u00e4t verf\u00fcgt \u00fcber Standard-Kommunikationsschnittstellen wie RS232, USB, LAN, CAN und Analog, die vielseitige Anschlussm\u00f6glichkeiten f\u00fcr die Integration in verschiedene Systeme bieten. Dank seines robusten Designs und der zahlreichen Schnittstellenoptionen eignet sich das Ger\u00e4t f\u00fcr Anwendungen, die eine pr\u00e4zise und zuverl\u00e4ssige DC-Stromversorgung erfordern. Die Kombination aus hohen Spannungs-, Strom- und Leistungswerten stellt sicher, dass das Ger\u00e4t anspruchsvolle elektrische Lasten bei gleichbleibender Leistung bew\u00e4ltigen kann.<\/p>","protected":false},"excerpt":{"rendered":"<p>DC PSU 360V\/30A, 3000W ;2U  (Standard RS232\/USB\/LAN\/CAN\/Analogue interface)<\/p>","protected":false},"featured_media":11561,"comment_status":"closed","ping_status":"closed","template":"","meta":{"_acf_changed":false,"slim_seo":{"title":"IT6524D - YOTAVIS AG","description":"DC-Netzteil 360V\/30A, 3000W ;2U (Standard RS232\/USB\/LAN\/CAN\/Analog-Schnittstelle)"}},"product_brand":[822],"product_cat":[516,515],"product_tag":[],"class_list":{"0":"post-10763","1":"product","2":"type-product","3":"status-publish","4":"has-post-thumbnail","6":"product_brand-itech","7":"product_cat-dc-source-en","8":"product_cat-power-en","9":"pa_current-a-404","10":"pa_output-number-146","11":"pa_power-w-632","12":"pa_remote-control-yes","13":"pa_voltage-v-964","15":"first","16":"instock","17":"taxable","18":"shipping-taxable","19":"product-type-simple"},"acf":[],"_links":{"self":[{"href":"https:\/\/yotavis.ch\/de\/wp-json\/wp\/v2\/product\/10763","targetHints":{"allow":["GET"]}}],"collection":[{"href":"https:\/\/yotavis.ch\/de\/wp-json\/wp\/v2\/product"}],"about":[{"href":"https:\/\/yotavis.ch\/de\/wp-json\/wp\/v2\/types\/product"}],"replies":[{"embeddable":true,"href":"https:\/\/yotavis.ch\/de\/wp-json\/wp\/v2\/comments?post=10763"}],"wp:featuredmedia":[{"embeddable":true,"href":"https:\/\/yotavis.ch\/de\/wp-json\/wp\/v2\/media\/11561"}],"wp:attachment":[{"href":"https:\/\/yotavis.ch\/de\/wp-json\/wp\/v2\/media?parent=10763"}],"wp:term":[{"taxonomy":"product_brand","embeddable":true,"href":"https:\/\/yotavis.ch\/de\/wp-json\/wp\/v2\/product_brand?post=10763"},{"taxonomy":"product_cat","embeddable":true,"href":"https:\/\/yotavis.ch\/de\/wp-json\/wp\/v2\/product_cat?post=10763"},{"taxonomy":"product_tag","embeddable":true,"href":"https:\/\/yotavis.ch\/de\/wp-json\/wp\/v2\/product_tag?post=10763"}],"curies":[{"name":"wp","href":"https:\/\/api.w.org\/{rel}","templated":true}]}}